{"id":62140,"date":"2024-05-14T13:37:58","date_gmt":"2024-05-14T11:37:58","guid":{"rendered":"https:\/\/fvz.upr.si\/?page_id=62140"},"modified":"2024-05-17T13:48:54","modified_gmt":"2024-05-17T11:48:54","slug":"kinesiology","status":"publish","type":"page","link":"https:\/\/fvz.upr.si\/en\/kinesiology\/","title":{"rendered":"Kinesiology"},"content":{"rendered":"<p>[et_pb_section fb_built=&#8221;1&#8243; _builder_version=&#8221;4.24.0&#8243; background_enable_color=&#8221;off&#8221; background_image=&#8221;https:\/\/fvz.upr.si\/wp-content\/uploads\/2024\/01\/FVZ-2022-196-scaled.jpg&#8221; background_position=&#8221;bottom_center&#8221; background_vertical_offset=&#8221;16%&#8221; height=&#8221;330px&#8221; animation_style=&#8221;fade&#8221; custom_css_main_element=&#8221;padding-top: 0;||padding-bottom: 0;&#8221; saved_tabs=&#8221;all&#8221; global_colors_info=&#8221;{}&#8221;][et_pb_row _builder_version=&#8221;4.16&#8243; height=&#8221;100%&#8221; custom_css_main_element=&#8221;position: relative;||padding-top: 0;||padding-bottom: 0;&#8221; global_colors_info=&#8221;{}&#8221;][et_pb_column type=&#8221;4_4&#8243; _builder_version=&#8221;4.16&#8243; custom_css_main_element=&#8221;height: 100%;&#8221; global_colors_info=&#8221;{}&#8221;][et_pb_text _builder_version=&#8221;4.16&#8243; _dynamic_attributes=&#8221;content&#8221; text_font=&#8221;Fira Sans|||on|||||&#8221; text_text_color=&#8221;#ffffff&#8221; text_font_size=&#8221;20px&#8221; custom_css_main_element=&#8221;background-color: #bf2f1a;||display: inline-block;||position: absolute;||bottom: 0;||padding: 16px;&#8221; border_width_all=&#8221;2px&#8221; border_color_all=&#8221;#821f22&#8243; border_width_bottom=&#8221;0px&#8221; global_colors_info=&#8221;{}&#8221;]@ET-DC@eyJkeW5hbWljIjp0cnVlLCJjb250ZW50IjoicG9zdF90aXRsZSIsInNldHRpbmdzIjp7ImJlZm9yZSI6IiIsImFmdGVyIjoiIn19@[\/et_pb_text][\/et_pb_column][\/et_pb_row][\/et_pb_section][et_pb_section fb_built=&#8221;1&#8243; custom_padding_last_edited=&#8221;on|tablet&#8221; _builder_version=&#8221;4.16&#8243; background_color=&#8221;#f1f0ee&#8221; custom_padding=&#8221;60px||60px||false|false&#8221; custom_padding_tablet=&#8221;30px||30px||false|false&#8221; custom_padding_phone=&#8221;&#8221; animation_style=&#8221;fade&#8221; z_index_tablet=&#8221;500&#8243; box_shadow_horizontal_tablet=&#8221;0px&#8221; box_shadow_vertical_tablet=&#8221;0px&#8221; box_shadow_blur_tablet=&#8221;40px&#8221; box_shadow_spread_tablet=&#8221;0px&#8221; global_colors_info=&#8221;{}&#8221;][et_pb_row module_class=&#8221;fvz-content-info-wrapper&#8221; _builder_version=&#8221;4.16&#8243; custom_margin=&#8221;|auto|32px|auto|false|false&#8221; custom_margin_tablet=&#8221;||0px||false|false&#8221; custom_margin_phone=&#8221;&#8221; custom_margin_last_edited=&#8221;on|tablet&#8221; global_colors_info=&#8221;{}&#8221;][et_pb_column type=&#8221;4_4&#8243; _builder_version=&#8221;4.16&#8243; global_colors_info=&#8221;{}&#8221;][et_pb_text _builder_version=&#8221;4.25.0&#8243; _module_preset=&#8221;default&#8221; hover_enabled=&#8221;0&#8243; global_colors_info=&#8221;{}&#8221; sticky_enabled=&#8221;0&#8243;]<\/p>\n<p>Research in Kinesiology focuses on optimizing sport performance through applied projects. We study various approaches to enhance performance and ensure safety for both elite and recreational athletes. Additionally, we investigate the impact of physical activity on the health of different age groups. Our research also includes ergonomics, aiming to improve human well-being and health in both working and living environments. Moreover, a significant portion of our work is devoted to methodological research, which includes investigations of the validity, reproducibility, and applicability of various tests, measurement procedures, and methods used in kinesiological research and practice.<\/p>\n<p>[\/et_pb_text][et_pb_toggle title=&#8221;The main areas of research&#8221; _builder_version=&#8221;4.25.0&#8243; _module_preset=&#8221;default&#8221; hover_enabled=&#8221;0&#8243; global_colors_info=&#8221;{}&#8221; sticky_enabled=&#8221;0&#8243;]<\/p>\n<p><strong>In recent years, our research and projects have been primarily focused on:<\/strong><\/p>\n<ul>\n<li>Studying asymmetries in different contexts (sport, injury prevention)<\/li>\n<li>Monitoring 24-hour behaviour (sleep, physical activity and sedentary behaviour)<\/li>\n<li>Advanced biomechanical analyses of human movement and motor skills<\/li>\n<li>Adaptation of school and office furniture to pupils and students\/workers<\/li>\n<li>Assessment, prevention and treatment of chronic pain (with a particular focus on low back pain)<\/li>\n<li>Assessment of muscle properties by ultrasound (ultrasound elastography, measurement of muscle architecture)<\/li>\n<li>Investigating the validity of affordable methods to measure motor skills (e.g. hand-held dynamometers to measure muscle strength)<\/li>\n<\/ul>\n<p>[\/et_pb_toggle][\/et_pb_column][\/et_pb_row][et_pb_row module_class=&#8221;fvz-content-info-wrapper&#8221; _builder_version=&#8221;4.16&#8243; custom_margin=&#8221;|auto|32px|auto|false|false&#8221; custom_margin_tablet=&#8221;||0px||false|false&#8221; custom_margin_phone=&#8221;&#8221; custom_margin_last_edited=&#8221;on|tablet&#8221; global_colors_info=&#8221;{}&#8221;][et_pb_column type=&#8221;4_4&#8243; _builder_version=&#8221;4.16&#8243; global_colors_info=&#8221;{}&#8221;][et_pb_toggle title=&#8221;Department members&#8221; _builder_version=&#8221;4.25.0&#8243; _module_preset=&#8221;default&#8221; hover_enabled=&#8221;0&#8243; global_colors_info=&#8221;{}&#8221; sticky_enabled=&#8221;0&#8243;]<\/p>\n<ul>\n<li>Assist. Prof. Matej Plevnik (<a href=\"https:\/\/cris.cobiss.net\/ecris\/si\/sl\/researcher\/34898\">SICRIS<\/a>, <a href=\"https:\/\/www.researchgate.net\/profile\/Matej-Plevnik\">ResearchGate<\/a>)<\/li>\n<li>dr. Matev\u017e Ar\u010don (<a href=\"https:\/\/cris.cobiss.net\/ecris\/si\/sl\/researcher\/55536\">SICRIS<\/a>)<\/li>\n<li>asist. Nu\u0161a Babnik (<a href=\"https:\/\/cris.cobiss.net\/ecris\/si\/sl\/researcher\/55775\">SICRIS<\/a>)<\/li>\n<li>asist. Oskar Cvjeti\u010danin (<a href=\"https:\/\/cris.cobiss.net\/ecris\/si\/sl\/researcher\/54913\">SICRIS<\/a>)<\/li>\n<li>Assist. Prof. Ur\u0161ka \u010cekli\u0107 (<a href=\"https:\/\/cris.cobiss.net\/ecris\/si\/sl\/researcher\/39203\">SICRIS<\/a>, <a href=\"https:\/\/www.researchgate.net\/profile\/Urska_Ceklic\">ResearchGate<\/a>)<\/li>\n<li>dr. Marina Dobnik (<a href=\"https:\/\/cris.cobiss.net\/ecris\/si\/sl\/researcher\/50222\">SICRIS<\/a>, <a href=\"https:\/\/www.researchgate.net\/profile\/Marina-Dobnik\">ResearchGate<\/a>)<\/li>\n<li>dr. Marc Elmeua Gonz\u00e1lez (<a href=\"https:\/\/cris.cobiss.net\/ecris\/si\/sl\/researcher\/55853\">SICRIS<\/a>, <a href=\"https:\/\/www.researchgate.net\/profile\/Marc-Elmeua\">ResearchGate<\/a>)<\/li>\n<li>Assist. Prof. Milan Hosta (<a href=\"https:\/\/cris.cobiss.net\/ecris\/si\/sl\/researcher\/15785\">SICRIS<\/a>, <a href=\"https:\/\/www.researchgate.net\/profile\/Milan-Hosta\">ResearchGate<\/a>)<\/li>\n<li>dr. Barbara Jur\u0161a Potocco (<a href=\"https:\/\/cris.cobiss.net\/ecris\/si\/sl\/researcher\/52284\">SICRIS<\/a>)<\/li>\n<li>Assoc. Prof. Sa\u0161a Kenig (<a href=\"https:\/\/cris.cobiss.net\/ecris\/si\/sl\/researcher\/18906\">SICRIS<\/a>, <a href=\"https:\/\/www.researchgate.net\/profile\/Sasa-Kenig\">ResearchGate<\/a>)<\/li>\n<li>asist. Irena Kleibencetl (<a href=\"https:\/\/cris.cobiss.net\/ecris\/si\/sl\/researcher\/50188\">SICRIS<\/a>, <a href=\"https:\/\/www.researchgate.net\/profile\/Irena-Kleibencetl\">ResearchGate<\/a>)<\/li>\n<li>Assist. Prof. \u017diga Kozinc (<a href=\"https:\/\/cris.cobiss.net\/ecris\/si\/sl\/researcher\/47889\">SICRIS<\/a>, <a href=\"https:\/\/www.researchgate.net\/profile\/Ziga-Kozinc\">ResearchGate<\/a>)<\/li>\n<li>asist. Jan Maru\u0161i\u010d (<a href=\"https:\/\/cris.cobiss.net\/ecris\/si\/sl\/researcher\/48778\">SICRIS<\/a>)<\/li>\n<li>Assoc. Prof. Nina Mohorko (<a href=\"https:\/\/cris.cobiss.net\/ecris\/si\/sl\/researcher\/18809\">SICRIS<\/a>, <a href=\"https:\/\/www.researchgate.net\/profile\/Nina-Mohorko\">ResearchGate<\/a>)<\/li>\n<li>Mladen Raili\u0107<\/li>\n<li>Assist. Prof. Jernej Ro\u0161ker (<a href=\"https:\/\/cris.cobiss.net\/ecris\/si\/sl\/researcher\/36587\">SICRIS<\/a>, <a href=\"https:\/\/www.researchgate.net\/profile\/Jernej-Rosker\">ResearchGate<\/a>)<\/li>\n<li>asist. Matic Sa\u0161ek (<a href=\"https:\/\/cris.cobiss.net\/ecris\/si\/sl\/researcher\/51546\">SICRIS<\/a>, <a href=\"https:\/\/www.researchgate.net\/profile\/Matic-Sasek-2\">ResearchGate<\/a>)<\/li>\n<li>Assist. Prof. Darjan Smajla (<a href=\"https:\/\/cris.cobiss.net\/ecris\/si\/sl\/researcher\/44045\">SICRIS<\/a>, <a href=\"https:\/\/www.researchgate.net\/profile\/Darjan-Smajla\">ResearchGate<\/a>)<\/li>\n<li>Assoc. Prof. Klemen \u0160irok (<a href=\"https:\/\/cris.cobiss.net\/ecris\/si\/sl\/researcher\/31304\">SICRIS<\/a>, <a href=\"https:\/\/www.researchgate.net\/profile\/Klemen-Sirok\">ResearchGate<\/a>)<\/li>\n<li>Assoc. Prof. Dorjana Zerbo \u0160porin (<a href=\"https:\/\/cris.cobiss.net\/ecris\/si\/sl\/researcher\/8908\">SICRIS<\/a>, <a href=\"https:\/\/www.researchgate.net\/profile\/Dorjana-Zerbo-Sporin\">ResearchGate<\/a>)<\/li>\n<li>asist. Jure \u017ditnik (<a href=\"https:\/\/cris.cobiss.net\/ecris\/si\/sl\/researcher\/50354\">SICRIS<\/a>)<\/li>\n<\/ul>\n<p>[\/et_pb_toggle][\/et_pb_column][\/et_pb_row][et_pb_row column_structure=&#8221;1_3,1_3,1_3&#8243; module_class=&#8221;fvz-content-info-wrapper&#8221; _builder_version=&#8221;4.16&#8243; custom_margin=&#8221;|auto|32px|auto|false|false&#8221; custom_margin_tablet=&#8221;||0px||false|false&#8221; custom_margin_phone=&#8221;&#8221; custom_margin_last_edited=&#8221;on|tablet&#8221; global_colors_info=&#8221;{}&#8221;][et_pb_column type=&#8221;1_3&#8243; _builder_version=&#8221;4.16&#8243; global_colors_info=&#8221;{}&#8221;][et_pb_video src=&#8221;https:\/\/www.youtube.com\/watch?v=K3b-_TmEZko&#038;list=PL4E9jUOMQANe1jq5JKSzpoM0B6Wr4j2TF&#038;index=7&#8243; _builder_version=&#8221;4.24.0&#8243; _module_preset=&#8221;default&#8221; global_colors_info=&#8221;{}&#8221;][\/et_pb_video][\/et_pb_column][et_pb_column type=&#8221;1_3&#8243; _builder_version=&#8221;4.16&#8243; global_colors_info=&#8221;{}&#8221;][et_pb_image src=&#8221;https:\/\/fvz.upr.si\/wp-content\/uploads\/2024\/01\/FVZ-2022-243-scaled.jpg&#8221; title_text=&#8221;FVZ 2022&#8243; _builder_version=&#8221;4.24.0&#8243; _module_preset=&#8221;default&#8221; global_colors_info=&#8221;{}&#8221;][\/et_pb_image][\/et_pb_column][et_pb_column type=&#8221;1_3&#8243; _builder_version=&#8221;4.16&#8243; global_colors_info=&#8221;{}&#8221;][et_pb_video src=&#8221;https:\/\/www.youtube.com\/watch?v=8dApnBt4xQk&#038;list=PL4E9jUOMQANe1jq5JKSzpoM0B6Wr4j2TF&#038;index=6&#8243; _builder_version=&#8221;4.24.0&#8243; _module_preset=&#8221;default&#8221; global_colors_info=&#8221;{}&#8221;][\/et_pb_video][\/et_pb_column][\/et_pb_row][et_pb_row column_structure=&#8221;1_3,1_3,1_3&#8243; _builder_version=&#8221;4.23.4&#8243; custom_margin=&#8221;30px||30px||true|false&#8221; locked=&#8221;off&#8221; global_colors_info=&#8221;{}&#8221;][et_pb_column type=&#8221;1_3&#8243; _builder_version=&#8221;4.23.4&#8243; global_colors_info=&#8221;{}&#8221;][et_pb_button button_url=&#8221;https:\/\/fvz.upr.si\/en\/research-activities\/&#8221; button_text=&#8221;Research Activities&#8221; button_alignment=&#8221;center&#8221; _builder_version=&#8221;4.25.0&#8243; hover_enabled=&#8221;0&#8243; global_colors_info=&#8221;{}&#8221; sticky_enabled=&#8221;0&#8243;][\/et_pb_button][\/et_pb_column][et_pb_column type=&#8221;1_3&#8243; _builder_version=&#8221;4.16&#8243; global_colors_info=&#8221;{}&#8221;][et_pb_button button_url=&#8221;https:\/\/fvz.upr.si\/en\/research-equipment-2\/&#8221; button_text=&#8221;Research Equipment&#8221; button_alignment=&#8221;center&#8221; _builder_version=&#8221;4.25.0&#8243; hover_enabled=&#8221;0&#8243; global_colors_info=&#8221;{}&#8221; sticky_enabled=&#8221;0&#8243;][\/et_pb_button][\/et_pb_column][et_pb_column type=&#8221;1_3&#8243; _builder_version=&#8221;4.16&#8243; global_colors_info=&#8221;{}&#8221;][et_pb_button button_url=&#8221;https:\/\/fvz.upr.si\/en\/major-publications\/&#8221; button_text=&#8221;Major publications&#8221; button_alignment=&#8221;center&#8221; _builder_version=&#8221;4.25.0&#8243; hover_enabled=&#8221;0&#8243; global_colors_info=&#8221;{}&#8221; sticky_enabled=&#8221;0&#8243;][\/et_pb_button][\/et_pb_column][\/et_pb_row][\/et_pb_section]<\/p>\n","protected":false},"excerpt":{"rendered":"<p>Research in Kinesiology focuses on optimizing sport performance through applied projects. We study various approaches to enhance performance and ensure safety for both elite and recreational athletes. Additionally, we investigate [&hellip;]<\/p>\n","protected":false},"author":12,"featured_media":56803,"parent":0,"menu_order":0,"comment_status":"closed","ping_status":"closed","template":"","meta":{"_et_pb_use_builder":"on","_et_pb_old_content":"","_et_gb_content_width":"","_price":"","_stock":"","_tribe_ticket_header":"","_tribe_default_ticket_provider":"","_tribe_ticket_capacity":"0","_ticket_start_date":"","_ticket_end_date":"","_tribe_ticket_show_description":"","_tribe_ticket_show_not_going":false,"_tribe_ticket_use_global_stock":"","_tribe_ticket_global_stock_level":"","_global_stock_mode":"","_global_stock_cap":"","_tribe_rsvp_for_event":"","_tribe_ticket_going_count":"","_tribe_ticket_not_going_count":"","_tribe_tickets_list":"[]","_tribe_ticket_has_attendee_info_fields":false,"footnotes":"","_tec_slr_enabled":"","_tec_slr_layout":""},"class_list":["post-62140","page","type-page","status-publish","has-post-thumbnail","hentry"],"yoast_head":"<!-- This site is optimized with the Yoast SEO plugin v27.4 - https:\/\/yoast.com\/product\/yoast-seo-wordpress\/ -->\n<title>Kinesiology - Fakulteta za vede o zdravju<\/title>\n<meta name=\"robots\" content=\"index, follow, max-snippet:-1, max-image-preview:large, max-video-preview:-1\" \/>\n<link rel=\"canonical\" href=\"https:\/\/fvz.upr.si\/en\/kinesiology\/\" \/>\n<meta property=\"og:locale\" content=\"en_US\" \/>\n<meta property=\"og:type\" content=\"article\" \/>\n<meta property=\"og:title\" content=\"Kinesiology - Fakulteta za vede o zdravju\" \/>\n<meta property=\"og:description\" content=\"Research in Kinesiology focuses on optimizing sport performance through applied projects. We study various approaches to enhance performance and ensure safety for both elite and recreational athletes. Additionally, we investigate [&hellip;]\" \/>\n<meta property=\"og:url\" content=\"https:\/\/fvz.upr.si\/en\/kinesiology\/\" \/>\n<meta property=\"og:site_name\" content=\"Fakulteta za vede o zdravju\" \/>\n<meta property=\"article:modified_time\" content=\"2024-05-17T11:48:54+00:00\" \/>\n<meta property=\"og:image\" content=\"https:\/\/fvz.upr.si\/wp-content\/uploads\/2024\/01\/IMG_3628-scaled.jpg\" \/>\n\t<meta property=\"og:image:width\" content=\"3000\" \/>\n\t<meta property=\"og:image:height\" content=\"2000\" \/>\n\t<meta property=\"og:image:type\" content=\"image\/jpeg\" \/>\n<meta name=\"twitter:card\" content=\"summary_large_image\" \/>\n<meta name=\"twitter:label1\" content=\"Est. reading time\" \/>\n\t<meta name=\"twitter:data1\" content=\"1 minute\" \/>\n<script type=\"application\/ld+json\" class=\"yoast-schema-graph\">{\"@context\":\"https:\\\/\\\/schema.org\",\"@graph\":[{\"@type\":\"WebPage\",\"@id\":\"https:\\\/\\\/fvz.upr.si\\\/en\\\/kinesiology\\\/\",\"url\":\"https:\\\/\\\/fvz.upr.si\\\/en\\\/kinesiology\\\/\",\"name\":\"Kinesiology - Fakulteta za vede o zdravju\",\"isPartOf\":{\"@id\":\"https:\\\/\\\/fvz.upr.si\\\/#website\"},\"primaryImageOfPage\":{\"@id\":\"https:\\\/\\\/fvz.upr.si\\\/en\\\/kinesiology\\\/#primaryimage\"},\"image\":{\"@id\":\"https:\\\/\\\/fvz.upr.si\\\/en\\\/kinesiology\\\/#primaryimage\"},\"thumbnailUrl\":\"https:\\\/\\\/fvz.upr.si\\\/wp-content\\\/uploads\\\/2024\\\/01\\\/IMG_3628-scaled.jpg\",\"datePublished\":\"2024-05-14T11:37:58+00:00\",\"dateModified\":\"2024-05-17T11:48:54+00:00\",\"breadcrumb\":{\"@id\":\"https:\\\/\\\/fvz.upr.si\\\/en\\\/kinesiology\\\/#breadcrumb\"},\"inLanguage\":\"en-US\",\"potentialAction\":[{\"@type\":\"ReadAction\",\"target\":[\"https:\\\/\\\/fvz.upr.si\\\/en\\\/kinesiology\\\/\"]}]},{\"@type\":\"ImageObject\",\"inLanguage\":\"en-US\",\"@id\":\"https:\\\/\\\/fvz.upr.si\\\/en\\\/kinesiology\\\/#primaryimage\",\"url\":\"https:\\\/\\\/fvz.upr.si\\\/wp-content\\\/uploads\\\/2024\\\/01\\\/IMG_3628-scaled.jpg\",\"contentUrl\":\"https:\\\/\\\/fvz.upr.si\\\/wp-content\\\/uploads\\\/2024\\\/01\\\/IMG_3628-scaled.jpg\",\"width\":3000,\"height\":2000},{\"@type\":\"BreadcrumbList\",\"@id\":\"https:\\\/\\\/fvz.upr.si\\\/en\\\/kinesiology\\\/#breadcrumb\",\"itemListElement\":[{\"@type\":\"ListItem\",\"position\":1,\"name\":\"Home\",\"item\":\"https:\\\/\\\/fvz.upr.si\\\/\"},{\"@type\":\"ListItem\",\"position\":2,\"name\":\"Kinesiology\"}]},{\"@type\":\"WebSite\",\"@id\":\"https:\\\/\\\/fvz.upr.si\\\/#website\",\"url\":\"https:\\\/\\\/fvz.upr.si\\\/\",\"name\":\"Fakulteta za vede o zdravju\",\"description\":\"\u017divljenju dodajamo znanje.\",\"publisher\":{\"@id\":\"https:\\\/\\\/fvz.upr.si\\\/#organization\"},\"potentialAction\":[{\"@type\":\"SearchAction\",\"target\":{\"@type\":\"EntryPoint\",\"urlTemplate\":\"https:\\\/\\\/fvz.upr.si\\\/?s={search_term_string}\"},\"query-input\":{\"@type\":\"PropertyValueSpecification\",\"valueRequired\":true,\"valueName\":\"search_term_string\"}}],\"inLanguage\":\"en-US\"},{\"@type\":\"Organization\",\"@id\":\"https:\\\/\\\/fvz.upr.si\\\/#organization\",\"name\":\"Fakulteta za vede o zdravju\",\"url\":\"https:\\\/\\\/fvz.upr.si\\\/\",\"logo\":{\"@type\":\"ImageObject\",\"inLanguage\":\"en-US\",\"@id\":\"https:\\\/\\\/fvz.upr.si\\\/#\\\/schema\\\/logo\\\/image\\\/\",\"url\":\"https:\\\/\\\/fvz.upr.si\\\/wp-content\\\/uploads\\\/2019\\\/03\\\/UP-FVZ_logo-transparent.png\",\"contentUrl\":\"https:\\\/\\\/fvz.upr.si\\\/wp-content\\\/uploads\\\/2019\\\/03\\\/UP-FVZ_logo-transparent.png\",\"width\":1417,\"height\":792,\"caption\":\"Fakulteta za vede o zdravju\"},\"image\":{\"@id\":\"https:\\\/\\\/fvz.upr.si\\\/#\\\/schema\\\/logo\\\/image\\\/\"}}]}<\/script>\n<!-- \/ Yoast SEO plugin. -->","yoast_head_json":{"title":"Kinesiology - Fakulteta za vede o zdravju","robots":{"index":"index","follow":"follow","max-snippet":"max-snippet:-1","max-image-preview":"max-image-preview:large","max-video-preview":"max-video-preview:-1"},"canonical":"https:\/\/fvz.upr.si\/en\/kinesiology\/","og_locale":"en_US","og_type":"article","og_title":"Kinesiology - Fakulteta za vede o zdravju","og_description":"Research in Kinesiology focuses on optimizing sport performance through applied projects. We study various approaches to enhance performance and ensure safety for both elite and recreational athletes. Additionally, we investigate [&hellip;]","og_url":"https:\/\/fvz.upr.si\/en\/kinesiology\/","og_site_name":"Fakulteta za vede o zdravju","article_modified_time":"2024-05-17T11:48:54+00:00","og_image":[{"width":3000,"height":2000,"url":"https:\/\/fvz.upr.si\/wp-content\/uploads\/2024\/01\/IMG_3628-scaled.jpg","type":"image\/jpeg"}],"twitter_card":"summary_large_image","twitter_misc":{"Est. reading time":"1 minute"},"schema":{"@context":"https:\/\/schema.org","@graph":[{"@type":"WebPage","@id":"https:\/\/fvz.upr.si\/en\/kinesiology\/","url":"https:\/\/fvz.upr.si\/en\/kinesiology\/","name":"Kinesiology - Fakulteta za vede o zdravju","isPartOf":{"@id":"https:\/\/fvz.upr.si\/#website"},"primaryImageOfPage":{"@id":"https:\/\/fvz.upr.si\/en\/kinesiology\/#primaryimage"},"image":{"@id":"https:\/\/fvz.upr.si\/en\/kinesiology\/#primaryimage"},"thumbnailUrl":"https:\/\/fvz.upr.si\/wp-content\/uploads\/2024\/01\/IMG_3628-scaled.jpg","datePublished":"2024-05-14T11:37:58+00:00","dateModified":"2024-05-17T11:48:54+00:00","breadcrumb":{"@id":"https:\/\/fvz.upr.si\/en\/kinesiology\/#breadcrumb"},"inLanguage":"en-US","potentialAction":[{"@type":"ReadAction","target":["https:\/\/fvz.upr.si\/en\/kinesiology\/"]}]},{"@type":"ImageObject","inLanguage":"en-US","@id":"https:\/\/fvz.upr.si\/en\/kinesiology\/#primaryimage","url":"https:\/\/fvz.upr.si\/wp-content\/uploads\/2024\/01\/IMG_3628-scaled.jpg","contentUrl":"https:\/\/fvz.upr.si\/wp-content\/uploads\/2024\/01\/IMG_3628-scaled.jpg","width":3000,"height":2000},{"@type":"BreadcrumbList","@id":"https:\/\/fvz.upr.si\/en\/kinesiology\/#breadcrumb","itemListElement":[{"@type":"ListItem","position":1,"name":"Home","item":"https:\/\/fvz.upr.si\/"},{"@type":"ListItem","position":2,"name":"Kinesiology"}]},{"@type":"WebSite","@id":"https:\/\/fvz.upr.si\/#website","url":"https:\/\/fvz.upr.si\/","name":"Fakulteta za vede o zdravju","description":"\u017divljenju dodajamo znanje.","publisher":{"@id":"https:\/\/fvz.upr.si\/#organization"},"potentialAction":[{"@type":"SearchAction","target":{"@type":"EntryPoint","urlTemplate":"https:\/\/fvz.upr.si\/?s={search_term_string}"},"query-input":{"@type":"PropertyValueSpecification","valueRequired":true,"valueName":"search_term_string"}}],"inLanguage":"en-US"},{"@type":"Organization","@id":"https:\/\/fvz.upr.si\/#organization","name":"Fakulteta za vede o zdravju","url":"https:\/\/fvz.upr.si\/","logo":{"@type":"ImageObject","inLanguage":"en-US","@id":"https:\/\/fvz.upr.si\/#\/schema\/logo\/image\/","url":"https:\/\/fvz.upr.si\/wp-content\/uploads\/2019\/03\/UP-FVZ_logo-transparent.png","contentUrl":"https:\/\/fvz.upr.si\/wp-content\/uploads\/2019\/03\/UP-FVZ_logo-transparent.png","width":1417,"height":792,"caption":"Fakulteta za vede o zdravju"},"image":{"@id":"https:\/\/fvz.upr.si\/#\/schema\/logo\/image\/"}}]}},"ticketed":false,"_links":{"self":[{"href":"https:\/\/fvz.upr.si\/en\/wp-json\/wp\/v2\/pages\/62140","targetHints":{"allow":["GET"]}}],"collection":[{"href":"https:\/\/fvz.upr.si\/en\/wp-json\/wp\/v2\/pages"}],"about":[{"href":"https:\/\/fvz.upr.si\/en\/wp-json\/wp\/v2\/types\/page"}],"author":[{"embeddable":true,"href":"https:\/\/fvz.upr.si\/en\/wp-json\/wp\/v2\/users\/12"}],"replies":[{"embeddable":true,"href":"https:\/\/fvz.upr.si\/en\/wp-json\/wp\/v2\/comments?post=62140"}],"version-history":[{"count":4,"href":"https:\/\/fvz.upr.si\/en\/wp-json\/wp\/v2\/pages\/62140\/revisions"}],"predecessor-version":[{"id":62501,"href":"https:\/\/fvz.upr.si\/en\/wp-json\/wp\/v2\/pages\/62140\/revisions\/62501"}],"wp:featuredmedia":[{"embeddable":true,"href":"https:\/\/fvz.upr.si\/en\/wp-json\/wp\/v2\/media\/56803"}],"wp:attachment":[{"href":"https:\/\/fvz.upr.si\/en\/wp-json\/wp\/v2\/media?parent=62140"}],"curies":[{"name":"wp","href":"https:\/\/api.w.org\/{rel}","templated":true}]}}