{"id":46836,"date":"2022-12-16T14:20:39","date_gmt":"2022-12-16T13:20:39","guid":{"rendered":"https:\/\/fvz.upr.si\/?page_id=46836"},"modified":"2022-12-16T15:04:23","modified_gmt":"2022-12-16T14:04:23","slug":"education-in-nursing","status":"publish","type":"page","link":"https:\/\/fvz.upr.si\/en\/education-in-nursing\/","title":{"rendered":"Education in nursing"},"content":{"rendered":"<p>[et_pb_section fb_built=&#8221;1&#8243; _builder_version=&#8221;4.19.1&#8243; _module_preset=&#8221;default&#8221; global_colors_info=&#8221;{}&#8221;][\/et_pb_section][et_pb_section fb_built=&#8221;1&#8243; _builder_version=&#8221;4.16&#8243; _dynamic_attributes=&#8221;background_image&#8221; background_enable_color=&#8221;off&#8221; background_image=&#8221;@ET-DC@eyJkeW5hbWljIjp0cnVlLCJjb250ZW50IjoicG9zdF9mZWF0dXJlZF9pbWFnZSIsInNldHRpbmdzIjp7fX0=@&#8221; height=&#8221;330px&#8221; animation_style=&#8221;fade&#8221; custom_css_main_element=&#8221;padding-top: 0;||padding-bottom: 0;&#8221; saved_tabs=&#8221;all&#8221; global_colors_info=&#8221;{}&#8221;][et_pb_row _builder_version=&#8221;4.16&#8243; height=&#8221;100%&#8221; custom_css_main_element=&#8221;position: relative;||padding-top: 0;||padding-bottom: 0;&#8221; global_colors_info=&#8221;{}&#8221;][et_pb_column type=&#8221;4_4&#8243; _builder_version=&#8221;4.16&#8243; custom_css_main_element=&#8221;height: 100%;&#8221; global_colors_info=&#8221;{}&#8221;][et_pb_text _builder_version=&#8221;4.16&#8243; _dynamic_attributes=&#8221;content&#8221; text_font=&#8221;Fira Sans|||on|||||&#8221; text_text_color=&#8221;#ffffff&#8221; text_font_size=&#8221;20px&#8221; custom_css_main_element=&#8221;background-color: #bf2f1a;||display: inline-block;||position: absolute;||bottom: 0;||padding: 16px;&#8221; border_width_all=&#8221;2px&#8221; border_color_all=&#8221;#821f22&#8243; border_width_bottom=&#8221;0px&#8221; global_colors_info=&#8221;{}&#8221;]@ET-DC@eyJkeW5hbWljIjp0cnVlLCJjb250ZW50IjoicG9zdF90aXRsZSIsInNldHRpbmdzIjp7ImJlZm9yZSI6IiIsImFmdGVyIjoiIn19@[\/et_pb_text][\/et_pb_column][\/et_pb_row][\/et_pb_section][et_pb_section fb_built=&#8221;1&#8243; custom_padding_last_edited=&#8221;on|tablet&#8221; _builder_version=&#8221;4.16&#8243; background_color=&#8221;#f1f0ee&#8221; custom_padding=&#8221;60px||60px||false|false&#8221; custom_padding_tablet=&#8221;30px||30px||false|false&#8221; custom_padding_phone=&#8221;&#8221; animation_style=&#8221;fade&#8221; z_index_tablet=&#8221;500&#8243; box_shadow_horizontal_tablet=&#8221;0px&#8221; box_shadow_vertical_tablet=&#8221;0px&#8221; box_shadow_blur_tablet=&#8221;40px&#8221; box_shadow_spread_tablet=&#8221;0px&#8221; global_colors_info=&#8221;{}&#8221;][et_pb_row module_class=&#8221;fvz-content-info-wrapper&#8221; _builder_version=&#8221;4.16&#8243; custom_margin=&#8221;|auto|32px|auto|false|false&#8221; custom_margin_tablet=&#8221;||0px||false|false&#8221; custom_margin_phone=&#8221;&#8221; custom_margin_last_edited=&#8221;on|tablet&#8221; global_colors_info=&#8221;{}&#8221;][et_pb_column type=&#8221;4_4&#8243; _builder_version=&#8221;4.16&#8243; global_colors_info=&#8221;{}&#8221;][et_pb_text module_class=&#8221;fvz-content-info-inner-wrapper&#8221; _builder_version=&#8221;4.19.1&#8243; global_colors_info=&#8221;{}&#8221;]<\/p>\n<p><span style=\"color: #ff0000;\"><strong>A brief description of the area<\/strong><\/span><\/p>\n<p style=\"text-align: justify;\">Major changes in the health care system and in the field of nursing practise require equally major changes in nursing education and beyond. The fundamental goals of nursing education remain the same: to prepare nurses to meet the patients\u2019 needs, to act as leaders, and to advance the science of nursing with a focus on providing safe, high-quality care. However, nursing education today must be designed to be effective, attractive to the next generation of nurses, and most importantly, promote critical thinking and responsibility for one&#8217;s work. Today&#8217;s nursing education should incorporate innovative and flexible forms of teaching and learning using digital technology. The latter can be used to enhance students&#8217; key competencies as well as their general competencies (e.g., the ability to plan and solve problems, work independently, think analytically, be creative, etc.). Above all, it is of utmost importance to increase the level of competence of teachers working in nursing education, both in preparing lessons with digital technology and in applying other didactic methods and innovative work with students.<\/p>\n<p>[\/et_pb_text][\/et_pb_column][\/et_pb_row][et_pb_row module_class=&#8221;fvz-content-info-wrapper&#8221; _builder_version=&#8221;4.16&#8243; custom_margin=&#8221;32px|auto|32px|auto|false|false&#8221; custom_margin_tablet=&#8221;0px||0px||false|false&#8221; custom_margin_phone=&#8221;&#8221; custom_margin_last_edited=&#8221;on|tablet&#8221; global_colors_info=&#8221;{}&#8221;][et_pb_column type=&#8221;4_4&#8243; _builder_version=&#8221;4.16&#8243; global_colors_info=&#8221;{}&#8221;][et_pb_text module_class=&#8221;fvz-content-info-inner-wrapper&#8221; _builder_version=&#8221;4.19.1&#8243; global_colors_info=&#8221;{}&#8221;]<\/p>\n<p><span style=\"color: #ff0000;\"><strong><span>A brief description of major research<\/span><\/strong><\/span><\/p>\n<p style=\"text-align: justify;\">Just as important as innovative forms of teaching and learning and the use of digital technology in nursing education that support education, is the design of educational programmes that use digital technology. There are many approaches, models, and frameworks for designing educational programmes. These approaches support and guide educational programme designers through the process of analysing, planning, developing, implementing, and evaluating learning processes. Projects such as Development of a digital education standard in higher education for ensuring equity and accessibility in digital education (ARRS Project), e-Education and Learning: Video Initiatives in Digital Education and Module-Based Learning (ERASMUS +), Digital Education Initiatives and Timely Solutions (ERASMUS +), Innovating with Technology to Knowledge (National Project), make important contributions to research in nursing education.<\/p>\n<p>[\/et_pb_text][\/et_pb_column][\/et_pb_row][et_pb_row _builder_version=&#8221;4.16&#8243; global_colors_info=&#8221;{}&#8221;][et_pb_column type=&#8221;4_4&#8243; _builder_version=&#8221;4.16&#8243; global_colors_info=&#8221;{}&#8221;][et_pb_tabs _builder_version=&#8221;4.19.1&#8243; hover_enabled=&#8221;0&#8243; global_colors_info=&#8221;{}&#8221; sticky_enabled=&#8221;0&#8243;][et_pb_tab title=&#8221;Members&#8221; _builder_version=&#8221;4.19.1&#8243; hover_enabled=&#8221;0&#8243; global_colors_info=&#8221;{}&#8221; sticky_enabled=&#8221;0&#8243;]<\/p>\n<h4>Koordinatorja<\/h4>\n<ul>\n<li>Assoc. Prof. Sabina Li\u010den (<a href=\"https:\/\/cris.cobiss.net\/ecris\/si\/sl\/researcher\/32337\">SICRIS<\/a>,<a href=\"https:\/\/www.researchgate.net\/profile\/Sabina_Licen\"><span>\u00a0<\/span>ResearchGate<\/a>)<\/li>\n<li>Assoc. Prof. Bo\u0161tjan \u017dvanut (<a href=\"https:\/\/cris.cobiss.net\/ecris\/si\/sl\/researcher\/18269\">SICRIS<\/a>,<span>\u00a0<\/span><a href=\"https:\/\/www.researchgate.net\/profile\/Bostjan-Zvanut\">ResearchGate<\/a>)<\/li>\n<\/ul>\n<h4>\u010clani<\/h4>\n<ul>\n<li>Assoc. Prof. Mirko Prosen (<a href=\"https:\/\/cris.cobiss.net\/ecris\/si\/sl\/researcher\/39384\">SICRIS<\/a>,<span>\u00a0<\/span><a href=\"https:\/\/www.researchgate.net\/profile\/Mirko-Prosen\">ResearchGate<\/a>)<\/li>\n<li>Assist. Prof. Igor Karnju\u0161 (<a href=\"https:\/\/cris.cobiss.net\/ecris\/si\/sl\/researcher\/32339\">SICRIS<\/a>,<span>\u00a0<\/span><a href=\"https:\/\/www.researchgate.net\/profile\/Igor-Karnjus\">ResearchGate<\/a>)<\/li>\n<li>Assist. Prof. Patrik Pucer (<a href=\"https:\/\/cris.cobiss.net\/ecris\/si\/sl\/researcher\/34376\">SICRIS<\/a>)<\/li>\n<\/ul>\n<p>And other members of Department of Nursing.<\/p>\n<p>[\/et_pb_tab][et_pb_tab title=&#8221;Projects&#8221; _builder_version=&#8221;4.19.1&#8243; global_colors_info=&#8221;{}&#8221;]<\/p>\n<div class=\"hfs-projekti-target\"><\/div>\n<p>[\/et_pb_tab][et_pb_tab title=&#8221; Important publications&#8221; _builder_version=&#8221;4.16&#8243; global_colors_info=&#8221;{}&#8221;]PROSEN, Mirko, PISKAR, Franka. Job satisfaction of Slovenian hospital nursing workforce. Journal of nursing management, ISSN 1365-2834, March 2015, vol. 23, iss. 2, str. 242-251.<\/p>\n<p>PROSEN, Mirko. The impact of medicalization of pregnancy and childbirth on professionalism of midwifery : the midwives\u02bc perspective. V: Change in professions and professionalism : signs and directions, Interim Conference of the ISA Research Committee 52, Sociology of Professional Groups, Thursday 8 June 2017 &#8211; Saturday 10 June 2017 at Oslo and Akershus University College of Applied Sciences, Oslo, Norway. Oslo: ISA. 2017.<\/p>\n<p>PROSEN, Mirko. Nursing students&#8217; reasons for choosing nursing profession and the vision of their future work : pursuing career choice in community health nursing. V: Transforming community and public health : inspiring future generations : book of abstracts : International symposium, Swansea, Wales, 16th &#8211; 17th July 2018. Swansea: [s. n.]. 2018, str. 32.<\/p>\n<p>PROSEN, Mirko, KARNJU\u0160, Igor, LI\u010cEN, Sabina. Razvijanje medkulturnih kompetenc med \u0161tudenti zdravstvene nege = Developing Cross-Cultural Competences among Nursing Studentes. V: RUTAR, Sonja (ur.), et al. Vidiki internacionalizacije in kakovosti v visokem \u0161olstvu = Perspectives of internationalisation and quality in higher education, (Knji\u017enica Ludus, ISSN 2536-1937, 6). Koper: Zalo\u017eba Univerze na Primorskem. 2017, str. 199-213.<\/p>\n<p>PROSEN, Mirko, LI\u010cEN, Sabina, KARNJU\u0160, Igor. Vloga medicinskih sester v medpoklicnem sodelovanju v okviru farmacevtske skrbi v Evropi : rezultati EUPRON projekta za Slovenijo = Nurses&#8217; role in interprofessional pharmaceutical care in Europe : results of EUPRON project for Slovenia. Izola: Univerza na Primorskem, Fakulteta za vede o zdravju, 2018.<\/p>\n<p>PER\u0160OLJA, Melita. The effect of nurse staffing patterns on patient satisfaction and needs : a cross-sectional study. Journal of nursing management, ISSN 0966-0429, Oct. 2018, vol. 26, no. 7, str. 858-865.<\/p>\n<p>PER\u0160OLJA, Melita, SKO\u010cIR, Helena. Ocenjevanje prakti\u010dnega usposabljanja \u0161tudentov : profesionalni in pedago\u0161ki izziv = Clinical competence assessment in nursing : professional and pedagogical challenge. V: FILEJ, Bojana (ur.). Zbornik prispevkov z recenzijo = Proceeding book with peer review, 5. Mednarodna znanstvena konferenca za \u010dloveka gre: interdisciplinarnost, transnacionalnost in gradnja mostov. Maribor: Alma Mater Europea &#8211; ECM. 2017, str. 669-678.<\/p>\n<p>REBEC, Doroteja, BOGATAJ, Ur\u0161ka, LI\u010cEN, Sabina, PROSEN, Mirko. Characteristics of adult education, complexity and self-awareness of learning practical skills = Zna\u010dilnosti izobra\u017eevanja odraslih, kompleksnost in zavedanje lastnega procesa prakti\u010dnega u\u010denja. V: \u017dELJEZNOV SENI\u010cAR, Maru\u0161ka (ur.). Izobra\u017eevanje talentov : zbornik : III. mednarodna znanstvena konferenca, [26.-28. 10. 2017] = Talent education : book of papers : III. international scientific conference, [26.-28. 10. 2017]. Ljubljana: MIB.[\/et_pb_tab][et_pb_tab title=&#8221;Laboratory&#8221; _builder_version=&#8221;4.19.1&#8243; global_colors_info=&#8221;{}&#8221;][\/et_pb_tab][\/et_pb_tabs][\/et_pb_column][\/et_pb_row][et_pb_row use_custom_gutter=&#8221;on&#8221; gutter_width=&#8221;1&#8243; disabled_on=&#8221;off|off|off&#8221; _builder_version=&#8221;4.16&#8243; _module_preset=&#8221;default&#8221; custom_margin=&#8221;60px||||false|false&#8221; global_colors_info=&#8221;{}&#8221;][et_pb_column type=&#8221;4_4&#8243; _builder_version=&#8221;4.16&#8243; _module_preset=&#8221;default&#8221; global_colors_info=&#8221;{}&#8221;][et_pb_filterable_portfolio posts_number=&#8221;0&#8243; include_categories=&#8221;218,217,140&#8243; show_categories=&#8221;off&#8221; show_pagination=&#8221;off&#8221; module_class=&#8221;hfs-projekti&#8221; _builder_version=&#8221;4.19.1&#8243; _module_preset=&#8221;default&#8221; title_font_size=&#8221;16px&#8221; title_line_height=&#8221;1.4em&#8221; custom_css_portfolio_image=&#8221;display: none;&#8221; global_colors_info=&#8221;{}&#8221;][\/et_pb_filterable_portfolio][\/et_pb_column][\/et_pb_row][\/et_pb_section]<\/p>\n","protected":false},"excerpt":{"rendered":"<p>A brief description of the area Major changes in the health care system and in the field of nursing practise require equally major changes in nursing education and beyond. The [&hellip;]<\/p>\n","protected":false},"author":12,"featured_media":46721,"parent":0,"menu_order":0,"comment_status":"closed","ping_status":"closed","template":"","meta":{"_et_pb_use_builder":"on","_et_pb_old_content":"","_et_gb_content_width":"","_price":"","_stock":"","_tribe_ticket_header":"","_tribe_default_ticket_provider":"","_tribe_ticket_capacity":"0","_ticket_start_date":"","_ticket_end_date":"","_tribe_ticket_show_description":"","_tribe_ticket_show_not_going":false,"_tribe_ticket_use_global_stock":"","_tribe_ticket_global_stock_level":"","_global_stock_mode":"","_global_stock_cap":"","_tribe_rsvp_for_event":"","_tribe_ticket_going_count":"","_tribe_ticket_not_going_count":"","_tribe_tickets_list":"[]","_tribe_ticket_has_attendee_info_fields":false,"footnotes":"","_tec_slr_enabled":"","_tec_slr_layout":""},"class_list":["post-46836","page","type-page","status-publish","has-post-thumbnail","hentry"],"yoast_head":"<!-- This site is optimized with the Yoast SEO plugin v27.5 - https:\/\/yoast.com\/product\/yoast-seo-wordpress\/ -->\n<title>Education in nursing - Fakulteta za vede o zdravju<\/title>\n<meta name=\"robots\" content=\"index, follow, max-snippet:-1, max-image-preview:large, max-video-preview:-1\" \/>\n<link rel=\"canonical\" href=\"https:\/\/fvz.upr.si\/en\/education-in-nursing\/\" \/>\n<meta property=\"og:locale\" content=\"en_US\" \/>\n<meta property=\"og:type\" content=\"article\" \/>\n<meta property=\"og:title\" content=\"Education in nursing - Fakulteta za vede o zdravju\" \/>\n<meta property=\"og:description\" content=\"A brief description of the area Major changes in the health care system and in the field of nursing practise require equally major changes in nursing education and beyond. The [&hellip;]\" \/>\n<meta property=\"og:url\" content=\"https:\/\/fvz.upr.si\/en\/education-in-nursing\/\" \/>\n<meta property=\"og:site_name\" content=\"Fakulteta za vede o zdravju\" \/>\n<meta property=\"article:modified_time\" content=\"2022-12-16T14:04:23+00:00\" \/>\n<meta property=\"og:image\" content=\"https:\/\/fvz.upr.si\/wp-content\/uploads\/2022\/12\/DSC_4784-scaled.jpg\" \/>\n\t<meta property=\"og:image:width\" content=\"3000\" \/>\n\t<meta property=\"og:image:height\" content=\"2002\" \/>\n\t<meta property=\"og:image:type\" content=\"image\/jpeg\" \/>\n<meta name=\"twitter:card\" content=\"summary_large_image\" \/>\n<script type=\"application\/ld+json\" class=\"yoast-schema-graph\">{\"@context\":\"https:\\\/\\\/schema.org\",\"@graph\":[{\"@type\":\"WebPage\",\"@id\":\"https:\\\/\\\/fvz.upr.si\\\/en\\\/education-in-nursing\\\/\",\"url\":\"https:\\\/\\\/fvz.upr.si\\\/en\\\/education-in-nursing\\\/\",\"name\":\"Education in nursing - Fakulteta za vede o zdravju\",\"isPartOf\":{\"@id\":\"https:\\\/\\\/fvz.upr.si\\\/#website\"},\"primaryImageOfPage\":{\"@id\":\"https:\\\/\\\/fvz.upr.si\\\/en\\\/education-in-nursing\\\/#primaryimage\"},\"image\":{\"@id\":\"https:\\\/\\\/fvz.upr.si\\\/en\\\/education-in-nursing\\\/#primaryimage\"},\"thumbnailUrl\":\"https:\\\/\\\/fvz.upr.si\\\/wp-content\\\/uploads\\\/2022\\\/12\\\/DSC_4784-scaled.jpg\",\"datePublished\":\"2022-12-16T13:20:39+00:00\",\"dateModified\":\"2022-12-16T14:04:23+00:00\",\"breadcrumb\":{\"@id\":\"https:\\\/\\\/fvz.upr.si\\\/en\\\/education-in-nursing\\\/#breadcrumb\"},\"inLanguage\":\"en-US\",\"potentialAction\":[{\"@type\":\"ReadAction\",\"target\":[\"https:\\\/\\\/fvz.upr.si\\\/en\\\/education-in-nursing\\\/\"]}]},{\"@type\":\"ImageObject\",\"inLanguage\":\"en-US\",\"@id\":\"https:\\\/\\\/fvz.upr.si\\\/en\\\/education-in-nursing\\\/#primaryimage\",\"url\":\"https:\\\/\\\/fvz.upr.si\\\/wp-content\\\/uploads\\\/2022\\\/12\\\/DSC_4784-scaled.jpg\",\"contentUrl\":\"https:\\\/\\\/fvz.upr.si\\\/wp-content\\\/uploads\\\/2022\\\/12\\\/DSC_4784-scaled.jpg\",\"width\":3000,\"height\":2002},{\"@type\":\"BreadcrumbList\",\"@id\":\"https:\\\/\\\/fvz.upr.si\\\/en\\\/education-in-nursing\\\/#breadcrumb\",\"itemListElement\":[{\"@type\":\"ListItem\",\"position\":1,\"name\":\"Home\",\"item\":\"https:\\\/\\\/fvz.upr.si\\\/\"},{\"@type\":\"ListItem\",\"position\":2,\"name\":\"Education in nursing\"}]},{\"@type\":\"WebSite\",\"@id\":\"https:\\\/\\\/fvz.upr.si\\\/#website\",\"url\":\"https:\\\/\\\/fvz.upr.si\\\/\",\"name\":\"Fakulteta za vede o zdravju\",\"description\":\"\u017divljenju dodajamo znanje.\",\"publisher\":{\"@id\":\"https:\\\/\\\/fvz.upr.si\\\/#organization\"},\"potentialAction\":[{\"@type\":\"SearchAction\",\"target\":{\"@type\":\"EntryPoint\",\"urlTemplate\":\"https:\\\/\\\/fvz.upr.si\\\/?s={search_term_string}\"},\"query-input\":{\"@type\":\"PropertyValueSpecification\",\"valueRequired\":true,\"valueName\":\"search_term_string\"}}],\"inLanguage\":\"en-US\"},{\"@type\":\"Organization\",\"@id\":\"https:\\\/\\\/fvz.upr.si\\\/#organization\",\"name\":\"Fakulteta za vede o zdravju\",\"url\":\"https:\\\/\\\/fvz.upr.si\\\/\",\"logo\":{\"@type\":\"ImageObject\",\"inLanguage\":\"en-US\",\"@id\":\"https:\\\/\\\/fvz.upr.si\\\/#\\\/schema\\\/logo\\\/image\\\/\",\"url\":\"https:\\\/\\\/fvz.upr.si\\\/wp-content\\\/uploads\\\/2019\\\/03\\\/UP-FVZ_logo-transparent.png\",\"contentUrl\":\"https:\\\/\\\/fvz.upr.si\\\/wp-content\\\/uploads\\\/2019\\\/03\\\/UP-FVZ_logo-transparent.png\",\"width\":1417,\"height\":792,\"caption\":\"Fakulteta za vede o zdravju\"},\"image\":{\"@id\":\"https:\\\/\\\/fvz.upr.si\\\/#\\\/schema\\\/logo\\\/image\\\/\"}}]}<\/script>\n<!-- \/ Yoast SEO plugin. -->","yoast_head_json":{"title":"Education in nursing - Fakulteta za vede o zdravju","robots":{"index":"index","follow":"follow","max-snippet":"max-snippet:-1","max-image-preview":"max-image-preview:large","max-video-preview":"max-video-preview:-1"},"canonical":"https:\/\/fvz.upr.si\/en\/education-in-nursing\/","og_locale":"en_US","og_type":"article","og_title":"Education in nursing - Fakulteta za vede o zdravju","og_description":"A brief description of the area Major changes in the health care system and in the field of nursing practise require equally major changes in nursing education and beyond. The [&hellip;]","og_url":"https:\/\/fvz.upr.si\/en\/education-in-nursing\/","og_site_name":"Fakulteta za vede o zdravju","article_modified_time":"2022-12-16T14:04:23+00:00","og_image":[{"width":3000,"height":2002,"url":"https:\/\/fvz.upr.si\/wp-content\/uploads\/2022\/12\/DSC_4784-scaled.jpg","type":"image\/jpeg"}],"twitter_card":"summary_large_image","schema":{"@context":"https:\/\/schema.org","@graph":[{"@type":"WebPage","@id":"https:\/\/fvz.upr.si\/en\/education-in-nursing\/","url":"https:\/\/fvz.upr.si\/en\/education-in-nursing\/","name":"Education in nursing - Fakulteta za vede o zdravju","isPartOf":{"@id":"https:\/\/fvz.upr.si\/#website"},"primaryImageOfPage":{"@id":"https:\/\/fvz.upr.si\/en\/education-in-nursing\/#primaryimage"},"image":{"@id":"https:\/\/fvz.upr.si\/en\/education-in-nursing\/#primaryimage"},"thumbnailUrl":"https:\/\/fvz.upr.si\/wp-content\/uploads\/2022\/12\/DSC_4784-scaled.jpg","datePublished":"2022-12-16T13:20:39+00:00","dateModified":"2022-12-16T14:04:23+00:00","breadcrumb":{"@id":"https:\/\/fvz.upr.si\/en\/education-in-nursing\/#breadcrumb"},"inLanguage":"en-US","potentialAction":[{"@type":"ReadAction","target":["https:\/\/fvz.upr.si\/en\/education-in-nursing\/"]}]},{"@type":"ImageObject","inLanguage":"en-US","@id":"https:\/\/fvz.upr.si\/en\/education-in-nursing\/#primaryimage","url":"https:\/\/fvz.upr.si\/wp-content\/uploads\/2022\/12\/DSC_4784-scaled.jpg","contentUrl":"https:\/\/fvz.upr.si\/wp-content\/uploads\/2022\/12\/DSC_4784-scaled.jpg","width":3000,"height":2002},{"@type":"BreadcrumbList","@id":"https:\/\/fvz.upr.si\/en\/education-in-nursing\/#breadcrumb","itemListElement":[{"@type":"ListItem","position":1,"name":"Home","item":"https:\/\/fvz.upr.si\/"},{"@type":"ListItem","position":2,"name":"Education in nursing"}]},{"@type":"WebSite","@id":"https:\/\/fvz.upr.si\/#website","url":"https:\/\/fvz.upr.si\/","name":"Fakulteta za vede o zdravju","description":"\u017divljenju dodajamo znanje.","publisher":{"@id":"https:\/\/fvz.upr.si\/#organization"},"potentialAction":[{"@type":"SearchAction","target":{"@type":"EntryPoint","urlTemplate":"https:\/\/fvz.upr.si\/?s={search_term_string}"},"query-input":{"@type":"PropertyValueSpecification","valueRequired":true,"valueName":"search_term_string"}}],"inLanguage":"en-US"},{"@type":"Organization","@id":"https:\/\/fvz.upr.si\/#organization","name":"Fakulteta za vede o zdravju","url":"https:\/\/fvz.upr.si\/","logo":{"@type":"ImageObject","inLanguage":"en-US","@id":"https:\/\/fvz.upr.si\/#\/schema\/logo\/image\/","url":"https:\/\/fvz.upr.si\/wp-content\/uploads\/2019\/03\/UP-FVZ_logo-transparent.png","contentUrl":"https:\/\/fvz.upr.si\/wp-content\/uploads\/2019\/03\/UP-FVZ_logo-transparent.png","width":1417,"height":792,"caption":"Fakulteta za vede o zdravju"},"image":{"@id":"https:\/\/fvz.upr.si\/#\/schema\/logo\/image\/"}}]}},"ticketed":false,"_links":{"self":[{"href":"https:\/\/fvz.upr.si\/en\/wp-json\/wp\/v2\/pages\/46836","targetHints":{"allow":["GET"]}}],"collection":[{"href":"https:\/\/fvz.upr.si\/en\/wp-json\/wp\/v2\/pages"}],"about":[{"href":"https:\/\/fvz.upr.si\/en\/wp-json\/wp\/v2\/types\/page"}],"author":[{"embeddable":true,"href":"https:\/\/fvz.upr.si\/en\/wp-json\/wp\/v2\/users\/12"}],"replies":[{"embeddable":true,"href":"https:\/\/fvz.upr.si\/en\/wp-json\/wp\/v2\/comments?post=46836"}],"version-history":[{"count":4,"href":"https:\/\/fvz.upr.si\/en\/wp-json\/wp\/v2\/pages\/46836\/revisions"}],"predecessor-version":[{"id":46875,"href":"https:\/\/fvz.upr.si\/en\/wp-json\/wp\/v2\/pages\/46836\/revisions\/46875"}],"wp:featuredmedia":[{"embeddable":true,"href":"https:\/\/fvz.upr.si\/en\/wp-json\/wp\/v2\/media\/46721"}],"wp:attachment":[{"href":"https:\/\/fvz.upr.si\/en\/wp-json\/wp\/v2\/media?parent=46836"}],"curies":[{"name":"wp","href":"https:\/\/api.w.org\/{rel}","templated":true}]}}