{"id":37938,"date":"2021-04-13T13:28:58","date_gmt":"2021-04-13T11:28:58","guid":{"rendered":"https:\/\/fvz.upr.si\/?page_id=37938"},"modified":"2021-04-14T14:07:50","modified_gmt":"2021-04-14T12:07:50","slug":"doktorska-tema-pisljar","status":"publish","type":"page","link":"https:\/\/fvz.upr.si\/en\/doktorska-tema-pisljar\/","title":{"rendered":"assist. prof. dr. Marko Pi\u0161ljar &#8211; PHD TOPICS"},"content":{"rendered":"<p>[et_pb_section fb_built=&#8221;1&#8243; _builder_version=&#8221;3.27.2&#8243; _dynamic_attributes=&#8221;background_image&#8221; background_enable_color=&#8221;off&#8221; background_image=&#8221;@ET-DC@eyJkeW5hbWljIjp0cnVlLCJjb250ZW50IjoicG9zdF9mZWF0dXJlZF9pbWFnZSIsInNldHRpbmdzIjp7fX0=@&#8221; height=&#8221;330px&#8221; animation_style=&#8221;fade&#8221; custom_css_main_element=&#8221;padding-top: 0;||padding-bottom: 0;&#8221; global_module=&#8221;18950&#8243; saved_tabs=&#8221;all&#8221;][et_pb_row _builder_version=&#8221;3.27.2&#8243; height=&#8221;100%&#8221; custom_css_main_element=&#8221;position: relative;||padding-top: 0;||padding-bottom: 0;&#8221;][et_pb_column type=&#8221;4_4&#8243; _builder_version=&#8221;3.27.2&#8243; custom_css_main_element=&#8221;height: 100%;&#8221;][et_pb_text _builder_version=&#8221;3.29.2&#8243; _dynamic_attributes=&#8221;content&#8221; text_font=&#8221;Fira Sans|||on|||||&#8221; text_text_color=&#8221;#ffffff&#8221; text_font_size=&#8221;20px&#8221; custom_css_main_element=&#8221;background-color: #bf2f1a;||display: inline-block;||position: absolute;||bottom: 0;||padding: 16px;&#8221; border_width_all=&#8221;2px&#8221; border_color_all=&#8221;#821f22&#8243; border_width_bottom=&#8221;0px&#8221;]@ET-DC@eyJkeW5hbWljIjp0cnVlLCJjb250ZW50IjoicG9zdF90aXRsZSIsInNldHRpbmdzIjp7ImJlZm9yZSI6IiIsImFmdGVyIjoiIn19@[\/et_pb_text][\/et_pb_column][\/et_pb_row][\/et_pb_section][et_pb_section fb_built=&#8221;1&#8243; custom_padding_last_edited=&#8221;on|tablet&#8221; _builder_version=&#8221;3.27.2&#8243; background_color=&#8221;#f1f0ee&#8221; custom_padding=&#8221;60px||60px||false|false&#8221; custom_padding_tablet=&#8221;30px||30px||false|false&#8221; custom_padding_phone=&#8221;&#8221; animation_style=&#8221;fade&#8221; z_index_tablet=&#8221;500&#8243; box_shadow_horizontal_tablet=&#8221;0px&#8221; box_shadow_vertical_tablet=&#8221;0px&#8221; box_shadow_blur_tablet=&#8221;40px&#8221; box_shadow_spread_tablet=&#8221;0px&#8221;][et_pb_row _builder_version=&#8221;4.4.1&#8243;][et_pb_column type=&#8221;4_4&#8243; _builder_version=&#8221;4.4.1&#8243;][et_pb_text _builder_version=&#8221;4.9.3&#8243; hover_enabled=&#8221;0&#8243; sticky_enabled=&#8221;0&#8243;]<\/p>\n<p><strong>Name and Surname: <\/strong>assist. prof. Marko Pi\u0161ljar, PhD<strong><br \/>Links:<\/strong> ARRS <a href=\"https:\/\/www.sicris.si\/public\/jqm\/search_basic.aspx?lang=slv&amp;opdescr=search&amp;opt=2&amp;subopt=1&amp;code1=cmn&amp;code2=auto&amp;search_term=marko%20pi%C5%A1ljar\">14923<\/a><strong><br \/>E-mail: <\/strong><span style=\"text-decoration: underline;\">marko.pisljar@pb-idrija.si<\/span><strong><br \/><\/strong><\/p>\n<p><span style=\"color: #ff0000;\"><strong>Research facility (research activity location)<\/strong><\/span><br \/>Univerza na Primorskem, Fakulteta za vede o zdravju<strong><\/strong><br \/>Univerza na Primorskem, Fakulteta za matematiko, <span>naravoslovje in informacijske tehnologije Koper<br \/>Psihiatri\u010dna bolni\u0161nica Idrija<\/span><\/p>\n<p><span style=\"color: #ff0000;\"><strong>Research field according to ARRS classification<\/strong><\/span><br \/><strong>Science:<\/strong> Medicine<br \/><strong>Filed:<\/strong> Neurobiology<\/p>\n<p><span style=\"color: #ff0000;\"><strong>Summary of research topic and field<\/strong><\/span><\/p>\n<p style=\"text-align: justify;\">Depresija je najpogostej\u0161a du\u0161evna motnja v starostnem obdobju. Starostna depresija ima lahko kroni\u010den potek s pogostimi poslab\u0161anji ter je zdru\u017eena z motnjami spoznavnih sposobnosti. Zgodnje prepoznavanje in spremljanje spoznavnih motenj pri bolnikih s starostno depresijo nam lahko pomaga pri prognoszi depresije, spremljanju morebitnega razvoja kognitivnih motenj ter omogo\u010da bolj u\u010dinkovito zdravlljenje depresije. Cilj raziskave je izbolj\u0161ati prepoznavanje depresije pri odraslih po 65 letu starosti na primarnem nivoju. Spremljali bomo tudi samomorilno ogro\u017eenost, saj je koli\u010dnik samomorilnosti v Sloveniji visok. Zanima nas ocena\u00a0 depresije pri starej\u0161ih v doma\u010dem okolju ter v domovih starej\u0161ih ob\u010danov. Cilj raziskave je bolj\u0161e prepoznavanje depresije na primarnem nivoju. S tem se pove\u010duje dostopnost do kvalitetne zdravstvene oskrbe, posredno zni\u017euje samomorilno ogro\u017eenost med starej\u0161imi.<\/p>\n<p>[\/et_pb_text][\/et_pb_column][\/et_pb_row][\/et_pb_section]<\/p>\n","protected":false},"excerpt":{"rendered":"<p>Name and Surname: assist. prof. Marko Pi\u0161ljar, PhDLinks: ARRS 14923E-mail: marko.pisljar@pb-idrija.si Research facility (research activity location)Univerza na Primorskem, Fakulteta za vede o zdravjuUniverza na Primorskem, Fakulteta za matematiko, naravoslovje in [&hellip;]<\/p>\n","protected":false},"author":12,"featured_media":0,"parent":0,"menu_order":0,"comment_status":"closed","ping_status":"closed","template":"","meta":{"_et_pb_use_builder":"on","_et_pb_old_content":"","_et_gb_content_width":"","_price":"","_stock":"","_tribe_ticket_header":"","_tribe_default_ticket_provider":"","_tribe_ticket_capacity":"0","_ticket_start_date":"","_ticket_end_date":"","_tribe_ticket_show_description":"","_tribe_ticket_show_not_going":false,"_tribe_ticket_use_global_stock":"","_tribe_ticket_global_stock_level":"","_global_stock_mode":"","_global_stock_cap":"","_tribe_rsvp_for_event":"","_tribe_ticket_going_count":"","_tribe_ticket_not_going_count":"","_tribe_tickets_list":"[]","_tribe_ticket_has_attendee_info_fields":false,"footnotes":"","_tec_slr_enabled":"","_tec_slr_layout":""},"class_list":["post-37938","page","type-page","status-publish","hentry"],"yoast_head":"<!-- This site is optimized with the Yoast SEO plugin v27.5 - https:\/\/yoast.com\/product\/yoast-seo-wordpress\/ -->\n<title>assist. prof. dr. Marko Pi\u0161ljar - PHD TOPICS - Fakulteta za vede o zdravju<\/title>\n<meta name=\"robots\" content=\"index, follow, max-snippet:-1, max-image-preview:large, max-video-preview:-1\" \/>\n<link rel=\"canonical\" href=\"https:\/\/fvz.upr.si\/en\/doktorska-tema-pisljar\/\" \/>\n<meta property=\"og:locale\" content=\"en_US\" \/>\n<meta property=\"og:type\" content=\"article\" \/>\n<meta property=\"og:title\" content=\"assist. prof. dr. Marko Pi\u0161ljar - PHD TOPICS - Fakulteta za vede o zdravju\" \/>\n<meta property=\"og:description\" content=\"Name and Surname: assist. prof. Marko Pi\u0161ljar, PhDLinks: ARRS 14923E-mail: marko.pisljar@pb-idrija.si Research facility (research activity location)Univerza na Primorskem, Fakulteta za vede o zdravjuUniverza na Primorskem, Fakulteta za matematiko, naravoslovje in [&hellip;]\" \/>\n<meta property=\"og:url\" content=\"https:\/\/fvz.upr.si\/en\/doktorska-tema-pisljar\/\" \/>\n<meta property=\"og:site_name\" content=\"Fakulteta za vede o zdravju\" \/>\n<meta property=\"article:modified_time\" content=\"2021-04-14T12:07:50+00:00\" \/>\n<meta name=\"twitter:card\" content=\"summary_large_image\" \/>\n<meta name=\"twitter:label1\" content=\"Est. reading time\" \/>\n\t<meta name=\"twitter:data1\" content=\"2 minutes\" \/>\n<script type=\"application\/ld+json\" class=\"yoast-schema-graph\">{\"@context\":\"https:\\\/\\\/schema.org\",\"@graph\":[{\"@type\":\"WebPage\",\"@id\":\"https:\\\/\\\/fvz.upr.si\\\/en\\\/doktorska-tema-pisljar\\\/\",\"url\":\"https:\\\/\\\/fvz.upr.si\\\/en\\\/doktorska-tema-pisljar\\\/\",\"name\":\"assist. prof. dr. Marko Pi\u0161ljar - PHD TOPICS - Fakulteta za vede o zdravju\",\"isPartOf\":{\"@id\":\"https:\\\/\\\/fvz.upr.si\\\/#website\"},\"datePublished\":\"2021-04-13T11:28:58+00:00\",\"dateModified\":\"2021-04-14T12:07:50+00:00\",\"breadcrumb\":{\"@id\":\"https:\\\/\\\/fvz.upr.si\\\/en\\\/doktorska-tema-pisljar\\\/#breadcrumb\"},\"inLanguage\":\"en-US\",\"potentialAction\":[{\"@type\":\"ReadAction\",\"target\":[\"https:\\\/\\\/fvz.upr.si\\\/en\\\/doktorska-tema-pisljar\\\/\"]}]},{\"@type\":\"BreadcrumbList\",\"@id\":\"https:\\\/\\\/fvz.upr.si\\\/en\\\/doktorska-tema-pisljar\\\/#breadcrumb\",\"itemListElement\":[{\"@type\":\"ListItem\",\"position\":1,\"name\":\"Home\",\"item\":\"https:\\\/\\\/fvz.upr.si\\\/\"},{\"@type\":\"ListItem\",\"position\":2,\"name\":\"assist. prof. dr. Marko Pi\u0161ljar &#8211; PHD TOPICS\"}]},{\"@type\":\"WebSite\",\"@id\":\"https:\\\/\\\/fvz.upr.si\\\/#website\",\"url\":\"https:\\\/\\\/fvz.upr.si\\\/\",\"name\":\"Fakulteta za vede o zdravju\",\"description\":\"\u017divljenju dodajamo znanje.\",\"publisher\":{\"@id\":\"https:\\\/\\\/fvz.upr.si\\\/#organization\"},\"potentialAction\":[{\"@type\":\"SearchAction\",\"target\":{\"@type\":\"EntryPoint\",\"urlTemplate\":\"https:\\\/\\\/fvz.upr.si\\\/?s={search_term_string}\"},\"query-input\":{\"@type\":\"PropertyValueSpecification\",\"valueRequired\":true,\"valueName\":\"search_term_string\"}}],\"inLanguage\":\"en-US\"},{\"@type\":\"Organization\",\"@id\":\"https:\\\/\\\/fvz.upr.si\\\/#organization\",\"name\":\"Fakulteta za vede o zdravju\",\"url\":\"https:\\\/\\\/fvz.upr.si\\\/\",\"logo\":{\"@type\":\"ImageObject\",\"inLanguage\":\"en-US\",\"@id\":\"https:\\\/\\\/fvz.upr.si\\\/#\\\/schema\\\/logo\\\/image\\\/\",\"url\":\"https:\\\/\\\/fvz.upr.si\\\/wp-content\\\/uploads\\\/2019\\\/03\\\/UP-FVZ_logo-transparent.png\",\"contentUrl\":\"https:\\\/\\\/fvz.upr.si\\\/wp-content\\\/uploads\\\/2019\\\/03\\\/UP-FVZ_logo-transparent.png\",\"width\":1417,\"height\":792,\"caption\":\"Fakulteta za vede o zdravju\"},\"image\":{\"@id\":\"https:\\\/\\\/fvz.upr.si\\\/#\\\/schema\\\/logo\\\/image\\\/\"}}]}<\/script>\n<!-- \/ Yoast SEO plugin. -->","yoast_head_json":{"title":"assist. prof. dr. Marko Pi\u0161ljar - PHD TOPICS - Fakulteta za vede o zdravju","robots":{"index":"index","follow":"follow","max-snippet":"max-snippet:-1","max-image-preview":"max-image-preview:large","max-video-preview":"max-video-preview:-1"},"canonical":"https:\/\/fvz.upr.si\/en\/doktorska-tema-pisljar\/","og_locale":"en_US","og_type":"article","og_title":"assist. prof. dr. Marko Pi\u0161ljar - PHD TOPICS - Fakulteta za vede o zdravju","og_description":"Name and Surname: assist. prof. Marko Pi\u0161ljar, PhDLinks: ARRS 14923E-mail: marko.pisljar@pb-idrija.si Research facility (research activity location)Univerza na Primorskem, Fakulteta za vede o zdravjuUniverza na Primorskem, Fakulteta za matematiko, naravoslovje in [&hellip;]","og_url":"https:\/\/fvz.upr.si\/en\/doktorska-tema-pisljar\/","og_site_name":"Fakulteta za vede o zdravju","article_modified_time":"2021-04-14T12:07:50+00:00","twitter_card":"summary_large_image","twitter_misc":{"Est. reading time":"2 minutes"},"schema":{"@context":"https:\/\/schema.org","@graph":[{"@type":"WebPage","@id":"https:\/\/fvz.upr.si\/en\/doktorska-tema-pisljar\/","url":"https:\/\/fvz.upr.si\/en\/doktorska-tema-pisljar\/","name":"assist. prof. dr. Marko Pi\u0161ljar - PHD TOPICS - Fakulteta za vede o zdravju","isPartOf":{"@id":"https:\/\/fvz.upr.si\/#website"},"datePublished":"2021-04-13T11:28:58+00:00","dateModified":"2021-04-14T12:07:50+00:00","breadcrumb":{"@id":"https:\/\/fvz.upr.si\/en\/doktorska-tema-pisljar\/#breadcrumb"},"inLanguage":"en-US","potentialAction":[{"@type":"ReadAction","target":["https:\/\/fvz.upr.si\/en\/doktorska-tema-pisljar\/"]}]},{"@type":"BreadcrumbList","@id":"https:\/\/fvz.upr.si\/en\/doktorska-tema-pisljar\/#breadcrumb","itemListElement":[{"@type":"ListItem","position":1,"name":"Home","item":"https:\/\/fvz.upr.si\/"},{"@type":"ListItem","position":2,"name":"assist. prof. dr. Marko Pi\u0161ljar &#8211; PHD TOPICS"}]},{"@type":"WebSite","@id":"https:\/\/fvz.upr.si\/#website","url":"https:\/\/fvz.upr.si\/","name":"Fakulteta za vede o zdravju","description":"\u017divljenju dodajamo znanje.","publisher":{"@id":"https:\/\/fvz.upr.si\/#organization"},"potentialAction":[{"@type":"SearchAction","target":{"@type":"EntryPoint","urlTemplate":"https:\/\/fvz.upr.si\/?s={search_term_string}"},"query-input":{"@type":"PropertyValueSpecification","valueRequired":true,"valueName":"search_term_string"}}],"inLanguage":"en-US"},{"@type":"Organization","@id":"https:\/\/fvz.upr.si\/#organization","name":"Fakulteta za vede o zdravju","url":"https:\/\/fvz.upr.si\/","logo":{"@type":"ImageObject","inLanguage":"en-US","@id":"https:\/\/fvz.upr.si\/#\/schema\/logo\/image\/","url":"https:\/\/fvz.upr.si\/wp-content\/uploads\/2019\/03\/UP-FVZ_logo-transparent.png","contentUrl":"https:\/\/fvz.upr.si\/wp-content\/uploads\/2019\/03\/UP-FVZ_logo-transparent.png","width":1417,"height":792,"caption":"Fakulteta za vede o zdravju"},"image":{"@id":"https:\/\/fvz.upr.si\/#\/schema\/logo\/image\/"}}]}},"ticketed":false,"_links":{"self":[{"href":"https:\/\/fvz.upr.si\/en\/wp-json\/wp\/v2\/pages\/37938","targetHints":{"allow":["GET"]}}],"collection":[{"href":"https:\/\/fvz.upr.si\/en\/wp-json\/wp\/v2\/pages"}],"about":[{"href":"https:\/\/fvz.upr.si\/en\/wp-json\/wp\/v2\/types\/page"}],"author":[{"embeddable":true,"href":"https:\/\/fvz.upr.si\/en\/wp-json\/wp\/v2\/users\/12"}],"replies":[{"embeddable":true,"href":"https:\/\/fvz.upr.si\/en\/wp-json\/wp\/v2\/comments?post=37938"}],"version-history":[{"count":2,"href":"https:\/\/fvz.upr.si\/en\/wp-json\/wp\/v2\/pages\/37938\/revisions"}],"predecessor-version":[{"id":37971,"href":"https:\/\/fvz.upr.si\/en\/wp-json\/wp\/v2\/pages\/37938\/revisions\/37971"}],"wp:attachment":[{"href":"https:\/\/fvz.upr.si\/en\/wp-json\/wp\/v2\/media?parent=37938"}],"curies":[{"name":"wp","href":"https:\/\/api.w.org\/{rel}","templated":true}]}}