{"id":32160,"date":"2020-09-09T14:31:14","date_gmt":"2020-09-09T12:31:14","guid":{"rendered":"https:\/\/fvz.upr.si\/?page_id=32160"},"modified":"2026-01-27T10:32:18","modified_gmt":"2026-01-27T09:32:18","slug":"raziskovalnaoprema","status":"publish","type":"page","link":"https:\/\/fvz.upr.si\/en\/raziskovalnaoprema\/","title":{"rendered":"Raziskovalna oprema"},"content":{"rendered":"<p>[et_pb_section fb_built=&#8221;1&#8243; _builder_version=&#8221;4.5.7&#8243; _dynamic_attributes=&#8221;background_image&#8221; background_enable_color=&#8221;off&#8221; background_image=&#8221;https:\/\/fvz.upr.si\/wp-content\/uploads\/2019\/08\/Zaposleni.png&#8221; parallax=&#8221;on&#8221; height=&#8221;330px&#8221; animation_style=&#8221;fade&#8221; custom_css_main_element=&#8221;padding-top: 0;||padding-bottom: 0;&#8221; global_module=&#8221;18950&#8243; saved_tabs=&#8221;all&#8221;][et_pb_row _builder_version=&#8221;3.27.2&#8243; height=&#8221;100%&#8221; custom_css_main_element=&#8221;position: relative;||padding-top: 0;||padding-bottom: 0;&#8221;][et_pb_column type=&#8221;4_4&#8243; _builder_version=&#8221;3.27.2&#8243; custom_css_main_element=&#8221;height: 100%;&#8221;][et_pb_text _builder_version=&#8221;4.5.7&#8243; _dynamic_attributes=&#8221;content&#8221; text_font=&#8221;Fira Sans|||on|||||&#8221; text_text_color=&#8221;#ffffff&#8221; text_font_size=&#8221;20px&#8221; header_text_color=&#8221;#ffffff&#8221; background_color=&#8221;#00667d&#8221; custom_css_main_element=&#8221;background-color: #00667d;||display: inline-block;||position: absolute;||bottom: 0;||padding: 16px;&#8221; border_width_all=&#8221;2px&#8221; border_color_all=&#8221;#00667d&#8221; border_width_bottom=&#8221;0px&#8221;]@ET-DC@eyJkeW5hbWljIjp0cnVlLCJjb250ZW50IjoicG9zdF90aXRsZSIsInNldHRpbmdzIjp7ImJlZm9yZSI6IiIsImFmdGVyIjoiIn19@[\/et_pb_text][\/et_pb_column][\/et_pb_row][\/et_pb_section][et_pb_section fb_built=&#8221;1&#8243; custom_padding_last_edited=&#8221;on|tablet&#8221; _builder_version=&#8221;3.27.2&#8243; background_color=&#8221;#f1f0ee&#8221; custom_padding=&#8221;60px||60px||false|false&#8221; custom_padding_tablet=&#8221;30px||30px||false|false&#8221; custom_padding_phone=&#8221;&#8221; animation_style=&#8221;fade&#8221; z_index_tablet=&#8221;500&#8243; box_shadow_horizontal_tablet=&#8221;0px&#8221; box_shadow_vertical_tablet=&#8221;0px&#8221; box_shadow_blur_tablet=&#8221;40px&#8221; box_shadow_spread_tablet=&#8221;0px&#8221;][et_pb_row module_class=&#8221;fvz-content-info-wrapper&#8221; _builder_version=&#8221;3.27.4&#8243; width_tablet=&#8221;80%&#8221; width_phone=&#8221;&#8221; width_last_edited=&#8221;on|desktop&#8221; custom_margin=&#8221;30px|auto|60px|auto|false|false&#8221; custom_margin_tablet=&#8221;0px||0px||false|false&#8221; custom_margin_phone=&#8221;&#8221; custom_margin_last_edited=&#8221;on|desktop&#8221; custom_padding=&#8221;||||false|false&#8221;][et_pb_column type=&#8221;4_4&#8243; module_class=&#8221;mb-0&#8243; _builder_version=&#8221;3.27.4&#8243;][et_pb_text module_class=&#8221;fvz-content-info-inner-wrapper&#8221; _builder_version=&#8221;4.6.1&#8243; hover_enabled=&#8221;0&#8243; sticky_enabled=&#8221;0&#8243;]<\/p>\n<p><strong>Raziskovalna oprema je (so)financirana s strani Javne agencije za raziskovalno dejavnost RS (ARRS).<\/strong><\/p>\n<p>[\/et_pb_text][et_pb_code _builder_version=&#8221;4.6.1&#8243; _module_preset=&#8221;default&#8221; hover_enabled=&#8221;0&#8243; sticky_enabled=&#8221;0&#8243;]\n<table id=\"tablepress-3\" class=\"tablepress tablepress-id-3 table-responsive\">\n<thead>\n<tr class=\"row-1\">\n\t<th class=\"column-1\">Odgovorna in kontaktna oseba<\/th><th class=\"column-2\">Polni naziv opreme<\/th><th class=\"column-3\">Dostop do opreme<\/th><th class=\"column-4\">Cena na uro (EUR - DDV ni vklju\u010den)<\/th>\n<\/tr>\n<\/thead>\n<tbody class=\"row-striping row-hover\">\n<tr class=\"row-2\">\n\t<td class=\"column-1\">doc. dr. Katja Kranjc <br>(<a href=\"mailto:katja.kranjc@fvz.upr.si\">katja.kranjc@fvz.upr.si<\/a><br> ali 05\/66 26 465)<\/td><td class=\"column-2\"><strong>Mikropreto\u010dni sistem CellASIC ONIX2<\/strong>\u00a0omogo\u010da nadzor pretoka raztopin, temperature in atmosfere ter neposredno spremljanje dogajanja preko mikroskopa. Omogo\u010da delo s celicami v suspenziji in s pritrjenimi celicami; spremljanje diferenciacije in odziva razli\u010dnih celi\u010dnih linij v \u010dasu, dolo\u010danje delovanja protimikrobnih sredstev, spremljanje in prepre\u010devanje tvorbe biofilma, dolo\u010danje interakcij patogenih mikroorganizmov na modelu celi\u010dnih linij.<\/td><td class=\"column-3\">Mikropreto\u010dni sistem CellASIC ONIX2 se nahaja na Univerzi v Ljubljani, Biotehni\u0161ka fakulteta, Jamnikarjeva 101, 1000 Ljubljana. Nahaja se na pultu in je povezan z ra\u010dunalnikom. Poskus poteka v komercialno dostopnih plo\u0161\u010dicah, primernih za napravo, ki se priklopijo na nastavek naprave in vakumsko zaprejo. Nadzor sistema je mogo\u010d preko programske opreme na ra\u010dunalniku.<\/td><td class=\"column-4\">0\u20ac<\/td>\n<\/tr>\n<tr class=\"row-3\">\n\t<td class=\"column-1\">prof. dr. Nejc \u0160arabon<br \/>(<a href=\"mailto:nejc.sarabon@fvz.upr.si\">nejc.sarabon@fvz.upr.si<\/a><br \/>ali 05\/66 26 482)<\/td><td class=\"column-2\"><strong><a href=\"https:\/\/www.resona7.com\/resona7.html\">Ultrazvo\u010dni aparat MINDRAY RESONA 7<\/a><\/strong><br \/>omogo\u010da raziskovanje na naslednjih<br \/>podro\u010djih: <ul><li>geometrijske lastnosti in trdnost\/togost mi\u0161i\u010dnovezivnih struktur,<\/li><li>urinarnega in vaskularnega sistema,<\/li><li>telesne sestave \u2013 sestave telesnih tkiv pri \u010dloveku.<\/li><\/ul><\/td><td class=\"column-3\">Ultrazvo\u010dni aparat MINDRAY RESONA 7 se nahaja na UP FVZ (Polje 42, 6310 Izola).<\/td><td class=\"column-4\">0\u20ac<\/td>\n<\/tr>\n<tr class=\"row-4\">\n\t<td class=\"column-1\">asist. Oskar Cvjeti\u010danin<br \/>(<a href=\"mailto:oskar.cvjeticanin@fvz.upr.si\">oskar.cvjeticanin@fvz.upr.si<\/a><br \/>ali 05\/66 35 801)<\/td><td class=\"column-2\"><strong>Kineti\u010dni gle\u017eenjski dinamometer<\/strong>\u00a0omogo\u010da vadbo gle\u017eenjskega sklepa v bo\u010dni ravnini v razli\u010dnih izokineti\u010dnih (koncentri\u010dno in ekscenti\u010dno) na\u010dinih. Skupaj s programsko opremo omogo\u010da natan\u010dno moduliranje upora, ki ga nudi in s tem natan\u010dmo odmerjanje vadbenega dra\u017eljaja. Obenem ima naprava vgrajene tudi merilnik navora, si \u010dimer poleg vadbene funkcije predstavlja tudi na\u010din vrednotenje funkcije gle\u017enja (najve\u010dji navor, hitrost prirastka navora), tudi med vadbo samo. <\/td><td class=\"column-3\">Kineti\u010dni gle\u017eenjski dinamometer se nahaja na UP FVZ (Kampus Livade, Livade 6, 6310 Izola, Labortorij za biomehaniko). Sistem ima pripadajo\u010do, po meri razvito programsko opremo. Dodatnih komponent, ki bi bile potrebne za delovanje naprave, ni. Glede na ob\u010dutljivost opreme in notranja pravila, je uporaba opreme mo\u017ena le ob predhodnem uvajanju. <\/td><td class=\"column-4\">0\u20ac<\/td>\n<\/tr>\n<\/tbody>\n<\/table>\n<!-- #tablepress-3 from cache -->[\/et_pb_code][\/et_pb_column][\/et_pb_row][\/et_pb_section]<\/p>\n","protected":false},"excerpt":{"rendered":"<p>Raziskovalna oprema je (so)financirana s strani Javne agencije za raziskovalno dejavnost RS (ARRS). \n<table id=\"tablepress-3-no-2\" class=\"tablepress tablepress-id-3 table-responsive\">\n<thead>\n<tr class=\"row-1\">\n\t<th class=\"column-1\">Odgovorna in kontaktna oseba<\/th><th class=\"column-2\">Polni naziv opreme<\/th><th class=\"column-3\">Dostop do opreme<\/th><th class=\"column-4\">Cena na uro (EUR - DDV ni vklju\u010den)<\/th>\n<\/tr>\n<\/thead>\n<tbody class=\"row-striping row-hover\">\n<tr class=\"row-2\">\n\t<td class=\"column-1\">doc. dr. Katja Kranjc <br>(<a href=\"mailto:katja.kranjc@fvz.upr.si\">katja.kranjc@fvz.upr.si<\/a><br> ali 05\/66 26 465)<\/td><td class=\"column-2\"><strong>Mikropreto\u010dni sistem CellASIC ONIX2<\/strong>\u00a0omogo\u010da nadzor pretoka raztopin, temperature in atmosfere ter neposredno spremljanje dogajanja preko mikroskopa. Omogo\u010da delo s celicami v suspenziji in s pritrjenimi celicami; spremljanje diferenciacije in odziva razli\u010dnih celi\u010dnih linij v \u010dasu, dolo\u010danje delovanja protimikrobnih sredstev, spremljanje in prepre\u010devanje tvorbe biofilma, dolo\u010danje interakcij patogenih mikroorganizmov na modelu celi\u010dnih linij.<\/td><td class=\"column-3\">Mikropreto\u010dni sistem CellASIC ONIX2 se nahaja na Univerzi v Ljubljani, Biotehni\u0161ka fakulteta, Jamnikarjeva 101, 1000 Ljubljana. Nahaja se na pultu in je povezan z ra\u010dunalnikom. Poskus poteka v komercialno dostopnih plo\u0161\u010dicah, primernih za napravo, ki se priklopijo na nastavek naprave in vakumsko zaprejo. Nadzor sistema je mogo\u010d preko programske opreme na ra\u010dunalniku.<\/td><td class=\"column-4\">0\u20ac<\/td>\n<\/tr>\n<tr class=\"row-3\">\n\t<td class=\"column-1\">prof. dr. Nejc \u0160arabon<br \/>(<a href=\"mailto:nejc.sarabon@fvz.upr.si\">nejc.sarabon@fvz.upr.si<\/a><br \/>ali 05\/66 26 482)<\/td><td class=\"column-2\"><strong><a href=\"https:\/\/www.resona7.com\/resona7.html\">Ultrazvo\u010dni aparat MINDRAY RESONA 7<\/a><\/strong><br \/>omogo\u010da raziskovanje na naslednjih<br \/>podro\u010djih: <ul><li>geometrijske lastnosti in trdnost\/togost mi\u0161i\u010dnovezivnih struktur,<\/li><li>urinarnega in vaskularnega sistema,<\/li><li>telesne sestave \u2013 sestave telesnih tkiv pri \u010dloveku.<\/li><\/ul><\/td><td class=\"column-3\">Ultrazvo\u010dni aparat MINDRAY RESONA 7 se nahaja na UP FVZ (Polje 42, 6310 Izola).<\/td><td class=\"column-4\">0\u20ac<\/td>\n<\/tr>\n<tr class=\"row-4\">\n\t<td class=\"column-1\">asist. Oskar Cvjeti\u010danin<br \/>(<a href=\"mailto:oskar.cvjeticanin@fvz.upr.si\">oskar.cvjeticanin@fvz.upr.si<\/a><br \/>ali 05\/66 35 801)<\/td><td class=\"column-2\"><strong>Kineti\u010dni gle\u017eenjski dinamometer<\/strong>\u00a0omogo\u010da vadbo gle\u017eenjskega sklepa v bo\u010dni ravnini v razli\u010dnih izokineti\u010dnih (koncentri\u010dno in ekscenti\u010dno) na\u010dinih. Skupaj s programsko opremo omogo\u010da natan\u010dno moduliranje upora, ki ga nudi in s tem natan\u010dmo odmerjanje vadbenega dra\u017eljaja. Obenem ima naprava vgrajene tudi merilnik navora, si \u010dimer poleg vadbene funkcije predstavlja tudi na\u010din vrednotenje funkcije gle\u017enja (najve\u010dji navor, hitrost prirastka navora), tudi med vadbo samo. <\/td><td class=\"column-3\">Kineti\u010dni gle\u017eenjski dinamometer se nahaja na UP FVZ (Kampus Livade, Livade 6, 6310 Izola, Labortorij za biomehaniko). Sistem ima pripadajo\u010do, po meri razvito programsko opremo. Dodatnih komponent, ki bi bile potrebne za delovanje naprave, ni. Glede na ob\u010dutljivost opreme in notranja pravila, je uporaba opreme mo\u017ena le ob predhodnem uvajanju. <\/td><td class=\"column-4\">0\u20ac<\/td>\n<\/tr>\n<\/tbody>\n<\/table>\n<\/p>\n","protected":false},"author":3,"featured_media":56161,"parent":0,"menu_order":0,"comment_status":"closed","ping_status":"closed","template":"","meta":{"_et_pb_use_builder":"on","_et_pb_old_content":"","_et_gb_content_width":"","_price":"","_stock":"","_tribe_ticket_header":"","_tribe_default_ticket_provider":"","_tribe_ticket_capacity":"0","_ticket_start_date":"","_ticket_end_date":"","_tribe_ticket_show_description":"","_tribe_ticket_show_not_going":false,"_tribe_ticket_use_global_stock":"","_tribe_ticket_global_stock_level":"","_global_stock_mode":"","_global_stock_cap":"","_tribe_rsvp_for_event":"","_tribe_ticket_going_count":"","_tribe_ticket_not_going_count":"","_tribe_tickets_list":"[]","_tribe_ticket_has_attendee_info_fields":false,"footnotes":"","_tec_slr_enabled":"","_tec_slr_layout":""},"class_list":["post-32160","page","type-page","status-publish","has-post-thumbnail","hentry"],"yoast_head":"<!-- This site is optimized with the Yoast SEO plugin v27.4 - https:\/\/yoast.com\/product\/yoast-seo-wordpress\/ -->\n<title>Raziskovalna oprema - Fakulteta za vede o zdravju<\/title>\n<meta name=\"robots\" content=\"index, follow, max-snippet:-1, max-image-preview:large, max-video-preview:-1\" \/>\n<link rel=\"canonical\" href=\"https:\/\/fvz.upr.si\/raziskovalna-oprema\/\" \/>\n<meta property=\"og:locale\" content=\"en_US\" \/>\n<meta property=\"og:type\" content=\"article\" \/>\n<meta property=\"og:title\" content=\"Raziskovalna oprema - Fakulteta za vede o zdravju\" \/>\n<meta property=\"og:description\" content=\"Raziskovalna oprema je (so)financirana s strani Javne agencije za raziskovalno dejavnost RS (ARRS).\" \/>\n<meta property=\"og:url\" content=\"https:\/\/fvz.upr.si\/raziskovalna-oprema\/\" \/>\n<meta property=\"og:site_name\" content=\"Fakulteta za vede o zdravju\" \/>\n<meta property=\"article:modified_time\" content=\"2026-01-27T09:32:18+00:00\" \/>\n<meta property=\"og:image\" content=\"https:\/\/fvz.upr.si\/wp-content\/uploads\/2024\/01\/Laboratorij-6.jpg\" \/>\n\t<meta property=\"og:image:width\" content=\"1280\" \/>\n\t<meta property=\"og:image:height\" content=\"854\" \/>\n\t<meta property=\"og:image:type\" content=\"image\/jpeg\" \/>\n<meta name=\"twitter:card\" content=\"summary_large_image\" \/>\n<meta name=\"twitter:label1\" content=\"Est. reading time\" \/>\n\t<meta name=\"twitter:data1\" content=\"2 minutes\" \/>\n<script type=\"application\/ld+json\" class=\"yoast-schema-graph\">{\"@context\":\"https:\\\/\\\/schema.org\",\"@graph\":[{\"@type\":\"WebPage\",\"@id\":\"https:\\\/\\\/fvz.upr.si\\\/raziskovalna-oprema\\\/\",\"url\":\"https:\\\/\\\/fvz.upr.si\\\/raziskovalna-oprema\\\/\",\"name\":\"Raziskovalna oprema - Fakulteta za vede o zdravju\",\"isPartOf\":{\"@id\":\"https:\\\/\\\/fvz.upr.si\\\/#website\"},\"primaryImageOfPage\":{\"@id\":\"https:\\\/\\\/fvz.upr.si\\\/raziskovalna-oprema\\\/#primaryimage\"},\"image\":{\"@id\":\"https:\\\/\\\/fvz.upr.si\\\/raziskovalna-oprema\\\/#primaryimage\"},\"thumbnailUrl\":\"https:\\\/\\\/fvz.upr.si\\\/wp-content\\\/uploads\\\/2024\\\/01\\\/Laboratorij-6.jpg\",\"datePublished\":\"2020-09-09T12:31:14+00:00\",\"dateModified\":\"2026-01-27T09:32:18+00:00\",\"breadcrumb\":{\"@id\":\"https:\\\/\\\/fvz.upr.si\\\/raziskovalna-oprema\\\/#breadcrumb\"},\"inLanguage\":\"en-US\",\"potentialAction\":[{\"@type\":\"ReadAction\",\"target\":[\"https:\\\/\\\/fvz.upr.si\\\/raziskovalna-oprema\\\/\"]}]},{\"@type\":\"ImageObject\",\"inLanguage\":\"en-US\",\"@id\":\"https:\\\/\\\/fvz.upr.si\\\/raziskovalna-oprema\\\/#primaryimage\",\"url\":\"https:\\\/\\\/fvz.upr.si\\\/wp-content\\\/uploads\\\/2024\\\/01\\\/Laboratorij-6.jpg\",\"contentUrl\":\"https:\\\/\\\/fvz.upr.si\\\/wp-content\\\/uploads\\\/2024\\\/01\\\/Laboratorij-6.jpg\",\"width\":1280,\"height\":854},{\"@type\":\"BreadcrumbList\",\"@id\":\"https:\\\/\\\/fvz.upr.si\\\/raziskovalna-oprema\\\/#breadcrumb\",\"itemListElement\":[{\"@type\":\"ListItem\",\"position\":1,\"name\":\"Home\",\"item\":\"https:\\\/\\\/fvz.upr.si\\\/\"},{\"@type\":\"ListItem\",\"position\":2,\"name\":\"Raziskovalna oprema\"}]},{\"@type\":\"WebSite\",\"@id\":\"https:\\\/\\\/fvz.upr.si\\\/#website\",\"url\":\"https:\\\/\\\/fvz.upr.si\\\/\",\"name\":\"Fakulteta za vede o zdravju\",\"description\":\"\u017divljenju dodajamo znanje.\",\"publisher\":{\"@id\":\"https:\\\/\\\/fvz.upr.si\\\/#organization\"},\"potentialAction\":[{\"@type\":\"SearchAction\",\"target\":{\"@type\":\"EntryPoint\",\"urlTemplate\":\"https:\\\/\\\/fvz.upr.si\\\/?s={search_term_string}\"},\"query-input\":{\"@type\":\"PropertyValueSpecification\",\"valueRequired\":true,\"valueName\":\"search_term_string\"}}],\"inLanguage\":\"en-US\"},{\"@type\":\"Organization\",\"@id\":\"https:\\\/\\\/fvz.upr.si\\\/#organization\",\"name\":\"Fakulteta za vede o zdravju\",\"url\":\"https:\\\/\\\/fvz.upr.si\\\/\",\"logo\":{\"@type\":\"ImageObject\",\"inLanguage\":\"en-US\",\"@id\":\"https:\\\/\\\/fvz.upr.si\\\/#\\\/schema\\\/logo\\\/image\\\/\",\"url\":\"https:\\\/\\\/fvz.upr.si\\\/wp-content\\\/uploads\\\/2019\\\/03\\\/UP-FVZ_logo-transparent.png\",\"contentUrl\":\"https:\\\/\\\/fvz.upr.si\\\/wp-content\\\/uploads\\\/2019\\\/03\\\/UP-FVZ_logo-transparent.png\",\"width\":1417,\"height\":792,\"caption\":\"Fakulteta za vede o zdravju\"},\"image\":{\"@id\":\"https:\\\/\\\/fvz.upr.si\\\/#\\\/schema\\\/logo\\\/image\\\/\"}}]}<\/script>\n<!-- \/ Yoast SEO plugin. -->","yoast_head_json":{"title":"Raziskovalna oprema - Fakulteta za vede o zdravju","robots":{"index":"index","follow":"follow","max-snippet":"max-snippet:-1","max-image-preview":"max-image-preview:large","max-video-preview":"max-video-preview:-1"},"canonical":"https:\/\/fvz.upr.si\/raziskovalna-oprema\/","og_locale":"en_US","og_type":"article","og_title":"Raziskovalna oprema - Fakulteta za vede o zdravju","og_description":"Raziskovalna oprema je (so)financirana s strani Javne agencije za raziskovalno dejavnost RS (ARRS).","og_url":"https:\/\/fvz.upr.si\/raziskovalna-oprema\/","og_site_name":"Fakulteta za vede o zdravju","article_modified_time":"2026-01-27T09:32:18+00:00","og_image":[{"width":1280,"height":854,"url":"https:\/\/fvz.upr.si\/wp-content\/uploads\/2024\/01\/Laboratorij-6.jpg","type":"image\/jpeg"}],"twitter_card":"summary_large_image","twitter_misc":{"Est. reading time":"2 minutes"},"schema":{"@context":"https:\/\/schema.org","@graph":[{"@type":"WebPage","@id":"https:\/\/fvz.upr.si\/raziskovalna-oprema\/","url":"https:\/\/fvz.upr.si\/raziskovalna-oprema\/","name":"Raziskovalna oprema - Fakulteta za vede o zdravju","isPartOf":{"@id":"https:\/\/fvz.upr.si\/#website"},"primaryImageOfPage":{"@id":"https:\/\/fvz.upr.si\/raziskovalna-oprema\/#primaryimage"},"image":{"@id":"https:\/\/fvz.upr.si\/raziskovalna-oprema\/#primaryimage"},"thumbnailUrl":"https:\/\/fvz.upr.si\/wp-content\/uploads\/2024\/01\/Laboratorij-6.jpg","datePublished":"2020-09-09T12:31:14+00:00","dateModified":"2026-01-27T09:32:18+00:00","breadcrumb":{"@id":"https:\/\/fvz.upr.si\/raziskovalna-oprema\/#breadcrumb"},"inLanguage":"en-US","potentialAction":[{"@type":"ReadAction","target":["https:\/\/fvz.upr.si\/raziskovalna-oprema\/"]}]},{"@type":"ImageObject","inLanguage":"en-US","@id":"https:\/\/fvz.upr.si\/raziskovalna-oprema\/#primaryimage","url":"https:\/\/fvz.upr.si\/wp-content\/uploads\/2024\/01\/Laboratorij-6.jpg","contentUrl":"https:\/\/fvz.upr.si\/wp-content\/uploads\/2024\/01\/Laboratorij-6.jpg","width":1280,"height":854},{"@type":"BreadcrumbList","@id":"https:\/\/fvz.upr.si\/raziskovalna-oprema\/#breadcrumb","itemListElement":[{"@type":"ListItem","position":1,"name":"Home","item":"https:\/\/fvz.upr.si\/"},{"@type":"ListItem","position":2,"name":"Raziskovalna oprema"}]},{"@type":"WebSite","@id":"https:\/\/fvz.upr.si\/#website","url":"https:\/\/fvz.upr.si\/","name":"Fakulteta za vede o zdravju","description":"\u017divljenju dodajamo znanje.","publisher":{"@id":"https:\/\/fvz.upr.si\/#organization"},"potentialAction":[{"@type":"SearchAction","target":{"@type":"EntryPoint","urlTemplate":"https:\/\/fvz.upr.si\/?s={search_term_string}"},"query-input":{"@type":"PropertyValueSpecification","valueRequired":true,"valueName":"search_term_string"}}],"inLanguage":"en-US"},{"@type":"Organization","@id":"https:\/\/fvz.upr.si\/#organization","name":"Fakulteta za vede o zdravju","url":"https:\/\/fvz.upr.si\/","logo":{"@type":"ImageObject","inLanguage":"en-US","@id":"https:\/\/fvz.upr.si\/#\/schema\/logo\/image\/","url":"https:\/\/fvz.upr.si\/wp-content\/uploads\/2019\/03\/UP-FVZ_logo-transparent.png","contentUrl":"https:\/\/fvz.upr.si\/wp-content\/uploads\/2019\/03\/UP-FVZ_logo-transparent.png","width":1417,"height":792,"caption":"Fakulteta za vede o zdravju"},"image":{"@id":"https:\/\/fvz.upr.si\/#\/schema\/logo\/image\/"}}]}},"ticketed":false,"_links":{"self":[{"href":"https:\/\/fvz.upr.si\/en\/wp-json\/wp\/v2\/pages\/32160","targetHints":{"allow":["GET"]}}],"collection":[{"href":"https:\/\/fvz.upr.si\/en\/wp-json\/wp\/v2\/pages"}],"about":[{"href":"https:\/\/fvz.upr.si\/en\/wp-json\/wp\/v2\/types\/page"}],"author":[{"embeddable":true,"href":"https:\/\/fvz.upr.si\/en\/wp-json\/wp\/v2\/users\/3"}],"replies":[{"embeddable":true,"href":"https:\/\/fvz.upr.si\/en\/wp-json\/wp\/v2\/comments?post=32160"}],"version-history":[{"count":3,"href":"https:\/\/fvz.upr.si\/en\/wp-json\/wp\/v2\/pages\/32160\/revisions"}],"predecessor-version":[{"id":105326,"href":"https:\/\/fvz.upr.si\/en\/wp-json\/wp\/v2\/pages\/32160\/revisions\/105326"}],"wp:featuredmedia":[{"embeddable":true,"href":"https:\/\/fvz.upr.si\/en\/wp-json\/wp\/v2\/media\/56161"}],"wp:attachment":[{"href":"https:\/\/fvz.upr.si\/en\/wp-json\/wp\/v2\/media?parent=32160"}],"curies":[{"name":"wp","href":"https:\/\/api.w.org\/{rel}","templated":true}]}}