{"id":29501,"date":"2020-04-24T14:42:38","date_gmt":"2020-04-24T12:42:38","guid":{"rendered":"https:\/\/fvz.upr.si\/?page_id=29501"},"modified":"2026-03-31T15:32:58","modified_gmt":"2026-03-31T13:32:58","slug":"assoc-prof-dr-bostjan-zvanut-phd-topics","status":"publish","type":"page","link":"https:\/\/fvz.upr.si\/en\/assoc-prof-dr-bostjan-zvanut-phd-topics\/","title":{"rendered":"assoc. prof. dr. Bo\u0161tjan \u017dvanut &#8211; PHD TOPICS"},"content":{"rendered":"<p>[et_pb_section fb_built=&#8221;1&#8243; _builder_version=&#8221;3.27.2&#8243; _dynamic_attributes=&#8221;background_image&#8221; background_enable_color=&#8221;off&#8221; background_image=&#8221;@ET-DC@eyJkeW5hbWljIjp0cnVlLCJjb250ZW50IjoicG9zdF9mZWF0dXJlZF9pbWFnZSIsInNldHRpbmdzIjp7fX0=@&#8221; height=&#8221;330px&#8221; animation_style=&#8221;fade&#8221; custom_css_main_element=&#8221;padding-top: 0;||padding-bottom: 0;&#8221; global_module=&#8221;18950&#8243; saved_tabs=&#8221;all&#8221; global_colors_info=&#8221;{}&#8221;][et_pb_row _builder_version=&#8221;4.16&#8243; height=&#8221;100%&#8221; custom_css_main_element=&#8221;position: relative;||padding-top: 0;||padding-bottom: 0;&#8221; global_colors_info=&#8221;{}&#8221;][et_pb_column type=&#8221;4_4&#8243; _builder_version=&#8221;4.16&#8243; custom_css_main_element=&#8221;height: 100%;&#8221; global_colors_info=&#8221;{}&#8221;][et_pb_text _builder_version=&#8221;4.16&#8243; _dynamic_attributes=&#8221;content&#8221; text_font=&#8221;Fira Sans|||on|||||&#8221; text_text_color=&#8221;#ffffff&#8221; text_font_size=&#8221;20px&#8221; custom_css_main_element=&#8221;background-color: #bf2f1a;||display: inline-block;||position: absolute;||bottom: 0;||padding: 16px;&#8221; border_width_all=&#8221;2px&#8221; border_color_all=&#8221;#821f22&#8243; border_width_bottom=&#8221;0px&#8221; global_colors_info=&#8221;{}&#8221;]@ET-DC@eyJkeW5hbWljIjp0cnVlLCJjb250ZW50IjoicG9zdF90aXRsZSIsInNldHRpbmdzIjp7ImJlZm9yZSI6IiIsImFmdGVyIjoiIn19@[\/et_pb_text][\/et_pb_column][\/et_pb_row][\/et_pb_section][et_pb_section fb_built=&#8221;1&#8243; custom_padding_last_edited=&#8221;on|tablet&#8221; _builder_version=&#8221;4.16&#8243; background_color=&#8221;#f1f0ee&#8221; custom_padding=&#8221;60px||60px||false|false&#8221; custom_padding_tablet=&#8221;30px||30px||false|false&#8221; custom_padding_phone=&#8221;&#8221; animation_style=&#8221;fade&#8221; z_index_tablet=&#8221;500&#8243; box_shadow_horizontal_tablet=&#8221;0px&#8221; box_shadow_vertical_tablet=&#8221;0px&#8221; box_shadow_blur_tablet=&#8221;40px&#8221; box_shadow_spread_tablet=&#8221;0px&#8221; global_colors_info=&#8221;{}&#8221;][et_pb_row _builder_version=&#8221;4.16&#8243; global_colors_info=&#8221;{}&#8221;][et_pb_column type=&#8221;4_4&#8243; _builder_version=&#8221;4.16&#8243; global_colors_info=&#8221;{}&#8221;][et_pb_text _builder_version=&#8221;4.27.5&#8243; hover_enabled=&#8221;0&#8243; global_colors_info=&#8221;{}&#8221; sticky_enabled=&#8221;0&#8243;]<\/p>\n<p><strong>Name and Surname: <\/strong><a href=\"https:\/\/fvz.upr.si\/en\/fvz-employees\/izr-prof-dr-bostjan-zvanut\/\">assoc. prof. Bo\u0161tjan \u017dvanut, PhD<\/a><strong><br \/>Links: <\/strong><a href=\"https:\/\/www.sicris.si\/public\/jqm\/rsr.aspx?lang=eng&amp;opdescr=search&amp;opt=2&amp;subopt=300&amp;code1=rsr&amp;code2=auto&amp;psize=10&amp;hits=1&amp;page=1&amp;count=1&amp;search_term=24930&amp;id=18269&amp;slng=slv&amp;order_by=\" target=\"_blank\" rel=\"noopener noreferrer\">ARRS 24930<\/a>,\u00a0<a href=\"https:\/\/www.linkedin.com\/in\/bo%C5%A1tjan-%C5%BEvanut-7269375\/\" target=\"_blank\" rel=\"noopener noreferrer\">LINKEDIN<\/a><a href=\"https:\/\/www.sicris.si\/public\/jqm\/search_basic.aspx?lang=slv&amp;opt=2&amp;subopt=1&amp;opdescr=search&amp;code1=cmn&amp;code2=auto&amp;search_term=24263\" target=\"_blank\" rel=\"noopener noreferrer\"><\/a><strong><br \/>E-Mail: <\/strong><a href=\"mailto:bostjan.zvanut@fvz.upr.si\" title=\"bostjan.zvanut@fvz.upr.si\">bostjan.zvanut@fvz.upr.si<\/a><strong><br \/><\/strong><\/p>\n<p><span style=\"color: #ff0000;\"><strong>Research facility (research activity location):<\/strong><\/span><br \/>University of Primorska, Faculty of healthcare<br \/>If required: PhD candidate work organisation and organisations partipating in the research<\/p>\n<p><span style=\"color: #ff0000;\"><strong>Research field according to ARRS classification<\/strong><\/span><br \/><strong>Science:<\/strong> Technic<br \/><strong>Field:<\/strong> Computer and information science<\/p>\n<p><strong>Science:<\/strong> Medicine<br \/><strong>Field:<\/strong> Public health (safety at work)<\/p>\n<p style=\"text-align: justify;\"><span style=\"color: #ff0000;\"><strong>Summary of research topic and field<\/strong> <\/span><br \/>Proposed topic: Use of Information and Communication Technologies (ICT) to Promote Health Promotion and Prevention [NOV ODSTAVEK] PhD candidates will participate in ongoing research and development projects at UP FVZ in the fields of cybersecurity, the use of ICT in healthcare, and artificial intelligence. Particular emphasis will be placed on: 1) cybersecurity, privacy, and ethics (e.g., safe use of smart devices, prevention of unauthorised access to health data), for both patients and particularly vulnerable groups such as older adults; 2) understanding user behaviour (patients and healthcare professionals) in the use of ICT, including perceived threats of cyberattacks and their impact on technology acceptance, as well as developing measurement instruments to assess the acceptance of these technologies in practice; 3) the use of artificial intelligence in clinical practice and health promotion (e.g., decision support, predictive models, process automation); 4) the development of e-learning in public health; 5) the development of measurement instruments for assessing the use of ICT in healthcare; 6) the development and application of ICT solutions to support decision-making, coordination, and effective response in mass casualty incidents.<\/p>\n<p>[\/et_pb_text][\/et_pb_column][\/et_pb_row][\/et_pb_section]<\/p>\n","protected":false},"excerpt":{"rendered":"<p>Name and Surname: assoc. prof. Bo\u0161tjan \u017dvanut, PhDLinks: ARRS 24930,\u00a0LINKEDINE-Mail: bostjan.zvanut@fvz.upr.si Research facility (research activity location):University of Primorska, Faculty of healthcareIf required: PhD candidate work organisation and organisations partipating in [&hellip;]<\/p>\n","protected":false},"author":2,"featured_media":29111,"parent":0,"menu_order":0,"comment_status":"closed","ping_status":"closed","template":"","meta":{"_et_pb_use_builder":"on","_et_pb_old_content":"","_et_gb_content_width":"","_price":"","_stock":"","_tribe_ticket_header":"","_tribe_default_ticket_provider":"","_tribe_ticket_capacity":"0","_ticket_start_date":"","_ticket_end_date":"","_tribe_ticket_show_description":"","_tribe_ticket_show_not_going":false,"_tribe_ticket_use_global_stock":"","_tribe_ticket_global_stock_level":"","_global_stock_mode":"","_global_stock_cap":"","_tribe_rsvp_for_event":"","_tribe_ticket_going_count":"","_tribe_ticket_not_going_count":"","_tribe_tickets_list":"[]","_tribe_ticket_has_attendee_info_fields":false,"footnotes":"","_tec_slr_enabled":"","_tec_slr_layout":""},"class_list":["post-29501","page","type-page","status-publish","has-post-thumbnail","hentry"],"yoast_head":"<!-- This site is optimized with the Yoast SEO plugin v27.5 - https:\/\/yoast.com\/product\/yoast-seo-wordpress\/ -->\n<title>assoc. prof. dr. Bo\u0161tjan \u017dvanut - PHD TOPICS - Fakulteta za vede o zdravju<\/title>\n<meta name=\"robots\" content=\"index, follow, max-snippet:-1, max-image-preview:large, max-video-preview:-1\" \/>\n<link rel=\"canonical\" href=\"https:\/\/fvz.upr.si\/en\/assoc-prof-dr-bostjan-zvanut-phd-topics\/\" \/>\n<meta property=\"og:locale\" content=\"en_US\" \/>\n<meta property=\"og:type\" content=\"article\" \/>\n<meta property=\"og:title\" content=\"assoc. prof. dr. Bo\u0161tjan \u017dvanut - PHD TOPICS - Fakulteta za vede o zdravju\" \/>\n<meta property=\"og:description\" content=\"Name and Surname: assoc. prof. Bo\u0161tjan \u017dvanut, PhDLinks: ARRS 24930,\u00a0LINKEDINE-Mail: bostjan.zvanut@fvz.upr.si Research facility (research activity location):University of Primorska, Faculty of healthcareIf required: PhD candidate work organisation and organisations partipating in [&hellip;]\" \/>\n<meta property=\"og:url\" content=\"https:\/\/fvz.upr.si\/en\/assoc-prof-dr-bostjan-zvanut-phd-topics\/\" \/>\n<meta property=\"og:site_name\" content=\"Fakulteta za vede o zdravju\" \/>\n<meta property=\"article:modified_time\" content=\"2026-03-31T13:32:58+00:00\" \/>\n<meta property=\"og:image\" content=\"https:\/\/fvz.upr.si\/wp-content\/uploads\/2020\/04\/Raziskovanje-in-razvoj.jpg\" \/>\n\t<meta property=\"og:image:width\" content=\"968\" \/>\n\t<meta property=\"og:image:height\" content=\"468\" \/>\n\t<meta property=\"og:image:type\" content=\"image\/jpeg\" \/>\n<meta name=\"twitter:card\" content=\"summary_large_image\" \/>\n<meta name=\"twitter:label1\" content=\"Est. reading time\" \/>\n\t<meta name=\"twitter:data1\" content=\"2 minutes\" \/>\n<script type=\"application\/ld+json\" class=\"yoast-schema-graph\">{\"@context\":\"https:\\\/\\\/schema.org\",\"@graph\":[{\"@type\":\"WebPage\",\"@id\":\"https:\\\/\\\/fvz.upr.si\\\/en\\\/assoc-prof-dr-bostjan-zvanut-phd-topics\\\/\",\"url\":\"https:\\\/\\\/fvz.upr.si\\\/en\\\/assoc-prof-dr-bostjan-zvanut-phd-topics\\\/\",\"name\":\"assoc. prof. dr. Bo\u0161tjan \u017dvanut - PHD TOPICS - Fakulteta za vede o zdravju\",\"isPartOf\":{\"@id\":\"https:\\\/\\\/fvz.upr.si\\\/#website\"},\"primaryImageOfPage\":{\"@id\":\"https:\\\/\\\/fvz.upr.si\\\/en\\\/assoc-prof-dr-bostjan-zvanut-phd-topics\\\/#primaryimage\"},\"image\":{\"@id\":\"https:\\\/\\\/fvz.upr.si\\\/en\\\/assoc-prof-dr-bostjan-zvanut-phd-topics\\\/#primaryimage\"},\"thumbnailUrl\":\"https:\\\/\\\/fvz.upr.si\\\/wp-content\\\/uploads\\\/2020\\\/04\\\/Raziskovanje-in-razvoj.jpg\",\"datePublished\":\"2020-04-24T12:42:38+00:00\",\"dateModified\":\"2026-03-31T13:32:58+00:00\",\"breadcrumb\":{\"@id\":\"https:\\\/\\\/fvz.upr.si\\\/en\\\/assoc-prof-dr-bostjan-zvanut-phd-topics\\\/#breadcrumb\"},\"inLanguage\":\"en-US\",\"potentialAction\":[{\"@type\":\"ReadAction\",\"target\":[\"https:\\\/\\\/fvz.upr.si\\\/en\\\/assoc-prof-dr-bostjan-zvanut-phd-topics\\\/\"]}]},{\"@type\":\"ImageObject\",\"inLanguage\":\"en-US\",\"@id\":\"https:\\\/\\\/fvz.upr.si\\\/en\\\/assoc-prof-dr-bostjan-zvanut-phd-topics\\\/#primaryimage\",\"url\":\"https:\\\/\\\/fvz.upr.si\\\/wp-content\\\/uploads\\\/2020\\\/04\\\/Raziskovanje-in-razvoj.jpg\",\"contentUrl\":\"https:\\\/\\\/fvz.upr.si\\\/wp-content\\\/uploads\\\/2020\\\/04\\\/Raziskovanje-in-razvoj.jpg\",\"width\":968,\"height\":468},{\"@type\":\"BreadcrumbList\",\"@id\":\"https:\\\/\\\/fvz.upr.si\\\/en\\\/assoc-prof-dr-bostjan-zvanut-phd-topics\\\/#breadcrumb\",\"itemListElement\":[{\"@type\":\"ListItem\",\"position\":1,\"name\":\"Home\",\"item\":\"https:\\\/\\\/fvz.upr.si\\\/\"},{\"@type\":\"ListItem\",\"position\":2,\"name\":\"assoc. prof. dr. Bo\u0161tjan \u017dvanut &#8211; PHD TOPICS\"}]},{\"@type\":\"WebSite\",\"@id\":\"https:\\\/\\\/fvz.upr.si\\\/#website\",\"url\":\"https:\\\/\\\/fvz.upr.si\\\/\",\"name\":\"Fakulteta za vede o zdravju\",\"description\":\"\u017divljenju dodajamo znanje.\",\"publisher\":{\"@id\":\"https:\\\/\\\/fvz.upr.si\\\/#organization\"},\"potentialAction\":[{\"@type\":\"SearchAction\",\"target\":{\"@type\":\"EntryPoint\",\"urlTemplate\":\"https:\\\/\\\/fvz.upr.si\\\/?s={search_term_string}\"},\"query-input\":{\"@type\":\"PropertyValueSpecification\",\"valueRequired\":true,\"valueName\":\"search_term_string\"}}],\"inLanguage\":\"en-US\"},{\"@type\":\"Organization\",\"@id\":\"https:\\\/\\\/fvz.upr.si\\\/#organization\",\"name\":\"Fakulteta za vede o zdravju\",\"url\":\"https:\\\/\\\/fvz.upr.si\\\/\",\"logo\":{\"@type\":\"ImageObject\",\"inLanguage\":\"en-US\",\"@id\":\"https:\\\/\\\/fvz.upr.si\\\/#\\\/schema\\\/logo\\\/image\\\/\",\"url\":\"https:\\\/\\\/fvz.upr.si\\\/wp-content\\\/uploads\\\/2019\\\/03\\\/UP-FVZ_logo-transparent.png\",\"contentUrl\":\"https:\\\/\\\/fvz.upr.si\\\/wp-content\\\/uploads\\\/2019\\\/03\\\/UP-FVZ_logo-transparent.png\",\"width\":1417,\"height\":792,\"caption\":\"Fakulteta za vede o zdravju\"},\"image\":{\"@id\":\"https:\\\/\\\/fvz.upr.si\\\/#\\\/schema\\\/logo\\\/image\\\/\"}}]}<\/script>\n<!-- \/ Yoast SEO plugin. -->","yoast_head_json":{"title":"assoc. prof. dr. Bo\u0161tjan \u017dvanut - PHD TOPICS - Fakulteta za vede o zdravju","robots":{"index":"index","follow":"follow","max-snippet":"max-snippet:-1","max-image-preview":"max-image-preview:large","max-video-preview":"max-video-preview:-1"},"canonical":"https:\/\/fvz.upr.si\/en\/assoc-prof-dr-bostjan-zvanut-phd-topics\/","og_locale":"en_US","og_type":"article","og_title":"assoc. prof. dr. Bo\u0161tjan \u017dvanut - PHD TOPICS - Fakulteta za vede o zdravju","og_description":"Name and Surname: assoc. prof. Bo\u0161tjan \u017dvanut, PhDLinks: ARRS 24930,\u00a0LINKEDINE-Mail: bostjan.zvanut@fvz.upr.si Research facility (research activity location):University of Primorska, Faculty of healthcareIf required: PhD candidate work organisation and organisations partipating in [&hellip;]","og_url":"https:\/\/fvz.upr.si\/en\/assoc-prof-dr-bostjan-zvanut-phd-topics\/","og_site_name":"Fakulteta za vede o zdravju","article_modified_time":"2026-03-31T13:32:58+00:00","og_image":[{"width":968,"height":468,"url":"https:\/\/fvz.upr.si\/wp-content\/uploads\/2020\/04\/Raziskovanje-in-razvoj.jpg","type":"image\/jpeg"}],"twitter_card":"summary_large_image","twitter_misc":{"Est. reading time":"2 minutes"},"schema":{"@context":"https:\/\/schema.org","@graph":[{"@type":"WebPage","@id":"https:\/\/fvz.upr.si\/en\/assoc-prof-dr-bostjan-zvanut-phd-topics\/","url":"https:\/\/fvz.upr.si\/en\/assoc-prof-dr-bostjan-zvanut-phd-topics\/","name":"assoc. prof. dr. Bo\u0161tjan \u017dvanut - PHD TOPICS - Fakulteta za vede o zdravju","isPartOf":{"@id":"https:\/\/fvz.upr.si\/#website"},"primaryImageOfPage":{"@id":"https:\/\/fvz.upr.si\/en\/assoc-prof-dr-bostjan-zvanut-phd-topics\/#primaryimage"},"image":{"@id":"https:\/\/fvz.upr.si\/en\/assoc-prof-dr-bostjan-zvanut-phd-topics\/#primaryimage"},"thumbnailUrl":"https:\/\/fvz.upr.si\/wp-content\/uploads\/2020\/04\/Raziskovanje-in-razvoj.jpg","datePublished":"2020-04-24T12:42:38+00:00","dateModified":"2026-03-31T13:32:58+00:00","breadcrumb":{"@id":"https:\/\/fvz.upr.si\/en\/assoc-prof-dr-bostjan-zvanut-phd-topics\/#breadcrumb"},"inLanguage":"en-US","potentialAction":[{"@type":"ReadAction","target":["https:\/\/fvz.upr.si\/en\/assoc-prof-dr-bostjan-zvanut-phd-topics\/"]}]},{"@type":"ImageObject","inLanguage":"en-US","@id":"https:\/\/fvz.upr.si\/en\/assoc-prof-dr-bostjan-zvanut-phd-topics\/#primaryimage","url":"https:\/\/fvz.upr.si\/wp-content\/uploads\/2020\/04\/Raziskovanje-in-razvoj.jpg","contentUrl":"https:\/\/fvz.upr.si\/wp-content\/uploads\/2020\/04\/Raziskovanje-in-razvoj.jpg","width":968,"height":468},{"@type":"BreadcrumbList","@id":"https:\/\/fvz.upr.si\/en\/assoc-prof-dr-bostjan-zvanut-phd-topics\/#breadcrumb","itemListElement":[{"@type":"ListItem","position":1,"name":"Home","item":"https:\/\/fvz.upr.si\/"},{"@type":"ListItem","position":2,"name":"assoc. prof. dr. Bo\u0161tjan \u017dvanut &#8211; PHD TOPICS"}]},{"@type":"WebSite","@id":"https:\/\/fvz.upr.si\/#website","url":"https:\/\/fvz.upr.si\/","name":"Fakulteta za vede o zdravju","description":"\u017divljenju dodajamo znanje.","publisher":{"@id":"https:\/\/fvz.upr.si\/#organization"},"potentialAction":[{"@type":"SearchAction","target":{"@type":"EntryPoint","urlTemplate":"https:\/\/fvz.upr.si\/?s={search_term_string}"},"query-input":{"@type":"PropertyValueSpecification","valueRequired":true,"valueName":"search_term_string"}}],"inLanguage":"en-US"},{"@type":"Organization","@id":"https:\/\/fvz.upr.si\/#organization","name":"Fakulteta za vede o zdravju","url":"https:\/\/fvz.upr.si\/","logo":{"@type":"ImageObject","inLanguage":"en-US","@id":"https:\/\/fvz.upr.si\/#\/schema\/logo\/image\/","url":"https:\/\/fvz.upr.si\/wp-content\/uploads\/2019\/03\/UP-FVZ_logo-transparent.png","contentUrl":"https:\/\/fvz.upr.si\/wp-content\/uploads\/2019\/03\/UP-FVZ_logo-transparent.png","width":1417,"height":792,"caption":"Fakulteta za vede o zdravju"},"image":{"@id":"https:\/\/fvz.upr.si\/#\/schema\/logo\/image\/"}}]}},"ticketed":false,"_links":{"self":[{"href":"https:\/\/fvz.upr.si\/en\/wp-json\/wp\/v2\/pages\/29501","targetHints":{"allow":["GET"]}}],"collection":[{"href":"https:\/\/fvz.upr.si\/en\/wp-json\/wp\/v2\/pages"}],"about":[{"href":"https:\/\/fvz.upr.si\/en\/wp-json\/wp\/v2\/types\/page"}],"author":[{"embeddable":true,"href":"https:\/\/fvz.upr.si\/en\/wp-json\/wp\/v2\/users\/2"}],"replies":[{"embeddable":true,"href":"https:\/\/fvz.upr.si\/en\/wp-json\/wp\/v2\/comments?post=29501"}],"version-history":[{"count":5,"href":"https:\/\/fvz.upr.si\/en\/wp-json\/wp\/v2\/pages\/29501\/revisions"}],"predecessor-version":[{"id":108925,"href":"https:\/\/fvz.upr.si\/en\/wp-json\/wp\/v2\/pages\/29501\/revisions\/108925"}],"wp:featuredmedia":[{"embeddable":true,"href":"https:\/\/fvz.upr.si\/en\/wp-json\/wp\/v2\/media\/29111"}],"wp:attachment":[{"href":"https:\/\/fvz.upr.si\/en\/wp-json\/wp\/v2\/media?parent=29501"}],"curies":[{"name":"wp","href":"https:\/\/api.w.org\/{rel}","templated":true}]}}