{"id":29409,"date":"2020-04-24T11:26:18","date_gmt":"2020-04-24T09:26:18","guid":{"rendered":"https:\/\/fvz.upr.si\/?page_id=29409"},"modified":"2020-04-24T15:43:36","modified_gmt":"2020-04-24T13:43:36","slug":"doktorska-tema-masa-cernelic-bizjak","status":"publish","type":"page","link":"https:\/\/fvz.upr.si\/en\/doktorska-tema-masa-cernelic-bizjak\/","title":{"rendered":"assoc. prof. dr. Ma\u0161a \u010cerneli\u010d Bizjak &#8211; PhD topics"},"content":{"rendered":"<p>[et_pb_section fb_built=&#8221;1&#8243; _builder_version=&#8221;3.27.2&#8243; _dynamic_attributes=&#8221;background_image&#8221; background_enable_color=&#8221;off&#8221; background_image=&#8221;@ET-DC@eyJkeW5hbWljIjp0cnVlLCJjb250ZW50IjoicG9zdF9mZWF0dXJlZF9pbWFnZSIsInNldHRpbmdzIjp7fX0=@&#8221; height=&#8221;330px&#8221; animation_style=&#8221;fade&#8221; custom_css_main_element=&#8221;padding-top: 0;||padding-bottom: 0;&#8221; global_module=&#8221;18950&#8243; saved_tabs=&#8221;all&#8221;][et_pb_row _builder_version=&#8221;3.27.2&#8243; height=&#8221;100%&#8221; custom_css_main_element=&#8221;position: relative;||padding-top: 0;||padding-bottom: 0;&#8221;][et_pb_column type=&#8221;4_4&#8243; _builder_version=&#8221;3.27.2&#8243; custom_css_main_element=&#8221;height: 100%;&#8221;][et_pb_text _builder_version=&#8221;3.29.2&#8243; _dynamic_attributes=&#8221;content&#8221; text_font=&#8221;Fira Sans|||on|||||&#8221; text_text_color=&#8221;#ffffff&#8221; text_font_size=&#8221;20px&#8221; custom_css_main_element=&#8221;background-color: #bf2f1a;||display: inline-block;||position: absolute;||bottom: 0;||padding: 16px;&#8221; border_width_all=&#8221;2px&#8221; border_color_all=&#8221;#821f22&#8243; border_width_bottom=&#8221;0px&#8221;]@ET-DC@eyJkeW5hbWljIjp0cnVlLCJjb250ZW50IjoicG9zdF90aXRsZSIsInNldHRpbmdzIjp7ImJlZm9yZSI6IiIsImFmdGVyIjoiIn19@[\/et_pb_text][\/et_pb_column][\/et_pb_row][\/et_pb_section][et_pb_section fb_built=&#8221;1&#8243; custom_padding_last_edited=&#8221;on|tablet&#8221; _builder_version=&#8221;3.27.2&#8243; background_color=&#8221;#f1f0ee&#8221; custom_padding=&#8221;60px||60px||true|false&#8221; custom_padding_tablet=&#8221;30px||30px||false|false&#8221; custom_padding_phone=&#8221;&#8221; animation_style=&#8221;fade&#8221; z_index_tablet=&#8221;500&#8243; box_shadow_horizontal_tablet=&#8221;0px&#8221; box_shadow_vertical_tablet=&#8221;0px&#8221; box_shadow_blur_tablet=&#8221;40px&#8221; box_shadow_spread_tablet=&#8221;0px&#8221;][et_pb_row _builder_version=&#8221;4.4.1&#8243;][et_pb_column type=&#8221;4_4&#8243; _builder_version=&#8221;4.4.1&#8243;][et_pb_text _builder_version=&#8221;4.4.3&#8243; hover_enabled=&#8221;0&#8243;]<\/p>\n<p>&nbsp;<\/p>\n<p><strong>Name and Surnamen: <\/strong><a href=\"https:\/\/fvz.upr.si\/en\/fvz-employees\/izr-prof-dr-masa-cernelic-bizjak\/\">assoc. prof. Ma\u0161a \u010cerneli\u010d Bizjak, PhD<\/a><strong><br \/> Links: <\/strong><a href=\"https:\/\/www.sicris.si\/public\/jqm\/search_basic.aspx?lang=eng&amp;opdescr=search&amp;opt=2&amp;subopt=1&amp;code1=cmn&amp;code2=auto&amp;search_term=Ma%C5%A1a%20%C4%8Cerneli%C4%8D%20Bizjak\" target=\"_blank\" rel=\"noopener noreferrer\">ARRS 30141<\/a><strong><br \/> E-mail: <\/strong><a href=\"mailto:masa.cernelic@fvz.upr.si\">masa.cernelic@fvz.upr.si<\/a><strong><br \/> <\/strong><\/p>\n<p><strong><span><span style=\"color: #ff0000;\">Research facility (research activity location)<\/span> <\/span><\/strong><br \/> University of Primorska, Faculty of Health Sciences<br \/> <strong><\/strong><\/p>\n<p><span style=\"color: #ff0000;\"><strong>Research field according to ARRS classification<\/strong><\/span><br \/> <strong>Science:<\/strong> Social sciences<br \/> <strong>Field:<\/strong> Psychology<\/p>\n<p style=\"text-align: justify;\"><span style=\"color: #ff0000;\"><strong>Summary of research topic and field<\/strong> <\/span><\/p>\n<p style=\"text-align: justify;\">The importance of psychological factors in prevention and in the occurrence of problems. Research topics address the importance of psychological factors that influence the maintenance and enhancement of health or participate in the occurrence of problems. Health is determined by several factors including psychological factors, and their link with the biological and socio-cultural level. Emphasis is therefore placed on the importance of dynamic interaction between psychological, biological, and sociocultural determinants at all stages of the research process. These determinants interact with each other dynamically, and may threaten or protect an individual\u2019s mental health state.<br \/> Therefore, for effective prevention the research should necessarily take into account all levels of human function, and thus address the importance of psychological factors and aspects of mental, personal and behavioural dimension. The research approach and themes have a broad spectrum, for example, from basic research in studying of syndromes and phenomena, personality, and mental well-being, and their impact on psychological and physical health. Thus, research topics are linked to health issues or various mental health problems, eating disorders and others conditions that have also strong cultural link. In fact, the cultural environment significantly influences which disorders will be more or less common, as well as the type of symptoms with which they are expressed.<br \/> In addition, people who experienced insecure attachment in infancy are at increased risk of developing later mental disorders. However, it depends on the cultural environment in which form the mental disorder will manifest. Therefore, all of these factors need to be considered for prevention. Topics can also address the effects of different actions, such as interventions to reduce stress, depression, anxiety, learning different strategies, etc. such as various anti-stress programs, exercises.<\/p>\n<p>[\/et_pb_text][\/et_pb_column][\/et_pb_row][\/et_pb_section]<\/p>\n","protected":false},"excerpt":{"rendered":"<p>&nbsp; Name and Surnamen: assoc. prof. Ma\u0161a \u010cerneli\u010d Bizjak, PhD Links: ARRS 30141 E-mail: masa.cernelic@fvz.upr.si Research facility (research activity location) University of Primorska, Faculty of Health Sciences Research field according [&hellip;]<\/p>\n","protected":false},"author":2,"featured_media":29111,"parent":0,"menu_order":0,"comment_status":"closed","ping_status":"closed","template":"","meta":{"_et_pb_use_builder":"on","_et_pb_old_content":"[et_pb_section fb_built=\"1\" _builder_version=\"4.4.1\" _dynamic_attributes=\"background_image\" background_enable_color=\"off\" background_image=\"https:\/\/fvz.upr.si\/wp-content\/uploads\/2019\/09\/www.fvz_.upr_.si355dsc61911.jpg\" height=\"330px\" animation_style=\"fade\" custom_css_main_element=\"padding-top: 0;||padding-bottom: 0;\" global_module=\"18950\" saved_tabs=\"all\"][et_pb_row _builder_version=\"3.27.2\" height=\"100%\" custom_css_main_element=\"position: relative;||padding-top: 0;||padding-bottom: 0;\"][et_pb_column type=\"4_4\" _builder_version=\"3.27.2\" custom_css_main_element=\"height: 100%;\"][et_pb_text _builder_version=\"4.4.0\" _dynamic_attributes=\"content\" text_font=\"Fira Sans|||on|||||\" text_text_color=\"#ffffff\" text_font_size=\"20px\" custom_css_main_element=\"background-color: #bf2f1a;||display: inline-block;||position: absolute;||bottom: 0;||padding: 16px;\" border_width_all=\"2px\" border_color_all=\"#821f22\" border_width_bottom=\"0px\"]@ET-DC@eyJkeW5hbWljIjp0cnVlLCJjb250ZW50IjoicG9zdF90aXRsZSIsInNldHRpbmdzIjp7ImJlZm9yZSI6IiIsImFmdGVyIjoiIn19@[\/et_pb_text][\/et_pb_column][\/et_pb_row][\/et_pb_section][et_pb_section fb_built=\"1\" custom_padding_last_edited=\"on|tablet\" _builder_version=\"3.27.2\" background_color=\"#f1f0ee\" custom_padding=\"60px||60px||true|false\" custom_padding_tablet=\"30px||30px||false|false\" custom_padding_phone=\"\" animation_style=\"fade\" z_index_tablet=\"500\" box_shadow_horizontal_tablet=\"0px\" box_shadow_vertical_tablet=\"0px\" box_shadow_blur_tablet=\"40px\" box_shadow_spread_tablet=\"0px\"][et_pb_row _builder_version=\"4.4.1\"][et_pb_column type=\"4_4\" _builder_version=\"4.4.1\"][et_pb_text _builder_version=\"4.4.1\" hover_enabled=\"0\"]\n\n&nbsp;\n\n<strong>Ime in priimek: <\/strong><a href=\"https:\/\/fvz.upr.si\/fvz-employees\/izr-prof-dr-masa-cernelic-bizjak\/\">izr. prof. dr. Ma\u0161a \u010cerneli\u010d Bizjak<\/a><strong>\nARRS \u0161ifra: <\/strong><a href=\"https:\/\/www.sicris.si\/public\/jqm\/search_basic.aspx?lang=slv&amp;opt=2&amp;subopt=1&amp;opdescr=search&amp;code1=cmn&amp;code2=auto&amp;search_term=30141\" target=\"_blank\" rel=\"noopener noreferrer\">30141<\/a><strong>\ne-naslov: <\/strong><a href=\"mailto:masa.cernelic@fvz.upr.si\">masa.cernelic@fvz.upr.si<\/a><strong>\n<\/strong>\n\n<span style=\"color: #ff0000;\"><strong>Raziskovalna organizacija, kjer bo delo potekalo<\/strong><\/span>\nUniverza na Primorskem Fakulteta za vede o zdravju<strong><\/strong>\n\n<strong><span style=\"color: #ff0000;\">Raziskovalno podro\u010dje po \u0161ifrantu ARRS<\/span>&nbsp;<\/strong>\n<strong>Veda:&nbsp;<\/strong> 5 DRU\u017dBOSLOVJE\n<strong>Podro\u010dje:<\/strong> 5.09 Psihologija\n\n<strong>Veda:<\/strong> 3 MEDICINA\n<strong>Podro\u010dje:<\/strong> 3.08 Javno zdravstvo\n<p style=\"text-align: justify;\"><span style=\"color: #ff0000;\"><strong>Povzetek predstavitve raziskovalne tematike in podro\u010dja raziskovanja<\/strong><\/span>\nRaziskovalna tematika naslavlja obravnavo ve\u010dplastnega konteksta na podro\u010dju preventive in sodobnih raziskav, s poudarkom na pomenu psiholo\u0161kih dejavnikov, ki vplivajo na ohranjanje in krepitev zdravja, ali pa sodelujejo pri pojavu te\u017eav. Pri obravnavi zdravja in bolezni ne moremo mimo razumevanja psiholo\u0161ke ravni in povezav z biolo\u0161ko ter socialno-kulturno ravnjo, s poudarkom na do\u017eivljanju\/izku\u0161njah ljudi. Poudarek je torej na pomembnosti dinami\u010dne interakcije med psiholo\u0161kimi, biolo\u0161kimi, in sociokulturnimi dejavniki v vseh fazah raziskovalnega procesa. Zato moramo pri preventivi nujno upo\u0161tevati vse ravni in nasloviti pomen psiholo\u0161kih dejavnikov in aspektov du\u0161evnosti, osebnosti in vedenja za u\u010dinkovitej\u0161o preventivo.\nRaziskovalna tematika se lahko usmerja na prou\u010devanje razli\u010dnih psiholo\u0161kih dejavnikov in aspektov du\u0161evnosti, osebnosti in vedenja. Lahko se usmeri v prou\u010devanje sindromov in pojavov (tudi novodobnih, kot na primer ortoreksija nervoza, sindrom izgorelosti, bigoreksija nervoza), na prou\u010devanje razli\u010dnih simptomov, ki imajo lahko psihi\u010dne in psihosomatske posledice. Pri razli\u010dnih psiholo\u0161kih stanjih se lahko znaki ka\u017eejo na vseh razli\u010dnih podro\u010djih (na telesnem, \u010dustvenem, in vedenjskem) in z mo\u010dnim vplivom na zdravje.\nRaziskovalna tematika je tako povezana z vpra\u0161anji zdravja in\/ali razli\u010dnih du\u0161evnih te\u017eav in\/ali sodobnih motenj hranjenja, ki so v nasprotju s telesnimi boleznimi mo\u010dno kulturno pogojene. Kulturno okolje pomembno vpliva na to, katere motnje bodo bolj ali manj pogoste, kakor tudi na vrsto simptomov, s katerimi se izra\u017eajo. Pri tem imajo pove\u010dano tveganje za razvoj du\u0161evnih motenj ljudje, ki v otro\u0161tvu niso bili dele\u017eni dovolj varnega \u010dustvenega odnosa. Od kulturnega okolja pa je odvisno, v kateri obliki se bo du\u0161evna motnja izrazila. Zato je pri preventivi potrebno prou\u010diti vse na\u0161tete dejavnike. Tematika lahko naslavlja tudi u\u010dinke razli\u010dnih ukrepov, kot na primer intervencije za zmanj\u0161evanje stresa, depresije, anksioznosti, u\u010denja razli\u010dnih strategij ipd. kot so razli\u010dni antistres programi, vaje in podobno.<\/p>\n[\/et_pb_text][\/et_pb_column][\/et_pb_row][\/et_pb_section]","_et_gb_content_width":"","_price":"","_stock":"","_tribe_ticket_header":"","_tribe_default_ticket_provider":"","_tribe_ticket_capacity":"0","_ticket_start_date":"","_ticket_end_date":"","_tribe_ticket_show_description":"","_tribe_ticket_show_not_going":false,"_tribe_ticket_use_global_stock":"","_tribe_ticket_global_stock_level":"","_global_stock_mode":"","_global_stock_cap":"","_tribe_rsvp_for_event":"","_tribe_ticket_going_count":"","_tribe_ticket_not_going_count":"","_tribe_tickets_list":"[]","_tribe_ticket_has_attendee_info_fields":false,"footnotes":"","_tec_slr_enabled":"","_tec_slr_layout":""},"class_list":["post-29409","page","type-page","status-publish","has-post-thumbnail","hentry"],"yoast_head":"<!-- This site is optimized with the Yoast SEO plugin v27.4 - https:\/\/yoast.com\/product\/yoast-seo-wordpress\/ -->\n<title>assoc. prof. dr. Ma\u0161a \u010cerneli\u010d Bizjak - PhD topics - Fakulteta za vede o zdravju<\/title>\n<meta name=\"robots\" content=\"index, follow, max-snippet:-1, max-image-preview:large, max-video-preview:-1\" \/>\n<link rel=\"canonical\" href=\"https:\/\/fvz.upr.si\/en\/doktorska-tema-masa-cernelic-bizjak\/\" \/>\n<meta property=\"og:locale\" content=\"en_US\" \/>\n<meta property=\"og:type\" content=\"article\" \/>\n<meta property=\"og:title\" content=\"assoc. prof. dr. Ma\u0161a \u010cerneli\u010d Bizjak - PhD topics - Fakulteta za vede o zdravju\" \/>\n<meta property=\"og:description\" content=\"&nbsp; Name and Surnamen: assoc. prof. Ma\u0161a \u010cerneli\u010d Bizjak, PhD Links: ARRS 30141 E-mail: masa.cernelic@fvz.upr.si Research facility (research activity location) University of Primorska, Faculty of Health Sciences Research field according [&hellip;]\" \/>\n<meta property=\"og:url\" content=\"https:\/\/fvz.upr.si\/en\/doktorska-tema-masa-cernelic-bizjak\/\" \/>\n<meta property=\"og:site_name\" content=\"Fakulteta za vede o zdravju\" \/>\n<meta property=\"article:modified_time\" content=\"2020-04-24T13:43:36+00:00\" \/>\n<meta property=\"og:image\" content=\"https:\/\/fvz.upr.si\/wp-content\/uploads\/2020\/04\/Raziskovanje-in-razvoj.jpg\" \/>\n\t<meta property=\"og:image:width\" content=\"968\" \/>\n\t<meta property=\"og:image:height\" content=\"468\" \/>\n\t<meta property=\"og:image:type\" content=\"image\/jpeg\" \/>\n<meta name=\"twitter:card\" content=\"summary_large_image\" \/>\n<meta name=\"twitter:label1\" content=\"Est. reading time\" \/>\n\t<meta name=\"twitter:data1\" content=\"3 minutes\" \/>\n<script type=\"application\/ld+json\" class=\"yoast-schema-graph\">{\"@context\":\"https:\\\/\\\/schema.org\",\"@graph\":[{\"@type\":\"WebPage\",\"@id\":\"https:\\\/\\\/fvz.upr.si\\\/en\\\/doktorska-tema-masa-cernelic-bizjak\\\/\",\"url\":\"https:\\\/\\\/fvz.upr.si\\\/en\\\/doktorska-tema-masa-cernelic-bizjak\\\/\",\"name\":\"assoc. prof. dr. Ma\u0161a \u010cerneli\u010d Bizjak - PhD topics - Fakulteta za vede o zdravju\",\"isPartOf\":{\"@id\":\"https:\\\/\\\/fvz.upr.si\\\/#website\"},\"primaryImageOfPage\":{\"@id\":\"https:\\\/\\\/fvz.upr.si\\\/en\\\/doktorska-tema-masa-cernelic-bizjak\\\/#primaryimage\"},\"image\":{\"@id\":\"https:\\\/\\\/fvz.upr.si\\\/en\\\/doktorska-tema-masa-cernelic-bizjak\\\/#primaryimage\"},\"thumbnailUrl\":\"https:\\\/\\\/fvz.upr.si\\\/wp-content\\\/uploads\\\/2020\\\/04\\\/Raziskovanje-in-razvoj.jpg\",\"datePublished\":\"2020-04-24T09:26:18+00:00\",\"dateModified\":\"2020-04-24T13:43:36+00:00\",\"breadcrumb\":{\"@id\":\"https:\\\/\\\/fvz.upr.si\\\/en\\\/doktorska-tema-masa-cernelic-bizjak\\\/#breadcrumb\"},\"inLanguage\":\"en-US\",\"potentialAction\":[{\"@type\":\"ReadAction\",\"target\":[\"https:\\\/\\\/fvz.upr.si\\\/en\\\/doktorska-tema-masa-cernelic-bizjak\\\/\"]}]},{\"@type\":\"ImageObject\",\"inLanguage\":\"en-US\",\"@id\":\"https:\\\/\\\/fvz.upr.si\\\/en\\\/doktorska-tema-masa-cernelic-bizjak\\\/#primaryimage\",\"url\":\"https:\\\/\\\/fvz.upr.si\\\/wp-content\\\/uploads\\\/2020\\\/04\\\/Raziskovanje-in-razvoj.jpg\",\"contentUrl\":\"https:\\\/\\\/fvz.upr.si\\\/wp-content\\\/uploads\\\/2020\\\/04\\\/Raziskovanje-in-razvoj.jpg\",\"width\":968,\"height\":468},{\"@type\":\"BreadcrumbList\",\"@id\":\"https:\\\/\\\/fvz.upr.si\\\/en\\\/doktorska-tema-masa-cernelic-bizjak\\\/#breadcrumb\",\"itemListElement\":[{\"@type\":\"ListItem\",\"position\":1,\"name\":\"Home\",\"item\":\"https:\\\/\\\/fvz.upr.si\\\/\"},{\"@type\":\"ListItem\",\"position\":2,\"name\":\"assoc. prof. dr. Ma\u0161a \u010cerneli\u010d Bizjak &#8211; PhD topics\"}]},{\"@type\":\"WebSite\",\"@id\":\"https:\\\/\\\/fvz.upr.si\\\/#website\",\"url\":\"https:\\\/\\\/fvz.upr.si\\\/\",\"name\":\"Fakulteta za vede o zdravju\",\"description\":\"\u017divljenju dodajamo znanje.\",\"publisher\":{\"@id\":\"https:\\\/\\\/fvz.upr.si\\\/#organization\"},\"potentialAction\":[{\"@type\":\"SearchAction\",\"target\":{\"@type\":\"EntryPoint\",\"urlTemplate\":\"https:\\\/\\\/fvz.upr.si\\\/?s={search_term_string}\"},\"query-input\":{\"@type\":\"PropertyValueSpecification\",\"valueRequired\":true,\"valueName\":\"search_term_string\"}}],\"inLanguage\":\"en-US\"},{\"@type\":\"Organization\",\"@id\":\"https:\\\/\\\/fvz.upr.si\\\/#organization\",\"name\":\"Fakulteta za vede o zdravju\",\"url\":\"https:\\\/\\\/fvz.upr.si\\\/\",\"logo\":{\"@type\":\"ImageObject\",\"inLanguage\":\"en-US\",\"@id\":\"https:\\\/\\\/fvz.upr.si\\\/#\\\/schema\\\/logo\\\/image\\\/\",\"url\":\"https:\\\/\\\/fvz.upr.si\\\/wp-content\\\/uploads\\\/2019\\\/03\\\/UP-FVZ_logo-transparent.png\",\"contentUrl\":\"https:\\\/\\\/fvz.upr.si\\\/wp-content\\\/uploads\\\/2019\\\/03\\\/UP-FVZ_logo-transparent.png\",\"width\":1417,\"height\":792,\"caption\":\"Fakulteta za vede o zdravju\"},\"image\":{\"@id\":\"https:\\\/\\\/fvz.upr.si\\\/#\\\/schema\\\/logo\\\/image\\\/\"}}]}<\/script>\n<!-- \/ Yoast SEO plugin. -->","yoast_head_json":{"title":"assoc. prof. dr. Ma\u0161a \u010cerneli\u010d Bizjak - PhD topics - Fakulteta za vede o zdravju","robots":{"index":"index","follow":"follow","max-snippet":"max-snippet:-1","max-image-preview":"max-image-preview:large","max-video-preview":"max-video-preview:-1"},"canonical":"https:\/\/fvz.upr.si\/en\/doktorska-tema-masa-cernelic-bizjak\/","og_locale":"en_US","og_type":"article","og_title":"assoc. prof. dr. Ma\u0161a \u010cerneli\u010d Bizjak - PhD topics - Fakulteta za vede o zdravju","og_description":"&nbsp; Name and Surnamen: assoc. prof. Ma\u0161a \u010cerneli\u010d Bizjak, PhD Links: ARRS 30141 E-mail: masa.cernelic@fvz.upr.si Research facility (research activity location) University of Primorska, Faculty of Health Sciences Research field according [&hellip;]","og_url":"https:\/\/fvz.upr.si\/en\/doktorska-tema-masa-cernelic-bizjak\/","og_site_name":"Fakulteta za vede o zdravju","article_modified_time":"2020-04-24T13:43:36+00:00","og_image":[{"width":968,"height":468,"url":"https:\/\/fvz.upr.si\/wp-content\/uploads\/2020\/04\/Raziskovanje-in-razvoj.jpg","type":"image\/jpeg"}],"twitter_card":"summary_large_image","twitter_misc":{"Est. reading time":"3 minutes"},"schema":{"@context":"https:\/\/schema.org","@graph":[{"@type":"WebPage","@id":"https:\/\/fvz.upr.si\/en\/doktorska-tema-masa-cernelic-bizjak\/","url":"https:\/\/fvz.upr.si\/en\/doktorska-tema-masa-cernelic-bizjak\/","name":"assoc. prof. dr. Ma\u0161a \u010cerneli\u010d Bizjak - PhD topics - Fakulteta za vede o zdravju","isPartOf":{"@id":"https:\/\/fvz.upr.si\/#website"},"primaryImageOfPage":{"@id":"https:\/\/fvz.upr.si\/en\/doktorska-tema-masa-cernelic-bizjak\/#primaryimage"},"image":{"@id":"https:\/\/fvz.upr.si\/en\/doktorska-tema-masa-cernelic-bizjak\/#primaryimage"},"thumbnailUrl":"https:\/\/fvz.upr.si\/wp-content\/uploads\/2020\/04\/Raziskovanje-in-razvoj.jpg","datePublished":"2020-04-24T09:26:18+00:00","dateModified":"2020-04-24T13:43:36+00:00","breadcrumb":{"@id":"https:\/\/fvz.upr.si\/en\/doktorska-tema-masa-cernelic-bizjak\/#breadcrumb"},"inLanguage":"en-US","potentialAction":[{"@type":"ReadAction","target":["https:\/\/fvz.upr.si\/en\/doktorska-tema-masa-cernelic-bizjak\/"]}]},{"@type":"ImageObject","inLanguage":"en-US","@id":"https:\/\/fvz.upr.si\/en\/doktorska-tema-masa-cernelic-bizjak\/#primaryimage","url":"https:\/\/fvz.upr.si\/wp-content\/uploads\/2020\/04\/Raziskovanje-in-razvoj.jpg","contentUrl":"https:\/\/fvz.upr.si\/wp-content\/uploads\/2020\/04\/Raziskovanje-in-razvoj.jpg","width":968,"height":468},{"@type":"BreadcrumbList","@id":"https:\/\/fvz.upr.si\/en\/doktorska-tema-masa-cernelic-bizjak\/#breadcrumb","itemListElement":[{"@type":"ListItem","position":1,"name":"Home","item":"https:\/\/fvz.upr.si\/"},{"@type":"ListItem","position":2,"name":"assoc. prof. dr. Ma\u0161a \u010cerneli\u010d Bizjak &#8211; PhD topics"}]},{"@type":"WebSite","@id":"https:\/\/fvz.upr.si\/#website","url":"https:\/\/fvz.upr.si\/","name":"Fakulteta za vede o zdravju","description":"\u017divljenju dodajamo znanje.","publisher":{"@id":"https:\/\/fvz.upr.si\/#organization"},"potentialAction":[{"@type":"SearchAction","target":{"@type":"EntryPoint","urlTemplate":"https:\/\/fvz.upr.si\/?s={search_term_string}"},"query-input":{"@type":"PropertyValueSpecification","valueRequired":true,"valueName":"search_term_string"}}],"inLanguage":"en-US"},{"@type":"Organization","@id":"https:\/\/fvz.upr.si\/#organization","name":"Fakulteta za vede o zdravju","url":"https:\/\/fvz.upr.si\/","logo":{"@type":"ImageObject","inLanguage":"en-US","@id":"https:\/\/fvz.upr.si\/#\/schema\/logo\/image\/","url":"https:\/\/fvz.upr.si\/wp-content\/uploads\/2019\/03\/UP-FVZ_logo-transparent.png","contentUrl":"https:\/\/fvz.upr.si\/wp-content\/uploads\/2019\/03\/UP-FVZ_logo-transparent.png","width":1417,"height":792,"caption":"Fakulteta za vede o zdravju"},"image":{"@id":"https:\/\/fvz.upr.si\/#\/schema\/logo\/image\/"}}]}},"ticketed":false,"_links":{"self":[{"href":"https:\/\/fvz.upr.si\/en\/wp-json\/wp\/v2\/pages\/29409","targetHints":{"allow":["GET"]}}],"collection":[{"href":"https:\/\/fvz.upr.si\/en\/wp-json\/wp\/v2\/pages"}],"about":[{"href":"https:\/\/fvz.upr.si\/en\/wp-json\/wp\/v2\/types\/page"}],"author":[{"embeddable":true,"href":"https:\/\/fvz.upr.si\/en\/wp-json\/wp\/v2\/users\/2"}],"replies":[{"embeddable":true,"href":"https:\/\/fvz.upr.si\/en\/wp-json\/wp\/v2\/comments?post=29409"}],"version-history":[{"count":5,"href":"https:\/\/fvz.upr.si\/en\/wp-json\/wp\/v2\/pages\/29409\/revisions"}],"predecessor-version":[{"id":29537,"href":"https:\/\/fvz.upr.si\/en\/wp-json\/wp\/v2\/pages\/29409\/revisions\/29537"}],"wp:featuredmedia":[{"embeddable":true,"href":"https:\/\/fvz.upr.si\/en\/wp-json\/wp\/v2\/media\/29111"}],"wp:attachment":[{"href":"https:\/\/fvz.upr.si\/en\/wp-json\/wp\/v2\/media?parent=29409"}],"curies":[{"name":"wp","href":"https:\/\/api.w.org\/{rel}","templated":true}]}}