{"id":28881,"date":"2020-04-01T23:20:40","date_gmt":"2020-04-01T21:20:40","guid":{"rendered":"https:\/\/fvz.upr.si\/?page_id=28881"},"modified":"2022-11-23T12:25:59","modified_gmt":"2022-11-23T11:25:59","slug":"ergonomics","status":"publish","type":"page","link":"https:\/\/fvz.upr.si\/en\/ergonomics\/","title":{"rendered":"Ergonomics"},"content":{"rendered":"<p>[et_pb_section fb_built=&#8221;1&#8243; _builder_version=&#8221;4.16&#8243; _dynamic_attributes=&#8221;background_image&#8221; background_enable_color=&#8221;off&#8221; background_image=&#8221;@ET-DC@eyJkeW5hbWljIjp0cnVlLCJjb250ZW50IjoicG9zdF9mZWF0dXJlZF9pbWFnZSIsInNldHRpbmdzIjp7fX0=@&#8221; height=&#8221;330px&#8221; animation_style=&#8221;fade&#8221; custom_css_main_element=&#8221;padding-top: 0;||padding-bottom: 0;&#8221; saved_tabs=&#8221;all&#8221; global_colors_info=&#8221;{}&#8221;][et_pb_row _builder_version=&#8221;4.16&#8243; height=&#8221;100%&#8221; custom_css_main_element=&#8221;position: relative;||padding-top: 0;||padding-bottom: 0;&#8221; global_colors_info=&#8221;{}&#8221;][et_pb_column type=&#8221;4_4&#8243; _builder_version=&#8221;4.16&#8243; custom_css_main_element=&#8221;height: 100%;&#8221; global_colors_info=&#8221;{}&#8221;][et_pb_text _builder_version=&#8221;4.16&#8243; _dynamic_attributes=&#8221;content&#8221; text_font=&#8221;Fira Sans|||on|||||&#8221; text_text_color=&#8221;#ffffff&#8221; text_font_size=&#8221;20px&#8221; custom_css_main_element=&#8221;background-color: #bf2f1a;||display: inline-block;||position: absolute;||bottom: 0;||padding: 16px;&#8221; border_width_all=&#8221;2px&#8221; border_color_all=&#8221;#821f22&#8243; border_width_bottom=&#8221;0px&#8221; global_colors_info=&#8221;{}&#8221;]@ET-DC@eyJkeW5hbWljIjp0cnVlLCJjb250ZW50IjoicG9zdF90aXRsZSIsInNldHRpbmdzIjp7ImJlZm9yZSI6IiIsImFmdGVyIjoiIn19@[\/et_pb_text][\/et_pb_column][\/et_pb_row][\/et_pb_section][et_pb_section fb_built=&#8221;1&#8243; custom_padding_last_edited=&#8221;on|tablet&#8221; _builder_version=&#8221;4.16&#8243; background_color=&#8221;#f1f0ee&#8221; custom_padding=&#8221;60px||60px||false|false&#8221; custom_padding_tablet=&#8221;30px||30px||false|false&#8221; custom_padding_phone=&#8221;&#8221; animation_style=&#8221;fade&#8221; z_index_tablet=&#8221;500&#8243; box_shadow_horizontal_tablet=&#8221;0px&#8221; box_shadow_vertical_tablet=&#8221;0px&#8221; box_shadow_blur_tablet=&#8221;40px&#8221; box_shadow_spread_tablet=&#8221;0px&#8221; global_colors_info=&#8221;{}&#8221;][et_pb_row module_class=&#8221;fvz-content-info-wrapper&#8221; _builder_version=&#8221;4.16&#8243; custom_margin=&#8221;|auto|32px|auto|false|false&#8221; custom_margin_tablet=&#8221;||0px||false|false&#8221; custom_margin_phone=&#8221;&#8221; custom_margin_last_edited=&#8221;on|tablet&#8221; global_colors_info=&#8221;{}&#8221;][et_pb_column type=&#8221;4_4&#8243; _builder_version=&#8221;4.16&#8243; global_colors_info=&#8221;{}&#8221;][et_pb_text module_class=&#8221;fvz-content-info-inner-wrapper&#8221; _builder_version=&#8221;4.16&#8243; global_colors_info=&#8221;{}&#8221;]<\/p>\n<p><span style=\"color: #ff0000;\"><strong>A brief description of the area<\/strong><\/span><\/p>\n<p style=\"text-align: justify;\">Ergonomics deals with understanding the interaction between humans and other elements of the environment. It applies theoretical knowledge, data and methods to planning of the optimization of human wellbeing in a given environment. Ergonomically sound working and living environment exhibits positive effects on health and satisfaction of individuals and groups. The field of physical ergonomics studies individual\u2019s anatomical, anthropometric, physiological and biomechanical characteristics related to body position and activity during work. In order to be ergonomically efficient, it is not sufficient to adapt the environment to the human, but also to adapt the human to the environment and to increase his\/her physical abilities.<\/p>\n<p>[\/et_pb_text][\/et_pb_column][\/et_pb_row][et_pb_row module_class=&#8221;fvz-content-info-wrapper&#8221; _builder_version=&#8221;4.16&#8243; custom_margin=&#8221;32px|auto|32px|auto|false|false&#8221; custom_margin_tablet=&#8221;0px||0px||false|false&#8221; custom_margin_phone=&#8221;&#8221; custom_margin_last_edited=&#8221;on|tablet&#8221; global_colors_info=&#8221;{}&#8221;][et_pb_column type=&#8221;4_4&#8243; _builder_version=&#8221;4.16&#8243; global_colors_info=&#8221;{}&#8221;][et_pb_text module_class=&#8221;fvz-content-info-inner-wrapper&#8221; _builder_version=&#8221;4.16&#8243; global_colors_info=&#8221;{}&#8221;]<\/p>\n<p><span style=\"color: #ff0000;\"><strong>A brief description of major research<\/strong><\/span><\/p>\n<p>Exploring the effect of implementing ergonomic interventions in working environments, with the purpose of eliciting meaningful and measurable effects on selected variables and predictors of health (e.g. daily physical\/sports activity levels).<\/p>\n<p>Research on designing suitable ergonomic interventions in the working environment and implementing these interventions on a broad number of individuals.<\/p>\n<p>Research in the field of development of assistive tools (exoskeletons) for unloading of the spine during load lifting and static postures. The purpose of these studies is to contribute to reduction in prevalence of low back pain and more successful occupational reintegration.<\/p>\n<p>Studies designed to recognize the underlying mechanisms of (over)load to musculoskeletal system, especially during forward bending, load pushing\/pulling and load lifting, with the purpose of reducing the load and associated risk of injury arising from these activities.<\/p>\n<p>Development of active workstations with the aim to increase the level of physical activity of the employees during sitting.<\/p>\n<p>Research in the field of ergonomic optimization of the interaction between individual and different tools and accessories, with the purpose of increasing work efficiency and reduce detrimental effects on health.<\/p>\n<p>Ergonomic design of furniture with the aim to ensure a more efficient and healthier life.<\/p>\n<p>[\/et_pb_text][\/et_pb_column][\/et_pb_row][et_pb_row _builder_version=&#8221;4.16&#8243; global_colors_info=&#8221;{}&#8221;][et_pb_column type=&#8221;4_4&#8243; _builder_version=&#8221;4.16&#8243; global_colors_info=&#8221;{}&#8221;][et_pb_tabs module_class=&#8221;hide-last-tab&#8221; _builder_version=&#8221;4.19.1&#8243; hover_enabled=&#8221;0&#8243; global_colors_info=&#8221;{}&#8221; sticky_enabled=&#8221;0&#8243;][et_pb_tab title=&#8221;Members&#8221; _builder_version=&#8221;4.19.1&#8243; hover_enabled=&#8221;0&#8243; global_colors_info=&#8221;{}&#8221; sticky_enabled=&#8221;0&#8243;]<\/p>\n<ul>\n<li>Prof. Nejc \u0160arabon\u00a0(<a href=\"https:\/\/cris.cobiss.net\/ecris\/si\/sl\/researcher\/13995\">SICRIS<\/a>, <a href=\"https:\/\/www.researchgate.net\/profile\/Nejc_Sarabon\">ResearchGate<\/a>)<\/li>\n<li>Assist. Prof. Matej Voglar (<a href=\"https:\/\/cris.cobiss.net\/ecris\/si\/sl\/researcher\/40518\">SICRIS<\/a>, <a href=\"https:\/\/www.researchgate.net\/profile\/Matej_Voglar2\">ResearchGate<\/a>)<\/li>\n<li>Assist. Prof. Dorjana Zerbo \u0160porin\u00a0(<a href=\"https:\/\/cris.cobiss.net\/ecris\/si\/sl\/researcher\/8908\">SICRIS<\/a>, <a href=\"https:\/\/www.researchgate.net\/profile\/Dorjana_Zerbo_Sporin\">ResearchGate<\/a>)<\/li>\n<li>Assist. Prof. \u017diga Kozinc (<a href=\"https:\/\/cris.cobiss.net\/ecris\/si\/sl\/researcher\/47889\">SICRIS<\/a>, <a href=\"https:\/\/www.researchgate.net\/profile\/Ziga_Kozinc\">ResearchGate<\/a>)<\/li>\n<li>Assist. Nastja Podrekar Loredan (<a href=\"https:\/\/cris.cobiss.net\/ecris\/si\/sl\/researcher\/48743\">SICRIS<\/a>, <a href=\"https:\/\/www.researchgate.net\/profile\/Nastja_Podrekar\">ResearchGate<\/a>)<\/li>\n<li>Assoc. Prof. Klemen \u0160irok\u00a0(<a href=\"https:\/\/cris.cobiss.net\/ecris\/si\/sl\/researcher\/31304\">SICRIS<\/a>, <a href=\"https:\/\/www.researchgate.net\/profile\/Klemen_Sirok\">ResearchGate<\/a>)<\/li>\n<\/ul>\n<p>[\/et_pb_tab][et_pb_tab title=&#8221;Projects&#8221; _builder_version=&#8221;4.16&#8243; global_colors_info=&#8221;{}&#8221;]<\/p>\n<div class=\"hfs-projekti-target\"><\/div>\n<p>[\/et_pb_tab][et_pb_tab title=&#8221; Important publications&#8221; _builder_version=&#8221;4.16&#8243; global_colors_info=&#8221;{}&#8221;]<\/p>\n<p>PODREKAR, Nastja, KOZINC, \u017diga, \u0160ARABON, Nejc. Effects of cycle and treadmill desks on energy expenditure and cardio-metabolic parameters in sedentary workers: review and meta-analysis.\u00a0<em>International journal of occupational safety and ergonomics, <\/em>2018<\/p>\n<p>KASTELIC, Kaja, VOGLAR, Matej, \u0160ARABON, Nejc. Acute effect of full time office work in real environment on postural actions and lumbar range of motion.\u00a0<em>Journal of electromyography and kinesiology, <\/em>2018<\/p>\n<p>KASTELIC, Kaja, KOZINC, \u017diga, \u0160ARABON, Nejc. Sitting and low back disorders : an overview of the most commonly suggested harmful mechanisms.\u00a0<em>Collegium antropologicum, <\/em>2018<\/p>\n<p>KASTELIC, Kaja, VOGLAR, Matej, \u0160ARABON, Nejc. Acute effect of full time office work in real environment on postural actions and lumbar range of motion. Journal of electromyography and kinesiology, 2018.<\/p>\n<p>FONDA, Borut, \u0160ARABON, Nejc. Biomechanics and energetics of uphill cycling : a review.\u00a0<em>Kinesiology : international scientific journal of kinesiology and sport, <\/em>2012<\/p>\n<p>FONDA, Borut, PANJAN, Andrej, MARKOVI\u010c, Goran, \u0160ARABON, Nejc. Adjusted saddle position counteracts the modified muscle activation patterns during uphill cycling.\u00a0<em>Journal of electromyography and kinesiology, <\/em>2011<\/p>\n<p>FONDA, Borut, \u0160ARABON, Nejc. U\u010dinki prilagojenega polo\u017eaja in naklona sede\u017ea med kolesarjenjem v klanec (pilotske \u0161tudije) = Effects of adjusting seat position and seat tilt during uphill cycling (pilot studies report).\u00a0<em>\u0160port : revija za teoreti\u010dna in prakti\u010dna vpra\u0161anja \u0161porta, <\/em>2011<\/p>\n<p>TRATNIK, Ana, \u0160ARABON, Nejc. Pregled metod za vrednotenje telesne dr\u017ee.\u00a0<em>\u0160port : revija za teoreti\u010dna in prakti\u010dna vpra\u0161anja \u0161porta, <\/em>2011<\/p>\n<p><strong>\u00a0<\/strong><\/p>\n<p><strong>Strokovni prispevki:<\/strong><\/p>\n<p>PODREKAR, Nastja. Spodbujanje aktivnega dela in \u017eivljenjskega sloga v grajenem okolju = Promoting active work and active lifestyle in a built environment.\u00a0<em>Var\u010dna hi\u0161a, <\/em>2018<\/p>\n<p>\u0160ARABON, Nejc. Bole\u010dina v spodnjem delu hrbta in vaje kako jo odpraviti.\u00a0<em>Polet<\/em><\/p>\n<p>\u0160ARABON, Nejc. Gibalno v boj s sedentarnostjo.\u00a0<em>Polet<\/em><\/p>\n<p>\u0160ARABON, Nejc. Nujno : telovadba na delovnem mestu!.\u00a0<em>Polet<\/em><\/p>\n<p>\u0160ARABON, Nejc. O hrbtenici, druga\u010de.\u00a0<em>Polet<\/em><\/p>\n<p>\u0160ARABON, Nejc. Sedentarni \u017eivljenjski slog.\u00a0<em>Polet<\/em><\/p>\n<p>KOZINC, \u017diga, KASTELIC, Kaja, \u0160ARABON, Nejc. Pomen ergonomije pri oblikovanju grajenega okolja &#8211; ergonomska ureditev pisarne.\u00a0<em>Lesarski utrip<\/em><\/p>\n<p>&nbsp;<\/p>\n<p><strong>Poljudni prispevki:<\/strong><\/p>\n<p>\u0160ARABON, Nejc, KOZINC, \u017diga, KASTELIC, Kaja. Preventivno (samo)ukrepanje za zmanj\u0161evanje tveganja nastanka bole\u010dine v spodnjem delu hrbta.\u00a0<em>Plinformator : glasilo skupine Istrabenz plini<\/em>,\u00a02017<\/p>\n<p>\u0160ARABON, Nejc, KOZINC, \u017diga, KASTELIC, Kaja. Preventivno (samo)ukrepanje za zmanj\u0161evanje tveganja nastanka bole\u010dine v spodnjem delu hrbta.\u00a0<em>Plinformator : glasilo skupine Istrabenz plini<\/em>,\u00a02016<\/p>\n<p>KASTELIC, Kaja, \u0160ARABON, Nejc. Predlogi za aktivnej\u0161i vsakdan.\u00a0<em>Polet : magazin Dela in Slovenskih novic<\/em><\/p>\n<p>&nbsp;<\/p>\n<p><strong>Prispevki na konferencah:<\/strong><\/p>\n<p>KASTELIC, Kaja, VOGLAR, Matej, \u0160ARABON, Nejc. Vliv sede\u010dega delovnika na funkcije trupa-kontekst starej\u0161ih zaposlenih = The effect of sedentary work on trunk function-in context of older employees. <em>Zdravje starostnikov : 5. znanstvena in strokovna konferenca z mednarodno udele\u017ebo, 2018<\/em><\/p>\n<p><strong>\u00a0<\/strong>KASTELIC, Kaja, \u0160ARABON, Nejc. (Non) occupational free-living physical activity in crane operators and office workers, <em>Ergonomics 2018<\/em><\/p>\n<p>PODREKAR, Nastja, KOZINC, \u017diga, \u0160ARABON, Nejc. Ali se \u010das sedentarnosti na delovnem mestu s starostjo pove\u010duje? = Is workplace sedentary behavior increasing with age?. <em>Zdravje starostnikov : 5. znanstvena in strokovna konferenca z mednarodno udele\u017ebo, 2018<\/em><\/p>\n<p>ZERBO \u0160PORIN, Dorjana. Starej\u0161i v delovnem okolju = Older workers in the workplace. <em>Zdravje delovno aktivne populacije : 4. znanstvena in strokovna konferenca z mednarodno udele\u017ebo, 2017<\/em><\/p>\n<p>HARANT, Monika, SREENIVASA, Manish, MILLARD, Matthew, \u0160ARABON, Nejc, MOMBAUR, Katja. Parameter optimization for passive spinal exoskeletons based on experimental data and optimal control. 17th International Conference on Humanoid Robots, 2017<\/p>\n<p>\u0160ARABON, Nejc, BABI\u0106, Jan. SPEXOR: Spinalni eksoskelet za preventivo, rehabilitacijo in delovno reintegracijo = SPEXOR. Spine Exoskeleton for prevention, rehabilitation and work reintegration. <em>Zdravje delovno aktivne populacije : 4. znanstvena in strokovna konferenca z mednarodno udele\u017ebo, 2017<\/em><\/p>\n<p>BABI\u010c, Jan, MOMBAUR, Katja, LEFEBER, Dirk, DIE\u00cbN, Jaap van, GRAIMANN, Bernhard, RUSSOLD, Michael, \u0160ARABON, Nejc, HOUDIJK, Han. SPEXOR : spinal exoskeletal robot for low back pain prevention and vocational reintegration. <em>Wearable robotics : challenges and trends : proceedings of the 2nd International Symposium on Wearable Robotics, 2016<\/em><\/p>\n<p>KASTELIC, Kaja, \u0160ARABON, Nejc. Assessment of spine stability after an eight-hour office work period. <em>Ergonomics, 2016<\/em><\/p>\n<p>[\/et_pb_tab][et_pb_tab title=&#8221;Laboratory&#8221; _builder_version=&#8221;4.19.1&#8243; hover_enabled=&#8221;0&#8243; global_colors_info=&#8221;{}&#8221; sticky_enabled=&#8221;0&#8243;]<\/p>\n<p>Laboratory head: <a href=\"https:\/\/fvz.upr.si\/en\/fvz-employees\/doc-dr-ziga-kozinc\/\">Assist. Prof. \u017diga Kozinc<\/a><\/p>\n<p><strong>Basic equipment:<\/strong><\/p>\n<ul>\n<li><a href=\"https:\/\/fvz.upr.si\/wp-content\/uploads\/2021\/06\/Obrazec-za-popis-opreme_UP_SistemZa3DZajem.pdf\">3D motion capture system<\/a><\/li>\n<li><a href=\"https:\/\/fvz.upr.si\/wp-content\/uploads\/2021\/06\/Obrazec-za-popis-opreme_UP_BrezzicniEMG.pdf\">Wireless muscle activity measurement system<\/a><\/li>\n<li><a href=\"https:\/\/fvz.upr.si\/wp-content\/uploads\/2021\/06\/Obrazec-za-popis-opreme_UP_ActivPAL.pdf\">Accelerometers ActivPAL, for evaluation of sedentary behavior and physical activity levels<\/a><\/li>\n<li>System for assessment of neuromuscular functions of the trunk<\/li>\n<li><a href=\"https:\/\/fvz.upr.si\/wp-content\/uploads\/2021\/06\/Obrazec-za-popis-opreme_UP_Antropometricni-set.pdf\">Anthropometric set with calipers<\/a><\/li>\n<li>Thermal camera<\/li>\n<li>Multimeter with modules for measuring light, sound and temperature<\/li>\n<li>Vibration meter<\/li>\n<li>Additional accessories: digital inclinometers, goniometers, etc.<\/li>\n<li>Multimeter: Multinorm euro Set for assessment of environmental variables<\/li>\n<li>Temperature and relative humidity sensors<\/li>\n<li><a href=\"https:\/\/fvz.upr.si\/wp-content\/uploads\/2021\/06\/Obrazec-za-popis-opreme_UP_ActiGraph.pdf\">ActiGraph &#8211; Sensors for assessing physical activity and sedentary behavior<\/a><\/li>\n<\/ul>\n<p>[\/et_pb_tab][et_pb_tab title=&#8221;Pictures&#8221; _builder_version=&#8221;4.16&#8243; global_colors_info=&#8221;{}&#8221;]<\/p>\n<p><img loading=\"lazy\" decoding=\"async\" src=\"https:\/\/fvz.upr.si\/wp-content\/uploads\/2020\/04\/imageedit_16_6815688789-1-150x150.jpg\" width=\"225\" height=\"225\" alt=\"\" class=\"wp-image-28820 alignnone size-thumbnail\" \/><img loading=\"lazy\" decoding=\"async\" src=\"https:\/\/fvz.upr.si\/wp-content\/uploads\/2020\/04\/IMG_20190211_133650-150x150.jpg\" width=\"225\" height=\"225\" alt=\"\" class=\"wp-image-28809 size-thumbnail\" \/><img loading=\"lazy\" decoding=\"async\" src=\"https:\/\/fvz.upr.si\/wp-content\/uploads\/2020\/04\/imageedit_14_8273409820-150x150.jpg\" width=\"225\" height=\"225\" alt=\"\" class=\"wp-image-28815 alignnone size-thumbnail\" \/><\/p>\n<p>[\/et_pb_tab][\/et_pb_tabs][\/et_pb_column][\/et_pb_row][et_pb_row use_custom_gutter=&#8221;on&#8221; gutter_width=&#8221;1&#8243; disabled_on=&#8221;off|off|off&#8221; _builder_version=&#8221;4.16&#8243; _module_preset=&#8221;default&#8221; custom_margin=&#8221;60px||||false|false&#8221; global_colors_info=&#8221;{}&#8221;][et_pb_column type=&#8221;4_4&#8243; _builder_version=&#8221;4.16&#8243; _module_preset=&#8221;default&#8221; global_colors_info=&#8221;{}&#8221;][et_pb_filterable_portfolio posts_number=&#8221;0&#8243; include_categories=&#8221;117,170&#8243; show_categories=&#8221;off&#8221; show_pagination=&#8221;off&#8221; module_class=&#8221;hfs-projekti&#8221; _builder_version=&#8221;4.16&#8243; _module_preset=&#8221;default&#8221; title_font_size=&#8221;16px&#8221; title_line_height=&#8221;1.4em&#8221; custom_css_portfolio_image=&#8221;display: none;&#8221; global_colors_info=&#8221;{}&#8221;][\/et_pb_filterable_portfolio][\/et_pb_column][\/et_pb_row][\/et_pb_section]<\/p>\n","protected":false},"excerpt":{"rendered":"<p>A brief description of the area Ergonomics deals with understanding the interaction between humans and other elements of the environment. It applies theoretical knowledge, data and methods to planning of [&hellip;]<\/p>\n","protected":false},"author":2,"featured_media":31872,"parent":0,"menu_order":0,"comment_status":"closed","ping_status":"closed","template":"","meta":{"_et_pb_use_builder":"on","_et_pb_old_content":"","_et_gb_content_width":"","_price":"","_stock":"","_tribe_ticket_header":"","_tribe_default_ticket_provider":"","_tribe_ticket_capacity":"0","_ticket_start_date":"","_ticket_end_date":"","_tribe_ticket_show_description":"","_tribe_ticket_show_not_going":false,"_tribe_ticket_use_global_stock":"","_tribe_ticket_global_stock_level":"","_global_stock_mode":"","_global_stock_cap":"","_tribe_rsvp_for_event":"","_tribe_ticket_going_count":"","_tribe_ticket_not_going_count":"","_tribe_tickets_list":"[]","_tribe_ticket_has_attendee_info_fields":false,"footnotes":"","_tec_slr_enabled":"","_tec_slr_layout":""},"class_list":["post-28881","page","type-page","status-publish","has-post-thumbnail","hentry"],"yoast_head":"<!-- This site is optimized with the Yoast SEO plugin v27.5 - https:\/\/yoast.com\/product\/yoast-seo-wordpress\/ -->\n<title>Ergonomics - Fakulteta za vede o zdravju<\/title>\n<meta name=\"robots\" content=\"index, follow, max-snippet:-1, max-image-preview:large, max-video-preview:-1\" \/>\n<link rel=\"canonical\" href=\"https:\/\/fvz.upr.si\/en\/ergonomics\/\" \/>\n<meta property=\"og:locale\" content=\"en_US\" \/>\n<meta property=\"og:type\" content=\"article\" \/>\n<meta property=\"og:title\" content=\"Ergonomics - Fakulteta za vede o zdravju\" \/>\n<meta property=\"og:description\" content=\"A brief description of the area Ergonomics deals with understanding the interaction between humans and other elements of the environment. It applies theoretical knowledge, data and methods to planning of [&hellip;]\" \/>\n<meta property=\"og:url\" content=\"https:\/\/fvz.upr.si\/en\/ergonomics\/\" \/>\n<meta property=\"og:site_name\" content=\"Fakulteta za vede o zdravju\" \/>\n<meta property=\"article:modified_time\" content=\"2022-11-23T11:25:59+00:00\" \/>\n<meta property=\"og:image\" content=\"https:\/\/fvz.upr.si\/wp-content\/uploads\/2020\/08\/Ergonomija2.jpg\" \/>\n\t<meta property=\"og:image:width\" content=\"3000\" \/>\n\t<meta property=\"og:image:height\" content=\"2002\" \/>\n\t<meta property=\"og:image:type\" content=\"image\/jpeg\" \/>\n<meta name=\"twitter:card\" content=\"summary_large_image\" \/>\n<meta name=\"twitter:label1\" content=\"Est. reading time\" \/>\n\t<meta name=\"twitter:data1\" content=\"8 minutes\" \/>\n<script type=\"application\/ld+json\" class=\"yoast-schema-graph\">{\"@context\":\"https:\\\/\\\/schema.org\",\"@graph\":[{\"@type\":\"WebPage\",\"@id\":\"https:\\\/\\\/fvz.upr.si\\\/en\\\/ergonomics\\\/\",\"url\":\"https:\\\/\\\/fvz.upr.si\\\/en\\\/ergonomics\\\/\",\"name\":\"Ergonomics - Fakulteta za vede o zdravju\",\"isPartOf\":{\"@id\":\"https:\\\/\\\/fvz.upr.si\\\/#website\"},\"primaryImageOfPage\":{\"@id\":\"https:\\\/\\\/fvz.upr.si\\\/en\\\/ergonomics\\\/#primaryimage\"},\"image\":{\"@id\":\"https:\\\/\\\/fvz.upr.si\\\/en\\\/ergonomics\\\/#primaryimage\"},\"thumbnailUrl\":\"https:\\\/\\\/fvz.upr.si\\\/wp-content\\\/uploads\\\/2020\\\/08\\\/Ergonomija2.jpg\",\"datePublished\":\"2020-04-01T21:20:40+00:00\",\"dateModified\":\"2022-11-23T11:25:59+00:00\",\"breadcrumb\":{\"@id\":\"https:\\\/\\\/fvz.upr.si\\\/en\\\/ergonomics\\\/#breadcrumb\"},\"inLanguage\":\"en-US\",\"potentialAction\":[{\"@type\":\"ReadAction\",\"target\":[\"https:\\\/\\\/fvz.upr.si\\\/en\\\/ergonomics\\\/\"]}]},{\"@type\":\"ImageObject\",\"inLanguage\":\"en-US\",\"@id\":\"https:\\\/\\\/fvz.upr.si\\\/en\\\/ergonomics\\\/#primaryimage\",\"url\":\"https:\\\/\\\/fvz.upr.si\\\/wp-content\\\/uploads\\\/2020\\\/08\\\/Ergonomija2.jpg\",\"contentUrl\":\"https:\\\/\\\/fvz.upr.si\\\/wp-content\\\/uploads\\\/2020\\\/08\\\/Ergonomija2.jpg\",\"width\":3000,\"height\":2002,\"caption\":\"Closeup woman holding her wrist pain from using computer. Office syndrome hand pain by occupational disease.\"},{\"@type\":\"BreadcrumbList\",\"@id\":\"https:\\\/\\\/fvz.upr.si\\\/en\\\/ergonomics\\\/#breadcrumb\",\"itemListElement\":[{\"@type\":\"ListItem\",\"position\":1,\"name\":\"Home\",\"item\":\"https:\\\/\\\/fvz.upr.si\\\/\"},{\"@type\":\"ListItem\",\"position\":2,\"name\":\"Ergonomics\"}]},{\"@type\":\"WebSite\",\"@id\":\"https:\\\/\\\/fvz.upr.si\\\/#website\",\"url\":\"https:\\\/\\\/fvz.upr.si\\\/\",\"name\":\"Fakulteta za vede o zdravju\",\"description\":\"\u017divljenju dodajamo znanje.\",\"publisher\":{\"@id\":\"https:\\\/\\\/fvz.upr.si\\\/#organization\"},\"potentialAction\":[{\"@type\":\"SearchAction\",\"target\":{\"@type\":\"EntryPoint\",\"urlTemplate\":\"https:\\\/\\\/fvz.upr.si\\\/?s={search_term_string}\"},\"query-input\":{\"@type\":\"PropertyValueSpecification\",\"valueRequired\":true,\"valueName\":\"search_term_string\"}}],\"inLanguage\":\"en-US\"},{\"@type\":\"Organization\",\"@id\":\"https:\\\/\\\/fvz.upr.si\\\/#organization\",\"name\":\"Fakulteta za vede o zdravju\",\"url\":\"https:\\\/\\\/fvz.upr.si\\\/\",\"logo\":{\"@type\":\"ImageObject\",\"inLanguage\":\"en-US\",\"@id\":\"https:\\\/\\\/fvz.upr.si\\\/#\\\/schema\\\/logo\\\/image\\\/\",\"url\":\"https:\\\/\\\/fvz.upr.si\\\/wp-content\\\/uploads\\\/2019\\\/03\\\/UP-FVZ_logo-transparent.png\",\"contentUrl\":\"https:\\\/\\\/fvz.upr.si\\\/wp-content\\\/uploads\\\/2019\\\/03\\\/UP-FVZ_logo-transparent.png\",\"width\":1417,\"height\":792,\"caption\":\"Fakulteta za vede o zdravju\"},\"image\":{\"@id\":\"https:\\\/\\\/fvz.upr.si\\\/#\\\/schema\\\/logo\\\/image\\\/\"}}]}<\/script>\n<!-- \/ Yoast SEO plugin. -->","yoast_head_json":{"title":"Ergonomics - Fakulteta za vede o zdravju","robots":{"index":"index","follow":"follow","max-snippet":"max-snippet:-1","max-image-preview":"max-image-preview:large","max-video-preview":"max-video-preview:-1"},"canonical":"https:\/\/fvz.upr.si\/en\/ergonomics\/","og_locale":"en_US","og_type":"article","og_title":"Ergonomics - Fakulteta za vede o zdravju","og_description":"A brief description of the area Ergonomics deals with understanding the interaction between humans and other elements of the environment. It applies theoretical knowledge, data and methods to planning of [&hellip;]","og_url":"https:\/\/fvz.upr.si\/en\/ergonomics\/","og_site_name":"Fakulteta za vede o zdravju","article_modified_time":"2022-11-23T11:25:59+00:00","og_image":[{"width":3000,"height":2002,"url":"https:\/\/fvz.upr.si\/wp-content\/uploads\/2020\/08\/Ergonomija2.jpg","type":"image\/jpeg"}],"twitter_card":"summary_large_image","twitter_misc":{"Est. reading time":"8 minutes"},"schema":{"@context":"https:\/\/schema.org","@graph":[{"@type":"WebPage","@id":"https:\/\/fvz.upr.si\/en\/ergonomics\/","url":"https:\/\/fvz.upr.si\/en\/ergonomics\/","name":"Ergonomics - Fakulteta za vede o zdravju","isPartOf":{"@id":"https:\/\/fvz.upr.si\/#website"},"primaryImageOfPage":{"@id":"https:\/\/fvz.upr.si\/en\/ergonomics\/#primaryimage"},"image":{"@id":"https:\/\/fvz.upr.si\/en\/ergonomics\/#primaryimage"},"thumbnailUrl":"https:\/\/fvz.upr.si\/wp-content\/uploads\/2020\/08\/Ergonomija2.jpg","datePublished":"2020-04-01T21:20:40+00:00","dateModified":"2022-11-23T11:25:59+00:00","breadcrumb":{"@id":"https:\/\/fvz.upr.si\/en\/ergonomics\/#breadcrumb"},"inLanguage":"en-US","potentialAction":[{"@type":"ReadAction","target":["https:\/\/fvz.upr.si\/en\/ergonomics\/"]}]},{"@type":"ImageObject","inLanguage":"en-US","@id":"https:\/\/fvz.upr.si\/en\/ergonomics\/#primaryimage","url":"https:\/\/fvz.upr.si\/wp-content\/uploads\/2020\/08\/Ergonomija2.jpg","contentUrl":"https:\/\/fvz.upr.si\/wp-content\/uploads\/2020\/08\/Ergonomija2.jpg","width":3000,"height":2002,"caption":"Closeup woman holding her wrist pain from using computer. Office syndrome hand pain by occupational disease."},{"@type":"BreadcrumbList","@id":"https:\/\/fvz.upr.si\/en\/ergonomics\/#breadcrumb","itemListElement":[{"@type":"ListItem","position":1,"name":"Home","item":"https:\/\/fvz.upr.si\/"},{"@type":"ListItem","position":2,"name":"Ergonomics"}]},{"@type":"WebSite","@id":"https:\/\/fvz.upr.si\/#website","url":"https:\/\/fvz.upr.si\/","name":"Fakulteta za vede o zdravju","description":"\u017divljenju dodajamo znanje.","publisher":{"@id":"https:\/\/fvz.upr.si\/#organization"},"potentialAction":[{"@type":"SearchAction","target":{"@type":"EntryPoint","urlTemplate":"https:\/\/fvz.upr.si\/?s={search_term_string}"},"query-input":{"@type":"PropertyValueSpecification","valueRequired":true,"valueName":"search_term_string"}}],"inLanguage":"en-US"},{"@type":"Organization","@id":"https:\/\/fvz.upr.si\/#organization","name":"Fakulteta za vede o zdravju","url":"https:\/\/fvz.upr.si\/","logo":{"@type":"ImageObject","inLanguage":"en-US","@id":"https:\/\/fvz.upr.si\/#\/schema\/logo\/image\/","url":"https:\/\/fvz.upr.si\/wp-content\/uploads\/2019\/03\/UP-FVZ_logo-transparent.png","contentUrl":"https:\/\/fvz.upr.si\/wp-content\/uploads\/2019\/03\/UP-FVZ_logo-transparent.png","width":1417,"height":792,"caption":"Fakulteta za vede o zdravju"},"image":{"@id":"https:\/\/fvz.upr.si\/#\/schema\/logo\/image\/"}}]}},"ticketed":false,"_links":{"self":[{"href":"https:\/\/fvz.upr.si\/en\/wp-json\/wp\/v2\/pages\/28881","targetHints":{"allow":["GET"]}}],"collection":[{"href":"https:\/\/fvz.upr.si\/en\/wp-json\/wp\/v2\/pages"}],"about":[{"href":"https:\/\/fvz.upr.si\/en\/wp-json\/wp\/v2\/types\/page"}],"author":[{"embeddable":true,"href":"https:\/\/fvz.upr.si\/en\/wp-json\/wp\/v2\/users\/2"}],"replies":[{"embeddable":true,"href":"https:\/\/fvz.upr.si\/en\/wp-json\/wp\/v2\/comments?post=28881"}],"version-history":[{"count":5,"href":"https:\/\/fvz.upr.si\/en\/wp-json\/wp\/v2\/pages\/28881\/revisions"}],"predecessor-version":[{"id":46346,"href":"https:\/\/fvz.upr.si\/en\/wp-json\/wp\/v2\/pages\/28881\/revisions\/46346"}],"wp:featuredmedia":[{"embeddable":true,"href":"https:\/\/fvz.upr.si\/en\/wp-json\/wp\/v2\/media\/31872"}],"wp:attachment":[{"href":"https:\/\/fvz.upr.si\/en\/wp-json\/wp\/v2\/media?parent=28881"}],"curies":[{"name":"wp","href":"https:\/\/api.w.org\/{rel}","templated":true}]}}