{"id":25903,"date":"2019-11-05T11:22:20","date_gmt":"2019-11-05T10:22:20","guid":{"rendered":"http:\/\/fvz.hyperfoxstudios.com\/?page_id=25903"},"modified":"2019-11-05T11:22:22","modified_gmt":"2019-11-05T10:22:22","slug":"privacy-policy","status":"publish","type":"page","link":"https:\/\/fvz.upr.si\/en\/privacy-policy\/","title":{"rendered":"Privacy Policy"},"content":{"rendered":"<p>[et_pb_section fb_built=&#8221;1&#8243; _builder_version=&#8221;3.27.2&#8243; _dynamic_attributes=&#8221;background_image&#8221; background_enable_color=&#8221;off&#8221; background_image=&#8221;@ET-DC@eyJkeW5hbWljIjp0cnVlLCJjb250ZW50IjoicG9zdF9mZWF0dXJlZF9pbWFnZSIsInNldHRpbmdzIjp7fX0=@&#8221; height=&#8221;330px&#8221; animation_style=&#8221;fade&#8221; custom_css_main_element=&#8221;padding-top: 0;||padding-bottom: 0;&#8221; saved_tabs=&#8221;all&#8221;][et_pb_row _builder_version=&#8221;3.27.2&#8243; height=&#8221;100%&#8221; custom_css_main_element=&#8221;position: relative;||padding-top: 0;||padding-bottom: 0;&#8221;][et_pb_column type=&#8221;4_4&#8243; _builder_version=&#8221;3.27.2&#8243; custom_css_main_element=&#8221;height: 100%;&#8221;][et_pb_text _builder_version=&#8221;3.27.4&#8243; _dynamic_attributes=&#8221;content&#8221; text_font=&#8221;Fira Sans|||on|||||&#8221; text_text_color=&#8221;#ffffff&#8221; text_font_size=&#8221;20px&#8221; custom_css_main_element=&#8221;background-color: #bf2f1a;||display: inline-block;||position: absolute;||bottom: 0;||padding: 16px;&#8221; border_width_all=&#8221;2px&#8221; border_color_all=&#8221;#821f22&#8243; border_width_bottom=&#8221;0px&#8221;]@ET-DC@eyJkeW5hbWljIjp0cnVlLCJjb250ZW50IjoicG9zdF90aXRsZSIsInNldHRpbmdzIjp7ImJlZm9yZSI6IiIsImFmdGVyIjoiIn19@[\/et_pb_text][\/et_pb_column][\/et_pb_row][\/et_pb_section][et_pb_section fb_built=&#8221;1&#8243; custom_padding_last_edited=&#8221;on|tablet&#8221; _builder_version=&#8221;3.27.2&#8243; background_color=&#8221;#f1f0ee&#8221; custom_padding=&#8221;60px||60px||false|false&#8221; custom_padding_tablet=&#8221;30px||30px||false|false&#8221; custom_padding_phone=&#8221;&#8221; animation_style=&#8221;fade&#8221;][et_pb_row _builder_version=&#8221;3.27.3&#8243; custom_margin=&#8221;||60px||false|false&#8221; custom_margin_tablet=&#8221;||0px||false|false&#8221; custom_margin_phone=&#8221;&#8221; custom_margin_last_edited=&#8221;on|tablet&#8221;][et_pb_column type=&#8221;4_4&#8243; _builder_version=&#8221;3.27.2&#8243;][et_pb_text _builder_version=&#8221;3.27.4&#8243; text_font=&#8221;Fira Sans|700||on|||||&#8221; text_text_color=&#8221;#bf2e1b&#8221; text_font_size=&#8221;22px&#8221; custom_padding=&#8221;||||false|false&#8221;]<\/p>\n<h2>Zakaj so pi\u0161kotki potrebni?<\/h2>\n<p>[\/et_pb_text][et_pb_text _builder_version=&#8221;3.27.4&#8243; text_font=&#8221;||||||||&#8221; text_text_color=&#8221;#3c3a37&#8243; custom_margin=&#8221;|70px||0px&#8221;]<\/p>\n<p>Pi\u0161kotki so temeljnega pomena za zagotavljanje uporabniku prijaznih spletnih storitev; najpogostej\u0161e funkcije e-poslovanja ne bi bile mogo\u010de brez pi\u0161kotkov. Interakcija med spletnim uporabnikom in spletno stranjo je s pomo\u010djo pi\u0161kotkov hitrej\u0161a in enostavnej\u0161a. Z njihovo pomo\u010djo si spletna stran zapomni posameznikove preference in izku\u0161nje, brskanje po spletnih straneh pa je s tem bolj u\u010dinkovito in prijetno. Razlogov za uporabo pi\u0161kotkov je ve\u010d. Uporabljajo se za shranjevanje podatkov o stanju posamezne spletne strani (podrobnosti o prilagoditvah posamezne spletne strani), pomagajo pri izvajanju spletnih storitev (npr spletne trgovine), pomagajo pri zbiranju statistik o uporabnikih in obiskanosti spletnega mesta, o navadah spletnega uporabnika , itd. S pomo\u010djo pi\u0161kotkov lahko torej ocenimo u\u010dinkovitost zasnove na\u0161ega spletnega mesta. O priporo\u010deni in dovoljeni uporabi pi\u0161kotkov na spletnih straneh si lahko preberete tudi smernice informacijskega poobla\u0161\u010denca za uporabo pi\u0161kotkov, ki jih najdete <a href=\"https:\/\/www.ip-rs.si\/publikacije\/prirocniki-in-smernice\/\" target=\"_blank\" rel=\"noopener noreferrer\">tukaj<\/a>.<\/p>\n<p>[\/et_pb_text][\/et_pb_column][\/et_pb_row][et_pb_row _builder_version=&#8221;3.27.2&#8243; width_tablet=&#8221;80%&#8221; width_phone=&#8221;&#8221; width_last_edited=&#8221;on|desktop&#8221; custom_margin=&#8221;30px|auto|60px|auto|false|false&#8221; custom_margin_tablet=&#8221;0px||0px||false|false&#8221; custom_margin_phone=&#8221;&#8221; custom_margin_last_edited=&#8221;on|desktop&#8221; custom_padding=&#8221;||||false|false&#8221; locked=&#8221;off&#8221;][et_pb_column type=&#8221;4_4&#8243; _builder_version=&#8221;3.27.2&#8243;][et_pb_text _builder_version=&#8221;3.27.4&#8243; text_font=&#8221;Fira Sans|700||on|||||&#8221; text_text_color=&#8221;#bf2e1b&#8221; text_font_size=&#8221;22px&#8221; custom_padding=&#8221;||||false|false&#8221;]<\/p>\n<h2>Za kaj uporabljamo pi\u0161kotke na na\u0161i spletni strani<\/h2>\n<p>[\/et_pb_text][et_pb_text _builder_version=&#8221;3.29.3&#8243; custom_padding=&#8221;||0px|||&#8221;]<\/p>\n<p>Na na\u0161i spletni strani uporabljamo naslednje tipe pi\u0161kotkov:<\/p>\n<p><span style=\"font-size: 16px;\">&nbsp;<\/span><\/p>\n<ul>\n<li><strong>Sejni pi\u0161kotki:<\/strong> Za\u010dasni ali sejni pi\u0161kotki bodo odstranjeni iz ra\u010dunalnika, ko zaprete va\u0161 brskalnik (npr Chrome ali Internet Explorer). Ti pi\u0161kotki pomagajo izbolj\u0161ati delovanje in uporabnost na\u0161e spletne strani. Na primer, omogo\u010dajo, da zaznamo, ali lahko va\u0161 brskalnik za\u017eene majhne spletne programe (imenovane \u00bbskripte\u00ab), ki zagotavljajo dodatne funkcionalnosti spletne strani ali omogo\u010dajo, da se spomnimo kakr\u0161nih koli preferenc, ki ste jih nastavili (kot na primer velikost \u010drk ali nastavitev jezika).<\/li>\n<li><strong>Trajni pi\u0161kotki:<\/strong> Trajni ali shranjeni pi\u0161kotki ostanejo v ra\u010dunalniku, ko zaprete brskalnik. Spletna stran jih uporablja za shranjevanje informacij, na primer vpisno ime in geslo, tako da se ni treba vpisati vsaki\u010d, ko obi\u0161\u010dete neko mesto. Trajni pi\u0161kotki ostanejo v ra\u010dunalniku pribli\u017eno 6 mesecev.<\/li>\n<li><strong>Analiti\u010dni pi\u0161kotki tehnologije Google Analytics:<\/strong>&nbsp;Ti pi\u0161kotki se uporabljajo za zbiranje informacij o tem, kako obiskovalci uporabljajo na\u0161o spletno stran. Te informacije uporabljamo za pripravo poro\u010dil in so nam v pomo\u010d pri izbolj\u0161avah uporabni\u0161kega vidika spletne strani. Pi\u0161kotki zbirajo informacije v anonimni obliki, vklju\u010dno s \u0161tevilom obiskovalcev spletne strani, od kje so obiskovalci pri\u0161li na to spletno stran in spletne stani, ki so jih obiskali. Nekateri pi\u0161kotki, dolo\u010deni za ta namen, se samodejno odstranijo iz naprave, ko zaprete svoj brskalnik. Drugi se lahko ohranijo do 24 mesecev od va\u0161ega zadnjega obiska na\u0161e spletne strani. Lahko se odpoveste sledenju Google Analytics z obiskom: https:\/\/tools.google.com\/dlpage\/gaoptout .<\/li>\n<li><strong>Pi\u0161kotki, ki so vezani na vti\u010dnike (social media plug-in) dru\u017ebenih omre\u017eij in storitev:<\/strong> dru\u017ebena omre\u017eja omogo\u010dajo spletnim mestom, da v svojo vsebino integrirajo njihove produkte \u2013 tako lahko uporabniki delijo vsebine s svojimi prijatelji (razli\u010dni gumbi, kot so v\u0161e\u010d mi je, deli vsebino, priporo\u010di \u2026). Vti\u010dniki uporabljajo pi\u0161kotke, da lahko dru\u017ebena omre\u017eja identificirajo svoje \u010dlane, ko ti pridejo na spletno mesto z vti\u010dnikom.<\/li>\n<\/ul>\n<p>&nbsp;<\/p>\n<table id=\"tablepress-2\" class=\"tablepress tablepress-id-2 dataTable no-footer\" role=\"grid\">\n<thead>\n<tr class=\"row-1 odd\" role=\"row\">\n<th class=\"column-1 sorting_disabled\" rowspan=\"1\" colspan=\"1\">Pi\u0161kotek<\/th>\n<th class=\"column-2 sorting_disabled\" rowspan=\"1\" colspan=\"1\">Tip<\/th>\n<th class=\"column-3 sorting_disabled\" rowspan=\"1\" colspan=\"1\">Trajanje<\/th>\n<th class=\"column-4 sorting_disabled\" rowspan=\"1\" colspan=\"1\">Namen<\/th>\n<\/tr>\n<\/thead>\n<tbody class=\"row-hover\">\n<tr class=\"row-2 even\" role=\"row\">\n<td class=\"column-1\">PH_HPXY_CHECK<\/td>\n<td class=\"column-2\">Obvezni<\/td>\n<td class=\"column-3\">Do zaprtja seje<\/td>\n<td class=\"column-4\">Pi\u0161kotek uporablja varnostni sistem za prepre\u010devanje brute foce napadov in ne omogo\u010da identifikacije posameznega uporabnika.<\/td>\n<\/tr>\n<tr class=\"row-3 odd\" role=\"row\">\n<td class=\"column-1\">PHPSESSID<\/td>\n<td class=\"column-2\">Obvezni<\/td>\n<td class=\"column-3\">Do zaprtja seje<\/td>\n<td class=\"column-4\">omogo\u010dajo delovanje spletnih strani<\/td>\n<\/tr>\n<tr class=\"row-4 even\" role=\"row\">\n<td class=\"column-1\">cookie_notice_accepted<\/td>\n<td class=\"column-2\">Neobvezni<\/td>\n<td class=\"column-3\">1 leto<\/td>\n<td class=\"column-4\">Pi\u0161kotek, ki preverja katere, \u010de ste odobrili pi\u0161kotke.<\/td>\n<\/tr>\n<tr class=\"row-5 odd\" role=\"row\">\n<td class=\"column-1\">_ga<\/td>\n<td class=\"column-2\">Neobvezni<\/td>\n<td class=\"column-3\">2 leti<\/td>\n<td class=\"column-4\">To naklju\u010dno ustvarjeno unikatno \u0161tevilo se uporablja za izra\u010dun podatkov o obisku na\u0161ega spletnega mesta.<\/td>\n<\/tr>\n<tr class=\"row-6 even\" role=\"row\">\n<td class=\"column-1\">_gid<\/td>\n<td class=\"column-2\">Neobvezni<\/td>\n<td class=\"column-3\">24 ur<\/td>\n<td class=\"column-4\">To naklju\u010dno ustvarjeno unikatno \u0161tevilo se uporablja za izra\u010dun podatkov o obisku na\u0161ega spletnega mesta.<\/td>\n<\/tr>\n<tr class=\"row-7 odd\" role=\"row\">\n<td class=\"column-1\">_gat<\/td>\n<td class=\"column-2\">Neobvezni<\/td>\n<td class=\"column-3\">1 leto<\/td>\n<td class=\"column-4\">Ta pi\u0161kotek se nastavi zato, da si spletno mesto zapomni va\u0161o odlo\u010ditev glede analiti\u010dnih pi\u0161kotkov. Nastavi se potem, ko ste odlo\u010ditev sprejeli. Dokler ga sami ne izbri\u0161ete, vas spletno mesto ne bo ve\u010d spra\u0161evalo glede uporabe analiti\u010dnih pi\u0161kotkov.<\/td>\n<\/tr>\n<\/tbody>\n<\/table>\n<p>[\/et_pb_text][\/et_pb_column][\/et_pb_row][et_pb_row _builder_version=&#8221;3.27.2&#8243; width_tablet=&#8221;80%&#8221; width_phone=&#8221;&#8221; width_last_edited=&#8221;on|desktop&#8221; custom_margin=&#8221;30px|auto|60px|auto|false|false&#8221; custom_margin_tablet=&#8221;0px||0px||false|false&#8221; custom_margin_phone=&#8221;&#8221; custom_margin_last_edited=&#8221;on|desktop&#8221; custom_padding=&#8221;||||false|false&#8221; locked=&#8221;off&#8221;][et_pb_column type=&#8221;4_4&#8243; _builder_version=&#8221;3.27.2&#8243;][et_pb_text _builder_version=&#8221;3.27.4&#8243;]<\/p>\n<h2>Priglasitev<\/h2>\n<p>[\/et_pb_text][et_pb_text _builder_version=&#8221;3.27.4&#8243; custom_padding=&#8221;||0px||false|false&#8221;]<\/p>\n<p><b>Z uporabo tega spletnega mesta se strinjate, da to spletno mesto nastavi pi\u0161kotke na va\u0161em ra\u010dunalniku ali mobilni napravi.<\/b><\/p>\n<p>[\/et_pb_text][\/et_pb_column][\/et_pb_row][et_pb_row _builder_version=&#8221;3.27.2&#8243; width_tablet=&#8221;80%&#8221; width_phone=&#8221;&#8221; width_last_edited=&#8221;on|desktop&#8221; custom_margin=&#8221;30px|auto|60px|auto|false|false&#8221; custom_margin_tablet=&#8221;0px||0px||false|false&#8221; custom_margin_phone=&#8221;&#8221; custom_margin_last_edited=&#8221;on|desktop&#8221; custom_padding=&#8221;||||false|false&#8221; locked=&#8221;off&#8221;][et_pb_column type=&#8221;4_4&#8243; _builder_version=&#8221;3.27.2&#8243;][et_pb_text _builder_version=&#8221;3.27.4&#8243;]<\/p>\n<h2>Upravljanje in brisanje pi\u0161kotkov<\/h2>\n<p>[\/et_pb_text][et_pb_text _builder_version=&#8221;3.27.4&#8243; custom_padding_tablet=&#8221;&#8221; custom_padding_phone=&#8221;&#8221; custom_padding_last_edited=&#8221;on|desktop&#8221;]<\/p>\n<p><span>\u010ce \u017eelite spremeniti na\u010din uporabe pi\u0161kotkov v brskalniku, vklju\u010dno z blokiranjem ali izbrisom, lahko to storite z ustrezno spremembo nastavitev brskalnika. Za upravljanje pi\u0161kotkov vam ve\u010dina brskalnikov omogo\u010da, da sprejmete ali zavrnete vse pi\u0161kotke, sprejmete samo dolo\u010deno vrsto pi\u0161kotkov ali pa vas opozori, da stran \u017eeli shraniti pi\u0161kotek. Pi\u0161kotke, ki jih je brskalnik shranil, lahko tudi enostavno izbri\u0161ete. \u010ce spremenite ali izbri\u0161ete brskalnikovo datoteko s pi\u0161kotki, spremenite ali nagradite va\u0161 brskalnik ali napravo, boste morda morali ponovno onemogo\u010diti pi\u0161kotke. Postopek za upravljanje in brisanje pi\u0161kotkov se razlikuje od brskalnika do brskalnika. \u010ce pri tem potrebujete pomo\u010d, lahko pogledate v brskalnikovi pomo\u010di uporabnikom. Sledenju Google Analytics lahko onemogo\u010dite tudi na naslednji&nbsp;<\/span><a href=\"https:\/\/tools.google.com\/dlpage\/gaoptout\">povezavi<\/a><\/p>\n<p>[\/et_pb_text][\/et_pb_column][\/et_pb_row][\/et_pb_section]<\/p>\n","protected":false},"excerpt":{"rendered":"<p>Zakaj so pi\u0161kotki potrebni? Pi\u0161kotki so temeljnega pomena za zagotavljanje uporabniku prijaznih spletnih storitev; najpogostej\u0161e funkcije e-poslovanja ne bi bile mogo\u010de brez pi\u0161kotkov. Interakcija med spletnim uporabnikom in spletno stranjo [&hellip;]<\/p>\n","protected":false},"author":3,"featured_media":25905,"parent":0,"menu_order":0,"comment_status":"closed","ping_status":"closed","template":"","meta":{"_et_pb_use_builder":"on","_et_pb_old_content":"","_et_gb_content_width":"","_price":"","_stock":"","_tribe_ticket_header":"","_tribe_default_ticket_provider":"","_tribe_ticket_capacity":"0","_ticket_start_date":"","_ticket_end_date":"","_tribe_ticket_show_description":"","_tribe_ticket_show_not_going":false,"_tribe_ticket_use_global_stock":"","_tribe_ticket_global_stock_level":"","_global_stock_mode":"","_global_stock_cap":"","_tribe_rsvp_for_event":"","_tribe_ticket_going_count":"","_tribe_ticket_not_going_count":"","_tribe_tickets_list":"[]","_tribe_ticket_has_attendee_info_fields":false,"footnotes":"","_tec_slr_enabled":"","_tec_slr_layout":""},"class_list":["post-25903","page","type-page","status-publish","has-post-thumbnail","hentry"],"yoast_head":"<!-- This site is optimized with the Yoast SEO plugin v27.3 - https:\/\/yoast.com\/product\/yoast-seo-wordpress\/ -->\n<title>Privacy Policy - Fakulteta za vede o zdravju<\/title>\n<meta name=\"robots\" content=\"index, follow, max-snippet:-1, max-image-preview:large, max-video-preview:-1\" \/>\n<link rel=\"canonical\" href=\"https:\/\/fvz.upr.si\/en\/privacy-policy\/\" \/>\n<meta property=\"og:locale\" content=\"en_US\" \/>\n<meta property=\"og:type\" content=\"article\" \/>\n<meta property=\"og:title\" content=\"Privacy Policy - Fakulteta za vede o zdravju\" \/>\n<meta property=\"og:description\" content=\"Zakaj so pi\u0161kotki potrebni? Pi\u0161kotki so temeljnega pomena za zagotavljanje uporabniku prijaznih spletnih storitev; najpogostej\u0161e funkcije e-poslovanja ne bi bile mogo\u010de brez pi\u0161kotkov. Interakcija med spletnim uporabnikom in spletno stranjo [&hellip;]\" \/>\n<meta property=\"og:url\" content=\"https:\/\/fvz.upr.si\/en\/privacy-policy\/\" \/>\n<meta property=\"og:site_name\" content=\"Fakulteta za vede o zdravju\" \/>\n<meta property=\"article:modified_time\" content=\"2019-11-05T10:22:22+00:00\" \/>\n<meta property=\"og:image\" content=\"https:\/\/fvz.upr.si\/wp-content\/uploads\/2019\/08\/Zaposleni.png\" \/>\n\t<meta property=\"og:image:width\" content=\"1360\" \/>\n\t<meta property=\"og:image:height\" content=\"333\" \/>\n\t<meta property=\"og:image:type\" content=\"image\/png\" \/>\n<meta name=\"twitter:card\" content=\"summary_large_image\" \/>\n<meta name=\"twitter:label1\" content=\"Est. reading time\" \/>\n\t<meta name=\"twitter:data1\" content=\"7 minutes\" \/>\n<script type=\"application\/ld+json\" class=\"yoast-schema-graph\">{\"@context\":\"https:\\\/\\\/schema.org\",\"@graph\":[{\"@type\":\"WebPage\",\"@id\":\"https:\\\/\\\/fvz.upr.si\\\/en\\\/privacy-policy\\\/\",\"url\":\"https:\\\/\\\/fvz.upr.si\\\/en\\\/privacy-policy\\\/\",\"name\":\"Privacy Policy - Fakulteta za vede o zdravju\",\"isPartOf\":{\"@id\":\"https:\\\/\\\/fvz.upr.si\\\/#website\"},\"primaryImageOfPage\":{\"@id\":\"https:\\\/\\\/fvz.upr.si\\\/en\\\/privacy-policy\\\/#primaryimage\"},\"image\":{\"@id\":\"https:\\\/\\\/fvz.upr.si\\\/en\\\/privacy-policy\\\/#primaryimage\"},\"thumbnailUrl\":\"https:\\\/\\\/fvz.upr.si\\\/wp-content\\\/uploads\\\/2019\\\/08\\\/Zaposleni.png\",\"datePublished\":\"2019-11-05T10:22:20+00:00\",\"dateModified\":\"2019-11-05T10:22:22+00:00\",\"breadcrumb\":{\"@id\":\"https:\\\/\\\/fvz.upr.si\\\/en\\\/privacy-policy\\\/#breadcrumb\"},\"inLanguage\":\"en-US\",\"potentialAction\":[{\"@type\":\"ReadAction\",\"target\":[\"https:\\\/\\\/fvz.upr.si\\\/en\\\/privacy-policy\\\/\"]}]},{\"@type\":\"ImageObject\",\"inLanguage\":\"en-US\",\"@id\":\"https:\\\/\\\/fvz.upr.si\\\/en\\\/privacy-policy\\\/#primaryimage\",\"url\":\"https:\\\/\\\/fvz.upr.si\\\/wp-content\\\/uploads\\\/2019\\\/08\\\/Zaposleni.png\",\"contentUrl\":\"https:\\\/\\\/fvz.upr.si\\\/wp-content\\\/uploads\\\/2019\\\/08\\\/Zaposleni.png\",\"width\":1360,\"height\":333},{\"@type\":\"BreadcrumbList\",\"@id\":\"https:\\\/\\\/fvz.upr.si\\\/en\\\/privacy-policy\\\/#breadcrumb\",\"itemListElement\":[{\"@type\":\"ListItem\",\"position\":1,\"name\":\"Home\",\"item\":\"https:\\\/\\\/fvz.upr.si\\\/\"},{\"@type\":\"ListItem\",\"position\":2,\"name\":\"Privacy Policy\"}]},{\"@type\":\"WebSite\",\"@id\":\"https:\\\/\\\/fvz.upr.si\\\/#website\",\"url\":\"https:\\\/\\\/fvz.upr.si\\\/\",\"name\":\"Fakulteta za vede o zdravju\",\"description\":\"\u017divljenju dodajamo znanje.\",\"publisher\":{\"@id\":\"https:\\\/\\\/fvz.upr.si\\\/#organization\"},\"potentialAction\":[{\"@type\":\"SearchAction\",\"target\":{\"@type\":\"EntryPoint\",\"urlTemplate\":\"https:\\\/\\\/fvz.upr.si\\\/?s={search_term_string}\"},\"query-input\":{\"@type\":\"PropertyValueSpecification\",\"valueRequired\":true,\"valueName\":\"search_term_string\"}}],\"inLanguage\":\"en-US\"},{\"@type\":\"Organization\",\"@id\":\"https:\\\/\\\/fvz.upr.si\\\/#organization\",\"name\":\"Fakulteta za vede o zdravju\",\"url\":\"https:\\\/\\\/fvz.upr.si\\\/\",\"logo\":{\"@type\":\"ImageObject\",\"inLanguage\":\"en-US\",\"@id\":\"https:\\\/\\\/fvz.upr.si\\\/#\\\/schema\\\/logo\\\/image\\\/\",\"url\":\"https:\\\/\\\/fvz.upr.si\\\/wp-content\\\/uploads\\\/2019\\\/03\\\/UP-FVZ_logo-transparent.png\",\"contentUrl\":\"https:\\\/\\\/fvz.upr.si\\\/wp-content\\\/uploads\\\/2019\\\/03\\\/UP-FVZ_logo-transparent.png\",\"width\":1417,\"height\":792,\"caption\":\"Fakulteta za vede o zdravju\"},\"image\":{\"@id\":\"https:\\\/\\\/fvz.upr.si\\\/#\\\/schema\\\/logo\\\/image\\\/\"}}]}<\/script>\n<!-- \/ Yoast SEO plugin. -->","yoast_head_json":{"title":"Privacy Policy - Fakulteta za vede o zdravju","robots":{"index":"index","follow":"follow","max-snippet":"max-snippet:-1","max-image-preview":"max-image-preview:large","max-video-preview":"max-video-preview:-1"},"canonical":"https:\/\/fvz.upr.si\/en\/privacy-policy\/","og_locale":"en_US","og_type":"article","og_title":"Privacy Policy - Fakulteta za vede o zdravju","og_description":"Zakaj so pi\u0161kotki potrebni? Pi\u0161kotki so temeljnega pomena za zagotavljanje uporabniku prijaznih spletnih storitev; najpogostej\u0161e funkcije e-poslovanja ne bi bile mogo\u010de brez pi\u0161kotkov. Interakcija med spletnim uporabnikom in spletno stranjo [&hellip;]","og_url":"https:\/\/fvz.upr.si\/en\/privacy-policy\/","og_site_name":"Fakulteta za vede o zdravju","article_modified_time":"2019-11-05T10:22:22+00:00","og_image":[{"width":1360,"height":333,"url":"https:\/\/fvz.upr.si\/wp-content\/uploads\/2019\/08\/Zaposleni.png","type":"image\/png"}],"twitter_card":"summary_large_image","twitter_misc":{"Est. reading time":"7 minutes"},"schema":{"@context":"https:\/\/schema.org","@graph":[{"@type":"WebPage","@id":"https:\/\/fvz.upr.si\/en\/privacy-policy\/","url":"https:\/\/fvz.upr.si\/en\/privacy-policy\/","name":"Privacy Policy - Fakulteta za vede o zdravju","isPartOf":{"@id":"https:\/\/fvz.upr.si\/#website"},"primaryImageOfPage":{"@id":"https:\/\/fvz.upr.si\/en\/privacy-policy\/#primaryimage"},"image":{"@id":"https:\/\/fvz.upr.si\/en\/privacy-policy\/#primaryimage"},"thumbnailUrl":"https:\/\/fvz.upr.si\/wp-content\/uploads\/2019\/08\/Zaposleni.png","datePublished":"2019-11-05T10:22:20+00:00","dateModified":"2019-11-05T10:22:22+00:00","breadcrumb":{"@id":"https:\/\/fvz.upr.si\/en\/privacy-policy\/#breadcrumb"},"inLanguage":"en-US","potentialAction":[{"@type":"ReadAction","target":["https:\/\/fvz.upr.si\/en\/privacy-policy\/"]}]},{"@type":"ImageObject","inLanguage":"en-US","@id":"https:\/\/fvz.upr.si\/en\/privacy-policy\/#primaryimage","url":"https:\/\/fvz.upr.si\/wp-content\/uploads\/2019\/08\/Zaposleni.png","contentUrl":"https:\/\/fvz.upr.si\/wp-content\/uploads\/2019\/08\/Zaposleni.png","width":1360,"height":333},{"@type":"BreadcrumbList","@id":"https:\/\/fvz.upr.si\/en\/privacy-policy\/#breadcrumb","itemListElement":[{"@type":"ListItem","position":1,"name":"Home","item":"https:\/\/fvz.upr.si\/"},{"@type":"ListItem","position":2,"name":"Privacy Policy"}]},{"@type":"WebSite","@id":"https:\/\/fvz.upr.si\/#website","url":"https:\/\/fvz.upr.si\/","name":"Fakulteta za vede o zdravju","description":"\u017divljenju dodajamo znanje.","publisher":{"@id":"https:\/\/fvz.upr.si\/#organization"},"potentialAction":[{"@type":"SearchAction","target":{"@type":"EntryPoint","urlTemplate":"https:\/\/fvz.upr.si\/?s={search_term_string}"},"query-input":{"@type":"PropertyValueSpecification","valueRequired":true,"valueName":"search_term_string"}}],"inLanguage":"en-US"},{"@type":"Organization","@id":"https:\/\/fvz.upr.si\/#organization","name":"Fakulteta za vede o zdravju","url":"https:\/\/fvz.upr.si\/","logo":{"@type":"ImageObject","inLanguage":"en-US","@id":"https:\/\/fvz.upr.si\/#\/schema\/logo\/image\/","url":"https:\/\/fvz.upr.si\/wp-content\/uploads\/2019\/03\/UP-FVZ_logo-transparent.png","contentUrl":"https:\/\/fvz.upr.si\/wp-content\/uploads\/2019\/03\/UP-FVZ_logo-transparent.png","width":1417,"height":792,"caption":"Fakulteta za vede o zdravju"},"image":{"@id":"https:\/\/fvz.upr.si\/#\/schema\/logo\/image\/"}}]}},"ticketed":false,"_links":{"self":[{"href":"https:\/\/fvz.upr.si\/en\/wp-json\/wp\/v2\/pages\/25903","targetHints":{"allow":["GET"]}}],"collection":[{"href":"https:\/\/fvz.upr.si\/en\/wp-json\/wp\/v2\/pages"}],"about":[{"href":"https:\/\/fvz.upr.si\/en\/wp-json\/wp\/v2\/types\/page"}],"author":[{"embeddable":true,"href":"https:\/\/fvz.upr.si\/en\/wp-json\/wp\/v2\/users\/3"}],"replies":[{"embeddable":true,"href":"https:\/\/fvz.upr.si\/en\/wp-json\/wp\/v2\/comments?post=25903"}],"version-history":[{"count":1,"href":"https:\/\/fvz.upr.si\/en\/wp-json\/wp\/v2\/pages\/25903\/revisions"}],"predecessor-version":[{"id":25904,"href":"https:\/\/fvz.upr.si\/en\/wp-json\/wp\/v2\/pages\/25903\/revisions\/25904"}],"wp:featuredmedia":[{"embeddable":true,"href":"https:\/\/fvz.upr.si\/en\/wp-json\/wp\/v2\/media\/25905"}],"wp:attachment":[{"href":"https:\/\/fvz.upr.si\/en\/wp-json\/wp\/v2\/media?parent=25903"}],"curies":[{"name":"wp","href":"https:\/\/api.w.org\/{rel}","templated":true}]}}