{"id":109432,"date":"2026-04-21T13:47:48","date_gmt":"2026-04-21T11:47:48","guid":{"rendered":"https:\/\/fvz.upr.si\/?page_id=109432"},"modified":"2026-04-21T14:17:39","modified_gmt":"2026-04-21T12:17:39","slug":"doktorska-tema-groleger-srsen","status":"publish","type":"page","link":"https:\/\/fvz.upr.si\/en\/doktorska-tema-groleger-srsen\/","title":{"rendered":"assoc. prof. dr. Katja Groleger Sr\u0161en \u2013 PhD TOPICS"},"content":{"rendered":"<p>[et_pb_section fb_built=&#8221;1&#8243; _builder_version=&#8221;3.27.2&#8243; _dynamic_attributes=&#8221;background_image&#8221; background_enable_color=&#8221;off&#8221; background_image=&#8221;@ET-DC@eyJkeW5hbWljIjp0cnVlLCJjb250ZW50IjoicG9zdF9mZWF0dXJlZF9pbWFnZSIsInNldHRpbmdzIjp7fX0=@&#8221; height=&#8221;330px&#8221; animation_style=&#8221;fade&#8221; custom_css_main_element=&#8221;padding-top: 0;||padding-bottom: 0;&#8221; global_module=&#8221;18950&#8243; saved_tabs=&#8221;all&#8221; global_colors_info=&#8221;{}&#8221;][et_pb_row _builder_version=&#8221;4.16&#8243; height=&#8221;100%&#8221; custom_css_main_element=&#8221;position: relative;||padding-top: 0;||padding-bottom: 0;&#8221; global_colors_info=&#8221;{}&#8221;][et_pb_column type=&#8221;4_4&#8243; _builder_version=&#8221;4.16&#8243; custom_css_main_element=&#8221;height: 100%;&#8221; global_colors_info=&#8221;{}&#8221;][et_pb_text _builder_version=&#8221;4.16&#8243; _dynamic_attributes=&#8221;content&#8221; text_font=&#8221;Fira Sans|||on|||||&#8221; text_text_color=&#8221;#ffffff&#8221; text_font_size=&#8221;20px&#8221; custom_css_main_element=&#8221;background-color: #bf2f1a;||display: inline-block;||position: absolute;||bottom: 0;||padding: 16px;&#8221; border_width_all=&#8221;2px&#8221; border_color_all=&#8221;#821f22&#8243; border_width_bottom=&#8221;0px&#8221; global_colors_info=&#8221;{}&#8221;]@ET-DC@eyJkeW5hbWljIjp0cnVlLCJjb250ZW50IjoicG9zdF90aXRsZSIsInNldHRpbmdzIjp7ImJlZm9yZSI6IiIsImFmdGVyIjoiIn19@[\/et_pb_text][\/et_pb_column][\/et_pb_row][\/et_pb_section][et_pb_section fb_built=&#8221;1&#8243; custom_padding_last_edited=&#8221;on|tablet&#8221; _builder_version=&#8221;4.16&#8243; background_color=&#8221;#f1f0ee&#8221; custom_padding=&#8221;60px||60px||false|false&#8221; custom_padding_tablet=&#8221;30px||30px||false|false&#8221; custom_padding_phone=&#8221;&#8221; animation_style=&#8221;fade&#8221; z_index_tablet=&#8221;500&#8243; box_shadow_horizontal_tablet=&#8221;0px&#8221; box_shadow_vertical_tablet=&#8221;0px&#8221; box_shadow_blur_tablet=&#8221;40px&#8221; box_shadow_spread_tablet=&#8221;0px&#8221; global_colors_info=&#8221;{}&#8221;][et_pb_row _builder_version=&#8221;4.16&#8243; global_colors_info=&#8221;{}&#8221;][et_pb_column type=&#8221;4_4&#8243; _builder_version=&#8221;4.16&#8243; global_colors_info=&#8221;{}&#8221;][et_pb_text _builder_version=&#8221;4.27.5&#8243; hover_enabled=&#8221;0&#8243; global_colors_info=&#8221;{}&#8221; sticky_enabled=&#8221;0&#8243;]<\/p>\n<p><strong>Name and Surname: <\/strong>assist. prof. Katja Groleger Sr\u0161en, PhD<strong><br \/>Links: <\/strong>ARIS <a href=\"https:\/\/cris.cobiss.net\/ecris\/si\/sl\/researcher\/14113\" role=\"link\">21592<\/a><strong><br \/>E-mail:<\/strong><a href=\"mailto:katja.groleger@mf.uni-lj.si\" role=\"link\">katja.groleger@mf.uni-lj.si<\/a><strong><br \/><\/strong><\/p>\n<p><span style=\"color: #ff0000;\"><strong>Research facility (research activity location)<\/strong><\/span><\/p>\n<p>Univerzitetni rehabilitacijski in\u0161titut Republike Slovenije So\u010da (URI So\u010da)<\/p>\n<p>UP Fakulteta za vede o zdravju<\/p>\n<p><span style=\"color: #ff0000;\"><strong>Research field according to CERIF &#8211; CERCS classification<\/strong><\/span><br \/><strong>Science: <\/strong>Medicine (humans and vertebrates)<br \/><strong>Field: <\/strong>Physical medicine, kinesiotherapy, rehabilitation \/ Physical education, motor learning, sports<\/p>\n<p style=\"text-align: justify;\"><strong><span style=\"color: #ff0000;\">Summary of research topic and field<\/span><\/strong><\/p>\n<p style=\"text-align: justify;\">Cerebral palsy (CP) is a spectrum of permanent disorders of movement and postural control that arise from non-progressive defects or developmental abnormalities of the central<br \/>nervous system in early childhood. The disorders affect daily activities and quality of life. In hemiparetic CP, the hand is often impaired, which can affect independence in performing daily tasks. Previous research has shown that therapy with the Armeo Spring Pediatric (ASP) robotic device improves functional use of the supporting hand, hand grip strength and frequent use of it in the home environment, with the effects being maintained for 6 months after completion. Our study will build on previous findings with a larger sample and an emphasis on the development of the dominant hand in children with hemiparetic CP. In this population, the ratio between the left and right hands is different than in the population of typically developing children, which raises the question of lateralization and the impact of early neurological damage on motor functions. The study will be longitudinal, prospective and interventional, and will include subjects aged 5-15 years with hemiparetic CP, who will be included in a therapeutic program using the robotically assisted ASP device. The results will be assessed with validated tests and a questionnaire: before therapy, after the completed therapeutic program and 6 months after completion, which will allow for the assessment of long-term effectiveness. The results will contribute to the understanding of the development of motor lateralization and to the development of individualized rehabilitation approaches that promote effective use of the upper limbs, and improve the quality of life and independence of children with CP.<\/p>\n<p>[\/et_pb_text][\/et_pb_column][\/et_pb_row][\/et_pb_section]<\/p>\n","protected":false},"excerpt":{"rendered":"<p>Name and Surname: assist. prof. Katja Groleger Sr\u0161en, PhDLinks: ARIS 21592E-mail:katja.groleger@mf.uni-lj.si Research facility (research activity location) Univerzitetni rehabilitacijski in\u0161titut Republike Slovenije So\u010da (URI So\u010da) UP Fakulteta za vede o zdravju [&hellip;]<\/p>\n","protected":false},"author":12,"featured_media":0,"parent":0,"menu_order":0,"comment_status":"closed","ping_status":"closed","template":"","meta":{"_et_pb_use_builder":"on","_et_pb_old_content":"","_et_gb_content_width":"","_price":"","_stock":"","_tribe_ticket_header":"","_tribe_default_ticket_provider":"","_tribe_ticket_capacity":"0","_ticket_start_date":"","_ticket_end_date":"","_tribe_ticket_show_description":"","_tribe_ticket_show_not_going":false,"_tribe_ticket_use_global_stock":"","_tribe_ticket_global_stock_level":"","_global_stock_mode":"","_global_stock_cap":"","_tribe_rsvp_for_event":"","_tribe_ticket_going_count":"","_tribe_ticket_not_going_count":"","_tribe_tickets_list":"[]","_tribe_ticket_has_attendee_info_fields":false,"footnotes":"","_tec_slr_enabled":"","_tec_slr_layout":""},"class_list":["post-109432","page","type-page","status-publish","hentry"],"yoast_head":"<!-- This site is optimized with the Yoast SEO plugin v27.5 - https:\/\/yoast.com\/product\/yoast-seo-wordpress\/ -->\n<title>assoc. prof. dr. Katja Groleger Sr\u0161en \u2013 PhD TOPICS - Fakulteta za vede o zdravju<\/title>\n<meta name=\"robots\" content=\"index, follow, max-snippet:-1, max-image-preview:large, max-video-preview:-1\" \/>\n<link rel=\"canonical\" href=\"https:\/\/fvz.upr.si\/en\/doktorska-tema-groleger-srsen\/\" \/>\n<meta property=\"og:locale\" content=\"en_US\" \/>\n<meta property=\"og:type\" content=\"article\" \/>\n<meta property=\"og:title\" content=\"assoc. prof. dr. Katja Groleger Sr\u0161en \u2013 PhD TOPICS - Fakulteta za vede o zdravju\" \/>\n<meta property=\"og:description\" content=\"Name and Surname: assist. prof. Katja Groleger Sr\u0161en, PhDLinks: ARIS 21592E-mail:katja.groleger@mf.uni-lj.si Research facility (research activity location) Univerzitetni rehabilitacijski in\u0161titut Republike Slovenije So\u010da (URI So\u010da) UP Fakulteta za vede o zdravju [&hellip;]\" \/>\n<meta property=\"og:url\" content=\"https:\/\/fvz.upr.si\/en\/doktorska-tema-groleger-srsen\/\" \/>\n<meta property=\"og:site_name\" content=\"Fakulteta za vede o zdravju\" \/>\n<meta property=\"article:modified_time\" content=\"2026-04-21T12:17:39+00:00\" \/>\n<meta name=\"twitter:card\" content=\"summary_large_image\" \/>\n<script type=\"application\/ld+json\" class=\"yoast-schema-graph\">{\"@context\":\"https:\\\/\\\/schema.org\",\"@graph\":[{\"@type\":\"WebPage\",\"@id\":\"https:\\\/\\\/fvz.upr.si\\\/en\\\/doktorska-tema-groleger-srsen\\\/\",\"url\":\"https:\\\/\\\/fvz.upr.si\\\/en\\\/doktorska-tema-groleger-srsen\\\/\",\"name\":\"assoc. prof. dr. Katja Groleger Sr\u0161en \u2013 PhD TOPICS - Fakulteta za vede o zdravju\",\"isPartOf\":{\"@id\":\"https:\\\/\\\/fvz.upr.si\\\/#website\"},\"datePublished\":\"2026-04-21T11:47:48+00:00\",\"dateModified\":\"2026-04-21T12:17:39+00:00\",\"breadcrumb\":{\"@id\":\"https:\\\/\\\/fvz.upr.si\\\/en\\\/doktorska-tema-groleger-srsen\\\/#breadcrumb\"},\"inLanguage\":\"en-US\",\"potentialAction\":[{\"@type\":\"ReadAction\",\"target\":[\"https:\\\/\\\/fvz.upr.si\\\/en\\\/doktorska-tema-groleger-srsen\\\/\"]}]},{\"@type\":\"BreadcrumbList\",\"@id\":\"https:\\\/\\\/fvz.upr.si\\\/en\\\/doktorska-tema-groleger-srsen\\\/#breadcrumb\",\"itemListElement\":[{\"@type\":\"ListItem\",\"position\":1,\"name\":\"Home\",\"item\":\"https:\\\/\\\/fvz.upr.si\\\/\"},{\"@type\":\"ListItem\",\"position\":2,\"name\":\"assoc. prof. dr. Katja Groleger Sr\u0161en \u2013 PhD TOPICS\"}]},{\"@type\":\"WebSite\",\"@id\":\"https:\\\/\\\/fvz.upr.si\\\/#website\",\"url\":\"https:\\\/\\\/fvz.upr.si\\\/\",\"name\":\"Fakulteta za vede o zdravju\",\"description\":\"\u017divljenju dodajamo znanje.\",\"publisher\":{\"@id\":\"https:\\\/\\\/fvz.upr.si\\\/#organization\"},\"potentialAction\":[{\"@type\":\"SearchAction\",\"target\":{\"@type\":\"EntryPoint\",\"urlTemplate\":\"https:\\\/\\\/fvz.upr.si\\\/?s={search_term_string}\"},\"query-input\":{\"@type\":\"PropertyValueSpecification\",\"valueRequired\":true,\"valueName\":\"search_term_string\"}}],\"inLanguage\":\"en-US\"},{\"@type\":\"Organization\",\"@id\":\"https:\\\/\\\/fvz.upr.si\\\/#organization\",\"name\":\"Fakulteta za vede o zdravju\",\"url\":\"https:\\\/\\\/fvz.upr.si\\\/\",\"logo\":{\"@type\":\"ImageObject\",\"inLanguage\":\"en-US\",\"@id\":\"https:\\\/\\\/fvz.upr.si\\\/#\\\/schema\\\/logo\\\/image\\\/\",\"url\":\"https:\\\/\\\/fvz.upr.si\\\/wp-content\\\/uploads\\\/2019\\\/03\\\/UP-FVZ_logo-transparent.png\",\"contentUrl\":\"https:\\\/\\\/fvz.upr.si\\\/wp-content\\\/uploads\\\/2019\\\/03\\\/UP-FVZ_logo-transparent.png\",\"width\":1417,\"height\":792,\"caption\":\"Fakulteta za vede o zdravju\"},\"image\":{\"@id\":\"https:\\\/\\\/fvz.upr.si\\\/#\\\/schema\\\/logo\\\/image\\\/\"}}]}<\/script>\n<!-- \/ Yoast SEO plugin. -->","yoast_head_json":{"title":"assoc. prof. dr. Katja Groleger Sr\u0161en \u2013 PhD TOPICS - Fakulteta za vede o zdravju","robots":{"index":"index","follow":"follow","max-snippet":"max-snippet:-1","max-image-preview":"max-image-preview:large","max-video-preview":"max-video-preview:-1"},"canonical":"https:\/\/fvz.upr.si\/en\/doktorska-tema-groleger-srsen\/","og_locale":"en_US","og_type":"article","og_title":"assoc. prof. dr. Katja Groleger Sr\u0161en \u2013 PhD TOPICS - Fakulteta za vede o zdravju","og_description":"Name and Surname: assist. prof. Katja Groleger Sr\u0161en, PhDLinks: ARIS 21592E-mail:katja.groleger@mf.uni-lj.si Research facility (research activity location) Univerzitetni rehabilitacijski in\u0161titut Republike Slovenije So\u010da (URI So\u010da) UP Fakulteta za vede o zdravju [&hellip;]","og_url":"https:\/\/fvz.upr.si\/en\/doktorska-tema-groleger-srsen\/","og_site_name":"Fakulteta za vede o zdravju","article_modified_time":"2026-04-21T12:17:39+00:00","twitter_card":"summary_large_image","schema":{"@context":"https:\/\/schema.org","@graph":[{"@type":"WebPage","@id":"https:\/\/fvz.upr.si\/en\/doktorska-tema-groleger-srsen\/","url":"https:\/\/fvz.upr.si\/en\/doktorska-tema-groleger-srsen\/","name":"assoc. prof. dr. Katja Groleger Sr\u0161en \u2013 PhD TOPICS - Fakulteta za vede o zdravju","isPartOf":{"@id":"https:\/\/fvz.upr.si\/#website"},"datePublished":"2026-04-21T11:47:48+00:00","dateModified":"2026-04-21T12:17:39+00:00","breadcrumb":{"@id":"https:\/\/fvz.upr.si\/en\/doktorska-tema-groleger-srsen\/#breadcrumb"},"inLanguage":"en-US","potentialAction":[{"@type":"ReadAction","target":["https:\/\/fvz.upr.si\/en\/doktorska-tema-groleger-srsen\/"]}]},{"@type":"BreadcrumbList","@id":"https:\/\/fvz.upr.si\/en\/doktorska-tema-groleger-srsen\/#breadcrumb","itemListElement":[{"@type":"ListItem","position":1,"name":"Home","item":"https:\/\/fvz.upr.si\/"},{"@type":"ListItem","position":2,"name":"assoc. prof. dr. Katja Groleger Sr\u0161en \u2013 PhD TOPICS"}]},{"@type":"WebSite","@id":"https:\/\/fvz.upr.si\/#website","url":"https:\/\/fvz.upr.si\/","name":"Fakulteta za vede o zdravju","description":"\u017divljenju dodajamo znanje.","publisher":{"@id":"https:\/\/fvz.upr.si\/#organization"},"potentialAction":[{"@type":"SearchAction","target":{"@type":"EntryPoint","urlTemplate":"https:\/\/fvz.upr.si\/?s={search_term_string}"},"query-input":{"@type":"PropertyValueSpecification","valueRequired":true,"valueName":"search_term_string"}}],"inLanguage":"en-US"},{"@type":"Organization","@id":"https:\/\/fvz.upr.si\/#organization","name":"Fakulteta za vede o zdravju","url":"https:\/\/fvz.upr.si\/","logo":{"@type":"ImageObject","inLanguage":"en-US","@id":"https:\/\/fvz.upr.si\/#\/schema\/logo\/image\/","url":"https:\/\/fvz.upr.si\/wp-content\/uploads\/2019\/03\/UP-FVZ_logo-transparent.png","contentUrl":"https:\/\/fvz.upr.si\/wp-content\/uploads\/2019\/03\/UP-FVZ_logo-transparent.png","width":1417,"height":792,"caption":"Fakulteta za vede o zdravju"},"image":{"@id":"https:\/\/fvz.upr.si\/#\/schema\/logo\/image\/"}}]}},"ticketed":false,"_links":{"self":[{"href":"https:\/\/fvz.upr.si\/en\/wp-json\/wp\/v2\/pages\/109432","targetHints":{"allow":["GET"]}}],"collection":[{"href":"https:\/\/fvz.upr.si\/en\/wp-json\/wp\/v2\/pages"}],"about":[{"href":"https:\/\/fvz.upr.si\/en\/wp-json\/wp\/v2\/types\/page"}],"author":[{"embeddable":true,"href":"https:\/\/fvz.upr.si\/en\/wp-json\/wp\/v2\/users\/12"}],"replies":[{"embeddable":true,"href":"https:\/\/fvz.upr.si\/en\/wp-json\/wp\/v2\/comments?post=109432"}],"version-history":[{"count":5,"href":"https:\/\/fvz.upr.si\/en\/wp-json\/wp\/v2\/pages\/109432\/revisions"}],"predecessor-version":[{"id":109448,"href":"https:\/\/fvz.upr.si\/en\/wp-json\/wp\/v2\/pages\/109432\/revisions\/109448"}],"wp:attachment":[{"href":"https:\/\/fvz.upr.si\/en\/wp-json\/wp\/v2\/media?parent=109432"}],"curies":[{"name":"wp","href":"https:\/\/api.w.org\/{rel}","templated":true}]}}